{"id":1025666,"date":"2023-04-18T15:51:26","date_gmt":"2023-04-18T15:51:26","guid":{"rendered":"https:\/\/themeter.it\/politica-de-privacidad\/"},"modified":"2025-01-20T08:18:33","modified_gmt":"2025-01-20T08:18:33","slug":"politica-de-privacidad","status":"publish","type":"page","link":"https:\/\/themeter.assistenzawponline.net\/es\/politica-de-privacidad\/","title":{"rendered":"Pol\u00edtica de privacidad"},"content":{"rendered":"<div class=\"wpb-content-wrapper\"><p>[vc_row padding_top_multiplier=&#8221;4x&#8221; padding_bottom_multiplier=&#8221;3x&#8221;][vc_column][vc_row_inner][vc_column_inner][vc_column_text]<\/p>\n<h1>Pol\u00edtica de privacidad<\/h1>\n<p>[\/vc_column_text]<div class=\"grve-empty-space grve-height-3x\"><\/div>[\/vc_column_inner][\/vc_row_inner][\/vc_column][vc_column][vc_column_text]<\/p>\n<h3>Archivos de registro<\/h3>\n<p>Como muchos otros sitios web, el nuestro utiliza archivos de registro. Estos archivos se limitan a registrar a los visitantes del sitio, lo que suele ser un procedimiento est\u00e1ndar de las empresas de alojamiento y los servicios de an\u00e1lisis de alojamiento.<\/p>\n<p>La informaci\u00f3n contenida en los archivos de registro incluye direcciones de protocolo de Internet (IP), tipo de navegador, proveedor de servicios de Internet (ISP), informaci\u00f3n como fecha y hora, p\u00e1ginas de referencia, p\u00e1ginas de salida y entrada o el n\u00famero de clics.<\/p>\n<p>Esta informaci\u00f3n se utiliza para analizar tendencias, administrar el sitio, controlar el movimiento de los usuarios en el sitio y recopilar informaci\u00f3n demogr\u00e1fica. Las direcciones IP y otros datos no est\u00e1n vinculados a informaci\u00f3n personal identificable, por lo que todos los datos se recogen de forma absolutamente an\u00f3nima.<\/p>\n<h3>Este sitio web utiliza cookies<\/h3>\n<p>Las cookies son peque\u00f1os archivos de texto que se colocan autom\u00e1ticamente en el ordenador del internauta dentro del navegador. Contienen informaci\u00f3n b\u00e1sica sobre la navegaci\u00f3n por Internet y son reconocidas por el navegador cada vez que el usuario visita el sitio.<\/p>\n<h3>Pol\u00edtica de cookies<\/h3>\n<p>Este sitio utiliza cookies, incluidas las de terceros, para mejorar la experiencia de navegaci\u00f3n, permitir a los internautas aprovechar cualquier servicio en l\u00ednea y supervisar la navegaci\u00f3n por el sitio.<\/p>\n<h3>C\u00f3mo desactivar las cookies<\/h3>\n<p>Es posible desactivar las cookies directamente desde el navegador utilizado, accediendo a la configuraci\u00f3n (preferencias u opciones): esta elecci\u00f3n puede limitar algunas funciones de navegaci\u00f3n del sitio.<\/p>\n<h3>Gesti\u00f3n de cookies<\/h3>\n<p>Las cookies utilizadas en este sitio pueden pertenecer a las categor\u00edas que se describen a continuaci\u00f3n.<\/p>\n<p>Actividades estrictamente necesarias para el funcionamiento<br \/>\nEstas cookies son de car\u00e1cter t\u00e9cnico y permiten que el sitio funcione correctamente. Por ejemplo, mantienen al usuario conectado mientras navega impidiendo que el sitio web le exija conectarse varias veces para acceder a las p\u00e1ginas siguientes.<\/p>\n<h3>Guardar preferencias<\/h3>\n<p>Estas cookies permiten recordar las preferencias seleccionadas por el usuario durante la navegaci\u00f3n, por ejemplo, le permiten configurar el idioma.<br \/>\nActividades estad\u00edsticas y de medici\u00f3n de audiencias (por ejemplo, Google Analytics)<br \/>\nEstas cookies nos ayudan a entender, a trav\u00e9s de datos an\u00f3nimos y agregados, c\u00f3mo interact\u00faan los usuarios con los sitios web, proporcionando informaci\u00f3n sobre las secciones visitadas, el tiempo de permanencia en el sitio, cualquier mal funcionamiento. Esto ayuda a mejorar el rendimiento de los sitios web.<\/p>\n<p>Cookies de redes sociales (por ejemplo, Facebook)<\/p>\n<p>Estas cookies de terceros se utilizan para integrar algunas funciones populares de las redes sociales y ofrecerlas dentro del sitio. En particular, permiten el registro y la autenticaci\u00f3n en el sitio a trav\u00e9s de facebook y google connect, compartir y comentar las p\u00e1ginas del sitio en las redes sociales, y habilitan la funci\u00f3n &#8220;me gusta&#8221; en Facebook y la funci\u00f3n &#8220;+1\u2033 en G+.<br \/>\nTerceros proveedores<br \/>\nLos proveedores de terceros, incluido Google, utilizan cookies para publicar anuncios basados en las visitas anteriores de un usuario a este sitio.<\/p>\n<p>El uso de cookies publicitarias permite a Google y a sus socios publicar anuncios a los usuarios de este sitio (y en otros sitios) en funci\u00f3n de los datos estad\u00edsticos recopilados en este sitio y en los sitios web de los socios de Google.<\/p>\n<p>Los usuarios pueden optar por desactivar la publicidad personalizada visitando la p\u00e1gina de configuraci\u00f3n de anuncios.<\/p>\n<p>Visitando www.aboutads.info puede desactivar las cookies de terceros proveedores.<\/p>\n<h3>Nuestros socios publicitarios<\/h3>\n<p>Algunos de nuestros socios publicitarios pueden utilizar cookies en nuestro sitio para recopilar datos sobre la navegaci\u00f3n de los usuarios de forma an\u00f3nima. Entre nuestros socios publicitarios figuran:<\/p>\n<p>Terceros proveedores operan redes publicitarias que utilizan tecnolog\u00eda de cookies en sus anuncios y enlaces que aparecen en nuestro sitio. De este modo, los anuncios se env\u00edan directamente a su navegador. Recibir\u00e1n autom\u00e1ticamente tu direcci\u00f3n IP. Otras tecnolog\u00edas (como cookies o JavaScript) tambi\u00e9n pueden ser utilizadas por redes publicitarias de terceros en nuestro sitio para medir la eficacia de sus campa\u00f1as publicitarias y\/o personalizar el contenido publicitario que usted ve en el sitio.<\/p>\n<p>Nuestro sitio no tiene acceso ni controla estas cookies utilizadas por terceros anunciantes.<\/p>\n<h3>Pol\u00edtica de privacidad de terceros<\/h3>\n<p>Debe consultar las respectivas pol\u00edticas de privacidad de estos servidores de terceros para obtener m\u00e1s informaci\u00f3n sobre sus pr\u00e1cticas y para obtener instrucciones sobre c\u00f3mo desactivar determinadas pr\u00e1cticas.<\/p>\n<p>Nuestra pol\u00edtica de privacidad no se aplica a terceros proveedores y socios publicitarios, y no podemos controlar las actividades de esos otros anunciantes o sitios web.<\/p>\n<p>Si desea desactivar las cookies, puede hacerlo a trav\u00e9s de las opciones individuales de su navegador. Encontrar\u00e1 m\u00e1s informaci\u00f3n sobre la gesti\u00f3n de cookies con navegadores espec\u00edficos en los sitios web de los respectivos navegadores<\/p>\n<h3>Finalidad del tratamiento<\/h3>\n<p>Los datos pueden recogerse para uno o varios de los siguientes fines:<\/p>\n<p>facilitar el acceso a \u00e1reas restringidas del Portal y de Portales\/Sitios vinculados a \u00e9ste y al env\u00edo de comunicaciones, tambi\u00e9n de car\u00e1cter comercial, noticias, actualizaciones sobre las iniciativas de este sitio y de sus filiales y\/o afiliados y\/o Patrocinadores<br \/>\ncualquier cesi\u00f3n a terceros de los mencionados datos, siempre con la finalidad de realizar campa\u00f1as de email marketing y env\u00edo de comunicaciones de car\u00e1cter comercial.<br \/>\nel cumplimiento de las obligaciones previstas por las leyes o reglamentos;<br \/>\nla gesti\u00f3n de contactos;<\/p>\n<h3>Modalidades de tratamiento<\/h3>\n<p>Los datos se tratar\u00e1n de las siguientes maneras:<\/p>\n<p>recogida de datos en una sola operaci\u00f3n, en una base de datos especial<br \/>\nregistro y tratamiento en papel y\/o soportes magn\u00e9ticos<br \/>\norganizaci\u00f3n de archivos de forma principalmente automatizada, de conformidad con el Reglamento T\u00e9cnico sobre medidas m\u00ednimas de seguridad, Anexo B del C\u00f3digo de Privacidad.<br \/>\nCar\u00e1cter obligatorio<br \/>\nTodos los datos solicitados son obligatorios.<\/p>\n<p>Personas a las que pueden comunicarse los datos<br \/>\nLos datos recogidos podr\u00e1n comunicarse a<\/p>\n<p>sociedades y empresas de publicidad directa o actividades similares;<br \/>\nasociaciones y fundaciones que deseen adquirir espacios publicitarios en listas o en el sitio y\/o vinculados a la prestaci\u00f3n de un servicio determinado.<br \/>\npartes que deban tener acceso a los datos, en virtud de disposiciones legales o reglamentos secundarios y\/o de la UE.<\/p>\n<h3>Derechos del interesado<\/h3>\n<p>De conformidad con el art. 7 (Derecho de acceso a los datos personales y otros derechos) del C\u00f3digo de Privacidad, nos gustar\u00eda informarle de que sus derechos en relaci\u00f3n con el tratamiento de datos son:<\/p>\n<p>conocer, mediante libre acceso, la existencia de operaciones de tratamiento de datos que puedan afectarle;<br \/>\nser informado de la naturaleza y la finalidad del tratamiento<br \/>\nobtenida por el titular sin demora:<br \/>\nla confirmaci\u00f3n de la existencia o inexistencia de datos personales que le conciernen, aunque a\u00fan no se hayan registrado, y la comunicaci\u00f3n en forma inteligible de dichos datos y de su origen, as\u00ed como de la l\u00f3gica y las finalidades en las que se basa el tratamiento; la solicitud podr\u00e1 renovarse, siempre que existan motivos justificados, con un intervalo no inferior a noventa d\u00edas;<br \/>\nla cancelaci\u00f3n, la transformaci\u00f3n en forma an\u00f3nima o el bloqueo de los datos tratados infringiendo la ley, incluidos aquellos cuya conservaci\u00f3n no sea necesaria en relaci\u00f3n con los fines para los que fueron recogidos o posteriormente tratados;<br \/>\nactualizaci\u00f3n, rectificaci\u00f3n o, si le interesa, integraci\u00f3n de los datos existentes;<br \/>\noponerse, total o parcialmente, por motivos leg\u00edtimos, al tratamiento de los datos personales que le conciernen, aunque sean pertinentes para el objetivo de la recogida;<br \/>\nTenga en cuenta que el responsable del tratamiento de datos a todos los efectos legales es:<\/p>\n<p>T<strong>HE METER s.r.l. <\/strong>societ\u00e0 unipersonale SALITA DI SAN MATTEO 19 &#8211; 16123 GINEBRA P.I. \/ C.F. 02289950996 TEL.FAX.<br \/>\n010 247 33 85 PEC:<br \/>\nTHEMETER@PEC.IT CONTACT@THEMETER.IT <\/p>\n<p>Para ejercer sus derechos en virtud del art. 7 del C\u00f3digo de Privacidad o para que se eliminen sus datos del archivo, s\u00f3lo tiene que ponerse en contacto con nosotros a trav\u00e9s de uno de los canales previstos.<\/p>\n<p>Todos los datos est\u00e1n protegidos mediante antivirus, cortafuegos y protecci\u00f3n por contrase\u00f1a.<\/p>\n<h3>Informaci\u00f3n para la protecci\u00f3n de menores<\/h3>\n<p>Consideramos importante ofrecer una mayor protecci\u00f3n a los ni\u00f1os en Internet. Animamos a los padres y tutores a pasar tiempo en l\u00ednea con sus hijos para observar, participar y\/o supervisar y guiar su actividad en l\u00ednea. No recogemos datos personales de menores. Si un padre o tutor cree que nuestro sitio tiene informaci\u00f3n personal de un ni\u00f1o en su base de datos, p\u00f3ngase en contacto con nosotros inmediatamente (utilizando el correo electr\u00f3nico proporcionado) y haremos todo lo posible para eliminar esa informaci\u00f3n lo antes posible.<\/p>\n<p>Esta pol\u00edtica de privacidad se aplica \u00fanicamente a nuestras actividades en l\u00ednea y se aplica a los visitantes de nuestro sitio web y a la informaci\u00f3n compartida y\/o recopilada. Esta pol\u00edtica no se aplica a ninguna informaci\u00f3n recopilada fuera de l\u00ednea o a trav\u00e9s de canales distintos de este sitio web.<\/p>\n<h3>Consentimiento<\/h3>\n<p>Al utilizar nuestro sitio web, usted da su consentimiento a nuestra pol\u00edtica de privacidad y acepta sus condiciones. Si desea m\u00e1s informaci\u00f3n o tiene alguna pregunta sobre nuestra pol\u00edtica de privacidad, no dude en ponerse en contacto con nosotros.[\/vc_column_text][\/vc_column][\/vc_row]<\/p>\n<\/div>","protected":false},"excerpt":{"rendered":"<p>[vc_row padding_top_multiplier=&#8221;4x&#8221; padding_bottom_multiplier=&#8221;3x&#8221;][vc_column][vc_row_inner][vc_column_inner][vc_column_text] Pol\u00edtica de privacidad [\/vc_column_text][\/vc_column_inner][\/vc_row_inner][\/vc_column][vc_column][vc_column_text] Archivos de registro Como muchos otros sitios web, el nuestro utiliza archivos de registro. Estos archivos se limitan a registrar a los visitantes del sitio, lo que suele ser un procedimiento est\u00e1ndar de las empresas de alojamiento y los servicios de an\u00e1lisis de alojamiento. La informaci\u00f3n contenida en [&hellip;]<\/p>\n","protected":false},"author":13,"featured_media":0,"parent":0,"menu_order":0,"comment_status":"closed","ping_status":"closed","template":"","meta":{"inline_featured_image":false,"footnotes":""},"class_list":["post-1025666","page","type-page","status-publish","hentry","grve-entry-item"],"_links":{"self":[{"href":"https:\/\/themeter.assistenzawponline.net\/es\/wp-json\/wp\/v2\/pages\/1025666","targetHints":{"allow":["GET"]}}],"collection":[{"href":"https:\/\/themeter.assistenzawponline.net\/es\/wp-json\/wp\/v2\/pages"}],"about":[{"href":"https:\/\/themeter.assistenzawponline.net\/es\/wp-json\/wp\/v2\/types\/page"}],"author":[{"embeddable":true,"href":"https:\/\/themeter.assistenzawponline.net\/es\/wp-json\/wp\/v2\/users\/13"}],"replies":[{"embeddable":true,"href":"https:\/\/themeter.assistenzawponline.net\/es\/wp-json\/wp\/v2\/comments?post=1025666"}],"version-history":[{"count":0,"href":"https:\/\/themeter.assistenzawponline.net\/es\/wp-json\/wp\/v2\/pages\/1025666\/revisions"}],"wp:attachment":[{"href":"https:\/\/themeter.assistenzawponline.net\/es\/wp-json\/wp\/v2\/media?parent=1025666"}],"curies":[{"name":"wp","href":"https:\/\/api.w.org\/{rel}","templated":true}]}}