{"id":1025672,"date":"2023-04-14T15:31:59","date_gmt":"2023-04-14T15:31:59","guid":{"rendered":"https:\/\/themeter.it\/aplicacion\/"},"modified":"2025-02-07T10:29:46","modified_gmt":"2025-02-07T10:29:46","slug":"aplicacion","status":"publish","type":"page","link":"https:\/\/themeter.assistenzawponline.net\/es\/aplicacion\/","title":{"rendered":"APP"},"content":{"rendered":"<div class=\"wpb-content-wrapper\"><p>[vc_row][vc_column]<div class=\"grve-empty-space grve-height-3x\"><\/div>[\/vc_column][vc_column width=&#8221;1\/2&#8243;]<h1 class=\"grve-element grve-title grve-align-inherit grve-h2\"><span>VELOCIDAD AL <strong>ALCANCE DE TU MANO<\/strong><\/span><\/h1>[vc_column_text]<span style=\"font-weight: 400;\">Con la App<\/span> <b>The Meter<\/b> <span style=\"font-weight: 400;\">puedes gestionar tus aparatos c\u00f3modamente desde varios smartphones o tablets, <\/span><b>sin necesidad de suscripciones<\/b><span style=\"font-weight: 400;\">. A trav\u00e9s de Bluetooth, el dispositivo es capaz de funcionar incluso en ausencia de conexi\u00f3n a Internet.  <\/span><\/p>\n<ul>\n<li><b>Simple y intuitiva<\/b><\/li>\n<li><span style=\"font-weight: 400;\">Pasos r\u00e1pidos que garantizan al usuario <\/span><b><i>un trabajo r\u00e1pido y preciso<\/i><\/b><\/li>\n<li><b>Compartici\u00f3n inmediata de datos<\/b><\/li>\n<li><b>Exportaci\u00f3n en formato .dxf multilayer<\/b><\/li>\n<li><span style=\"font-weight: 400;\">Almacenamiento directamente en tu smartphone<\/span><\/li>\n<li><span style=\"font-weight: 400;\">Conexi\u00f3n por Bluetooth<\/span><\/li>\n<li style=\"list-style-type: none;\">\n<\/li>\n<\/ul>\n<p><span style=\"font-weight: 400;\">Con la aplicaci\u00f3n <\/span><b>The Meter Doctor<\/b><span style=\"font-weight: 400;\"> puede realizar actualizaciones de firmware de los dispositivos The Meter y solicitar asistencia.<\/span>[\/vc_column_text]<div class=\"grve-empty-space grve-height-1x\"><\/div><h3 class=\"grve-element grve-title grve-align-left grve-h5 grve-text-primary-3\"><span>Disponible en<\/span><\/h3><div class=\"grve-empty-space grve-height-1x\"><\/div>[vc_row_inner][vc_column_inner width=&#8221;1\/3&#8243;]<div class=\"grve-element grve-image grve-align-left\">\r\n\t<div class=\"grve-image-item\">\r\n\t\t\n\n<div class=\"grve-image-wrapper grve-no-effect\">\n\t\t<a href=\"https:\/\/play.google.com\/store\/apps\/details?id=com.officineiadr.themeter_v3&#038;hl=it&#038;gl=US&#038;pli=1\" target=\"_blank\"><span class=\"screen-reader-text\">More<\/span>\t\t<div class=\"grve-thumbnail-wrapper\"  style=\"width: 148px;\"><div class=\"grve-thumbnail\"  style=\"padding-top: 33.108%;\"><img loading=\"lazy\" decoding=\"async\" width=\"148\" height=\"49\" src=\"https:\/\/themeter.assistenzawponline.net\/wp-content\/uploads\/GOOGLE_Badge_IT1x-copia.webp\" class=\"attachment-full size-full grve-lazy-load lazyload\" alt=\"Disponibile su Google Play\" data-column-space=\"auto\" data-lazyload=\"\" data-grve-filter=\"yes\" data-src=\"https:\/\/themeter.assistenzawponline.net\/wp-content\/uploads\/GOOGLE_Badge_IT1x-copia.webp\" data-sizes=\"auto\" data-srcset=\"\" data-expand=\"1\" \/><\/div><\/div>\t<\/a><\/div>\n\t<\/div>\r\n<\/div>\r\n[\/vc_column_inner][vc_column_inner width=&#8221;1\/3&#8243;]<div class=\"grve-element grve-image grve-align-left\">\r\n\t<div class=\"grve-image-item\">\r\n\t\t\n\n<div class=\"grve-image-wrapper grve-no-effect\">\n\t\t<a href=\"https:\/\/apps.apple.com\/it\/app\/the-meter\/id1550791647?l=en\" target=\"_blank\"><span class=\"screen-reader-text\">More<\/span>\t\t<div class=\"grve-thumbnail-wrapper\"  style=\"width: 148px;\"><div class=\"grve-thumbnail\"  style=\"padding-top: 33.108%;\"><img loading=\"lazy\" decoding=\"async\" width=\"148\" height=\"49\" src=\"https:\/\/themeter.assistenzawponline.net\/wp-content\/uploads\/APPLE_Badge_IT1x-copia.webp\" class=\"attachment-full size-full grve-lazy-load lazyload\" alt=\"Scarica su App Store\" data-column-space=\"auto\" data-lazyload=\"\" data-grve-filter=\"yes\" data-src=\"https:\/\/themeter.assistenzawponline.net\/wp-content\/uploads\/APPLE_Badge_IT1x-copia.webp\" data-sizes=\"auto\" data-srcset=\"\" data-expand=\"1\" \/><\/div><\/div>\t<\/a><\/div>\n\t<\/div>\r\n<\/div>\r\n[\/vc_column_inner][vc_column_inner width=&#8221;1\/3&#8243;][\/vc_column_inner][\/vc_row_inner][\/vc_column][vc_column width=&#8221;1\/2&#8243; full_height=&#8221;yes&#8221; rc_bg_type=&#8221;image&#8221; rc_bg_image=&#8221;1031250&#8243;][\/vc_column][\/vc_row][vc_row section_type=&#8221;fullwidth&#8221;][vc_column]<div class=\"grve-element grve-carousel grve-image-carousel\">\r\n\t<div class=\"grve-carousel-wrapper\">\r\n\t\t\t<div class=\"grve-carousel-navigation grve-navigation-arrow-1\">\n\t\t<div class=\"grve-carousel-buttons\">\n\t\t\t<div class=\"grve-carousel-prev\"><div class=\"grve-svg-icon grve-direction-left grve-arrow-1 grve-svg-black grve-with-shape grve-circle grve-bg-white\">\t\t\t<svg width=\"12px\" height=\"12px\" viewBox=\"0 0 12 12\">\n\t\t\t\t<polygon points=\"3.6 0 10 6 3.6 12 2 10.5 6.8 6 2 1.5\"><\/polygon>\n\t\t\t<\/svg>\n\t\t\t<\/div><\/div>\n\t\t\t<div class=\"grve-carousel-next\"><div class=\"grve-svg-icon grve-direction-right grve-arrow-1 grve-svg-black grve-with-shape grve-circle grve-bg-white\">\t\t\t<svg width=\"12px\" height=\"12px\" viewBox=\"0 0 12 12\">\n\t\t\t\t<polygon points=\"3.6 0 10 6 3.6 12 2 10.5 6.8 6 2 1.5\"><\/polygon>\n\t\t\t<\/svg>\n\t\t\t<\/div><\/div>\n\t\t<\/div>\n\t<\/div>\n\t\t<div data-items=\"6\" data-items-tablet-landscape=\"4\" data-items-tablet-portrait=\"4\" data-items-mobile=\"3\" data-pagination=\"no\" data-slider-autoplay=\"yes\" data-slider-loop=\"yes\" data-slider-autoheight=\"no\" data-stage-padding=\"0\" data-slider-speed=\"3000\" data-slider-pause=\"no\" data-pagination-speed=\"400\" data-gutter-size=\"30\" class=\"grve-carousel-element grve-gallery-popup grve-with-gap grve-classic-carousel\">\r\n\r\n\t\t\t<div class=\"grve-entry-item grve-carousel-item\">\r\n\t\t\t\t<div class=\"grve-image-item\">\r\n\t\t\t\t\t<div class=\"grve-hover-item grve-hover-style-1\">\n\t<div class=\"grve-image-hover grve-media\">\n\t\t\t\t<a class=\"grve-item-url\" href=\"https:\/\/themeter.assistenzawponline.net\/wp-content\/uploads\/ScreenSito_TheMeter8-copia.webp\"><span class=\"screen-reader-text\">More<\/span><\/a>\n\t\t\t\t<div class=\"grve-thumbnail-wrapper\"><div class=\"grve-thumbnail\"  style=\"padding-top: 198.104%;\"><img loading=\"lazy\" decoding=\"async\" width=\"211\" height=\"418\" src=\"https:\/\/themeter.assistenzawponline.net\/wp-content\/uploads\/ScreenSito_TheMeter8-copia.webp\" class=\"attachment-impeka-grve-small-rect-horizontal size-impeka-grve-small-rect-horizontal grve-lazy-load lazyload\" alt=\"\" data-column-space=\"100\" data-lazyload=\"\" data-grve-filter=\"yes\" data-src=\"https:\/\/themeter.assistenzawponline.net\/wp-content\/uploads\/ScreenSito_TheMeter8-copia.webp\" data-sizes=\"auto\" data-srcset=\"\" data-expand=\"1\" \/><\/div><\/div>\t\t\t\t<div class=\"grve-bg-black grve-hover-overlay grve-opacity-30\"><\/div>\n\t\t\t<\/div>\n\t<\/div>\n\t\t\t\t<\/div>\r\n\t\t\t<\/div>\r\n\r\n\t\t\t<div class=\"grve-entry-item grve-carousel-item\">\r\n\t\t\t\t<div class=\"grve-image-item\">\r\n\t\t\t\t\t<div class=\"grve-hover-item grve-hover-style-1\">\n\t<div class=\"grve-image-hover grve-media\">\n\t\t\t\t<a class=\"grve-item-url\" href=\"https:\/\/themeter.assistenzawponline.net\/wp-content\/uploads\/ScreenSito_TheMeter7-copia.webp\"><span class=\"screen-reader-text\">More<\/span><\/a>\n\t\t\t\t<div class=\"grve-thumbnail-wrapper\"><div class=\"grve-thumbnail\"  style=\"padding-top: 198.104%;\"><img loading=\"lazy\" decoding=\"async\" width=\"211\" height=\"418\" src=\"https:\/\/themeter.assistenzawponline.net\/wp-content\/uploads\/ScreenSito_TheMeter7-copia.webp\" class=\"attachment-impeka-grve-small-rect-horizontal size-impeka-grve-small-rect-horizontal grve-lazy-load lazyload\" alt=\"\" data-column-space=\"100\" data-lazyload=\"\" data-grve-filter=\"yes\" data-src=\"https:\/\/themeter.assistenzawponline.net\/wp-content\/uploads\/ScreenSito_TheMeter7-copia.webp\" data-sizes=\"auto\" data-srcset=\"\" data-expand=\"1\" \/><\/div><\/div>\t\t\t\t<div class=\"grve-bg-black grve-hover-overlay grve-opacity-30\"><\/div>\n\t\t\t<\/div>\n\t<\/div>\n\t\t\t\t<\/div>\r\n\t\t\t<\/div>\r\n\r\n\t\t\t<div class=\"grve-entry-item grve-carousel-item\">\r\n\t\t\t\t<div class=\"grve-image-item\">\r\n\t\t\t\t\t<div class=\"grve-hover-item grve-hover-style-1\">\n\t<div class=\"grve-image-hover grve-media\">\n\t\t\t\t<a class=\"grve-item-url\" href=\"https:\/\/themeter.assistenzawponline.net\/wp-content\/uploads\/ScreenSito_TheMeter6-copia.webp\"><span class=\"screen-reader-text\">More<\/span><\/a>\n\t\t\t\t<div class=\"grve-thumbnail-wrapper\"><div class=\"grve-thumbnail\"  style=\"padding-top: 198.104%;\"><img loading=\"lazy\" decoding=\"async\" width=\"211\" height=\"418\" src=\"https:\/\/themeter.assistenzawponline.net\/wp-content\/uploads\/ScreenSito_TheMeter6-copia.webp\" class=\"attachment-impeka-grve-small-rect-horizontal size-impeka-grve-small-rect-horizontal grve-lazy-load lazyload\" alt=\"\" data-column-space=\"100\" data-lazyload=\"\" data-grve-filter=\"yes\" data-src=\"https:\/\/themeter.assistenzawponline.net\/wp-content\/uploads\/ScreenSito_TheMeter6-copia.webp\" data-sizes=\"auto\" data-srcset=\"\" data-expand=\"1\" \/><\/div><\/div>\t\t\t\t<div class=\"grve-bg-black grve-hover-overlay grve-opacity-30\"><\/div>\n\t\t\t<\/div>\n\t<\/div>\n\t\t\t\t<\/div>\r\n\t\t\t<\/div>\r\n\r\n\t\t\t<div class=\"grve-entry-item grve-carousel-item\">\r\n\t\t\t\t<div class=\"grve-image-item\">\r\n\t\t\t\t\t<div class=\"grve-hover-item grve-hover-style-1\">\n\t<div class=\"grve-image-hover grve-media\">\n\t\t\t\t<a class=\"grve-item-url\" href=\"https:\/\/themeter.assistenzawponline.net\/wp-content\/uploads\/ScreenSito_TheMeter5-copia.webp\"><span class=\"screen-reader-text\">More<\/span><\/a>\n\t\t\t\t<div class=\"grve-thumbnail-wrapper\"><div class=\"grve-thumbnail\"  style=\"padding-top: 198.104%;\"><img loading=\"lazy\" decoding=\"async\" width=\"211\" height=\"418\" src=\"https:\/\/themeter.assistenzawponline.net\/wp-content\/uploads\/ScreenSito_TheMeter5-copia.webp\" class=\"attachment-impeka-grve-small-rect-horizontal size-impeka-grve-small-rect-horizontal grve-lazy-load lazyload\" alt=\"\" data-column-space=\"100\" data-lazyload=\"\" data-grve-filter=\"yes\" data-src=\"https:\/\/themeter.assistenzawponline.net\/wp-content\/uploads\/ScreenSito_TheMeter5-copia.webp\" data-sizes=\"auto\" data-srcset=\"\" data-expand=\"1\" \/><\/div><\/div>\t\t\t\t<div class=\"grve-bg-black grve-hover-overlay grve-opacity-30\"><\/div>\n\t\t\t<\/div>\n\t<\/div>\n\t\t\t\t<\/div>\r\n\t\t\t<\/div>\r\n\r\n\t\t\t<div class=\"grve-entry-item grve-carousel-item\">\r\n\t\t\t\t<div class=\"grve-image-item\">\r\n\t\t\t\t\t<div class=\"grve-hover-item grve-hover-style-1\">\n\t<div class=\"grve-image-hover grve-media\">\n\t\t\t\t<a class=\"grve-item-url\" href=\"https:\/\/themeter.assistenzawponline.net\/wp-content\/uploads\/ScreenSito_TheMeter4-copia.webp\"><span class=\"screen-reader-text\">More<\/span><\/a>\n\t\t\t\t<div class=\"grve-thumbnail-wrapper\"><div class=\"grve-thumbnail\"  style=\"padding-top: 197.63%;\"><img loading=\"lazy\" decoding=\"async\" width=\"211\" height=\"417\" src=\"https:\/\/themeter.assistenzawponline.net\/wp-content\/uploads\/ScreenSito_TheMeter4-copia.webp\" class=\"attachment-impeka-grve-small-rect-horizontal size-impeka-grve-small-rect-horizontal grve-lazy-load lazyload\" alt=\"\" data-column-space=\"100\" data-lazyload=\"\" data-grve-filter=\"yes\" data-src=\"https:\/\/themeter.assistenzawponline.net\/wp-content\/uploads\/ScreenSito_TheMeter4-copia.webp\" data-sizes=\"auto\" data-srcset=\"\" data-expand=\"1\" \/><\/div><\/div>\t\t\t\t<div class=\"grve-bg-black grve-hover-overlay grve-opacity-30\"><\/div>\n\t\t\t<\/div>\n\t<\/div>\n\t\t\t\t<\/div>\r\n\t\t\t<\/div>\r\n\r\n\t\t\t<div class=\"grve-entry-item grve-carousel-item\">\r\n\t\t\t\t<div class=\"grve-image-item\">\r\n\t\t\t\t\t<div class=\"grve-hover-item grve-hover-style-1\">\n\t<div class=\"grve-image-hover grve-media\">\n\t\t\t\t<a class=\"grve-item-url\" href=\"https:\/\/themeter.assistenzawponline.net\/wp-content\/uploads\/ScreenSito_TheMeter3-copia.webp\"><span class=\"screen-reader-text\">More<\/span><\/a>\n\t\t\t\t<div class=\"grve-thumbnail-wrapper\"><div class=\"grve-thumbnail\"  style=\"padding-top: 197.63%;\"><img loading=\"lazy\" decoding=\"async\" width=\"211\" height=\"417\" src=\"https:\/\/themeter.assistenzawponline.net\/wp-content\/uploads\/ScreenSito_TheMeter3-copia.webp\" class=\"attachment-impeka-grve-small-rect-horizontal size-impeka-grve-small-rect-horizontal grve-lazy-load lazyload\" alt=\"\" data-column-space=\"100\" data-lazyload=\"\" data-grve-filter=\"yes\" data-src=\"https:\/\/themeter.assistenzawponline.net\/wp-content\/uploads\/ScreenSito_TheMeter3-copia.webp\" data-sizes=\"auto\" data-srcset=\"\" data-expand=\"1\" \/><\/div><\/div>\t\t\t\t<div class=\"grve-bg-black grve-hover-overlay grve-opacity-30\"><\/div>\n\t\t\t<\/div>\n\t<\/div>\n\t\t\t\t<\/div>\r\n\t\t\t<\/div>\r\n\r\n\t\t\t<div class=\"grve-entry-item grve-carousel-item\">\r\n\t\t\t\t<div class=\"grve-image-item\">\r\n\t\t\t\t\t<div class=\"grve-hover-item grve-hover-style-1\">\n\t<div class=\"grve-image-hover grve-media\">\n\t\t\t\t<a class=\"grve-item-url\" href=\"https:\/\/themeter.assistenzawponline.net\/wp-content\/uploads\/ScreenSito_TheMeter2-copia.webp\"><span class=\"screen-reader-text\">More<\/span><\/a>\n\t\t\t\t<div class=\"grve-thumbnail-wrapper\"><div class=\"grve-thumbnail\"  style=\"padding-top: 197.63%;\"><img loading=\"lazy\" decoding=\"async\" width=\"211\" height=\"417\" src=\"https:\/\/themeter.assistenzawponline.net\/wp-content\/uploads\/ScreenSito_TheMeter2-copia.webp\" class=\"attachment-impeka-grve-small-rect-horizontal size-impeka-grve-small-rect-horizontal grve-lazy-load lazyload\" alt=\"\" data-column-space=\"100\" data-lazyload=\"\" data-grve-filter=\"yes\" data-src=\"https:\/\/themeter.assistenzawponline.net\/wp-content\/uploads\/ScreenSito_TheMeter2-copia.webp\" data-sizes=\"auto\" data-srcset=\"\" data-expand=\"1\" \/><\/div><\/div>\t\t\t\t<div class=\"grve-bg-black grve-hover-overlay grve-opacity-30\"><\/div>\n\t\t\t<\/div>\n\t<\/div>\n\t\t\t\t<\/div>\r\n\t\t\t<\/div>\r\n\r\n\t\t\t<div class=\"grve-entry-item grve-carousel-item\">\r\n\t\t\t\t<div class=\"grve-image-item\">\r\n\t\t\t\t\t<div class=\"grve-hover-item grve-hover-style-1\">\n\t<div class=\"grve-image-hover grve-media\">\n\t\t\t\t<a class=\"grve-item-url\" href=\"https:\/\/themeter.assistenzawponline.net\/wp-content\/uploads\/ScreenSito_TheMeter1-copia.webp\"><span class=\"screen-reader-text\">More<\/span><\/a>\n\t\t\t\t<div class=\"grve-thumbnail-wrapper\"><div class=\"grve-thumbnail\"  style=\"padding-top: 197.63%;\"><img loading=\"lazy\" decoding=\"async\" width=\"211\" height=\"417\" src=\"https:\/\/themeter.assistenzawponline.net\/wp-content\/uploads\/ScreenSito_TheMeter1-copia.webp\" class=\"attachment-impeka-grve-small-rect-horizontal size-impeka-grve-small-rect-horizontal grve-lazy-load lazyload\" alt=\"\" data-column-space=\"100\" data-lazyload=\"\" data-grve-filter=\"yes\" data-src=\"https:\/\/themeter.assistenzawponline.net\/wp-content\/uploads\/ScreenSito_TheMeter1-copia.webp\" data-sizes=\"auto\" data-srcset=\"\" data-expand=\"1\" \/><\/div><\/div>\t\t\t\t<div class=\"grve-bg-black grve-hover-overlay grve-opacity-30\"><\/div>\n\t\t\t<\/div>\n\t<\/div>\n\t\t\t\t<\/div>\r\n\t\t\t<\/div>\r\n\r\n\t\t\t<div class=\"grve-entry-item grve-carousel-item\">\r\n\t\t\t\t<div class=\"grve-image-item\">\r\n\t\t\t\t\t<div class=\"grve-hover-item grve-hover-style-1\">\n\t<div class=\"grve-image-hover grve-media\">\n\t\t\t\t<a class=\"grve-item-url\" href=\"https:\/\/themeter.assistenzawponline.net\/wp-content\/uploads\/ScreenSito_TheDoctor4-copia.webp\"><span class=\"screen-reader-text\">More<\/span><\/a>\n\t\t\t\t<div class=\"grve-thumbnail-wrapper\"><div class=\"grve-thumbnail\"  style=\"padding-top: 198.104%;\"><img loading=\"lazy\" decoding=\"async\" width=\"211\" height=\"418\" src=\"https:\/\/themeter.assistenzawponline.net\/wp-content\/uploads\/ScreenSito_TheDoctor4-copia.webp\" class=\"attachment-impeka-grve-small-rect-horizontal size-impeka-grve-small-rect-horizontal grve-lazy-load lazyload\" alt=\"\" data-column-space=\"100\" data-lazyload=\"\" data-grve-filter=\"yes\" data-src=\"https:\/\/themeter.assistenzawponline.net\/wp-content\/uploads\/ScreenSito_TheDoctor4-copia.webp\" data-sizes=\"auto\" data-srcset=\"\" data-expand=\"1\" \/><\/div><\/div>\t\t\t\t<div class=\"grve-bg-black grve-hover-overlay grve-opacity-30\"><\/div>\n\t\t\t<\/div>\n\t<\/div>\n\t\t\t\t<\/div>\r\n\t\t\t<\/div>\r\n\r\n\t\t\t<div class=\"grve-entry-item grve-carousel-item\">\r\n\t\t\t\t<div class=\"grve-image-item\">\r\n\t\t\t\t\t<div class=\"grve-hover-item grve-hover-style-1\">\n\t<div class=\"grve-image-hover grve-media\">\n\t\t\t\t<a class=\"grve-item-url\" href=\"https:\/\/themeter.assistenzawponline.net\/wp-content\/uploads\/ScreenSito_TheDoctor3-copia.webp\"><span class=\"screen-reader-text\">More<\/span><\/a>\n\t\t\t\t<div class=\"grve-thumbnail-wrapper\"><div class=\"grve-thumbnail\"  style=\"padding-top: 198.104%;\"><img loading=\"lazy\" decoding=\"async\" width=\"211\" height=\"418\" src=\"https:\/\/themeter.assistenzawponline.net\/wp-content\/uploads\/ScreenSito_TheDoctor3-copia.webp\" class=\"attachment-impeka-grve-small-rect-horizontal size-impeka-grve-small-rect-horizontal grve-lazy-load lazyload\" alt=\"\" data-column-space=\"100\" data-lazyload=\"\" data-grve-filter=\"yes\" data-src=\"https:\/\/themeter.assistenzawponline.net\/wp-content\/uploads\/ScreenSito_TheDoctor3-copia.webp\" data-sizes=\"auto\" data-srcset=\"\" data-expand=\"1\" \/><\/div><\/div>\t\t\t\t<div class=\"grve-bg-black grve-hover-overlay grve-opacity-30\"><\/div>\n\t\t\t<\/div>\n\t<\/div>\n\t\t\t\t<\/div>\r\n\t\t\t<\/div>\r\n\r\n\t\t\t<div class=\"grve-entry-item grve-carousel-item\">\r\n\t\t\t\t<div class=\"grve-image-item\">\r\n\t\t\t\t\t<div class=\"grve-hover-item grve-hover-style-1\">\n\t<div class=\"grve-image-hover grve-media\">\n\t\t\t\t<a class=\"grve-item-url\" href=\"https:\/\/themeter.assistenzawponline.net\/wp-content\/uploads\/ScreenSito_TheDoctor2-copia.webp\"><span class=\"screen-reader-text\">More<\/span><\/a>\n\t\t\t\t<div class=\"grve-thumbnail-wrapper\"><div class=\"grve-thumbnail\"  style=\"padding-top: 198.104%;\"><img loading=\"lazy\" decoding=\"async\" width=\"211\" height=\"418\" src=\"https:\/\/themeter.assistenzawponline.net\/wp-content\/uploads\/ScreenSito_TheDoctor2-copia.webp\" class=\"attachment-impeka-grve-small-rect-horizontal size-impeka-grve-small-rect-horizontal grve-lazy-load lazyload\" alt=\"\" data-column-space=\"100\" data-lazyload=\"\" data-grve-filter=\"yes\" data-src=\"https:\/\/themeter.assistenzawponline.net\/wp-content\/uploads\/ScreenSito_TheDoctor2-copia.webp\" data-sizes=\"auto\" data-srcset=\"\" data-expand=\"1\" \/><\/div><\/div>\t\t\t\t<div class=\"grve-bg-black grve-hover-overlay grve-opacity-30\"><\/div>\n\t\t\t<\/div>\n\t<\/div>\n\t\t\t\t<\/div>\r\n\t\t\t<\/div>\r\n\r\n\t\t\t<div class=\"grve-entry-item grve-carousel-item\">\r\n\t\t\t\t<div class=\"grve-image-item\">\r\n\t\t\t\t\t<div class=\"grve-hover-item grve-hover-style-1\">\n\t<div class=\"grve-image-hover grve-media\">\n\t\t\t\t<a class=\"grve-item-url\" href=\"https:\/\/themeter.assistenzawponline.net\/wp-content\/uploads\/ScreenSito_TheDoctor1-copia.webp\"><span class=\"screen-reader-text\">More<\/span><\/a>\n\t\t\t\t<div class=\"grve-thumbnail-wrapper\"><div class=\"grve-thumbnail\"  style=\"padding-top: 198.104%;\"><img loading=\"lazy\" decoding=\"async\" width=\"211\" height=\"418\" src=\"https:\/\/themeter.assistenzawponline.net\/wp-content\/uploads\/ScreenSito_TheDoctor1-copia.webp\" class=\"attachment-impeka-grve-small-rect-horizontal size-impeka-grve-small-rect-horizontal grve-lazy-load lazyload\" alt=\"\" data-column-space=\"100\" data-lazyload=\"\" data-grve-filter=\"yes\" data-src=\"https:\/\/themeter.assistenzawponline.net\/wp-content\/uploads\/ScreenSito_TheDoctor1-copia.webp\" data-sizes=\"auto\" data-srcset=\"\" data-expand=\"1\" \/><\/div><\/div>\t\t\t\t<div class=\"grve-bg-black grve-hover-overlay grve-opacity-30\"><\/div>\n\t\t\t<\/div>\n\t<\/div>\n\t\t\t\t<\/div>\r\n\t\t\t<\/div>\r\n\t\t<\/div>\r\n\t<\/div>\r\n<\/div>\r\n<div class=\"grve-empty-space grve-height-3x\"><\/div>[\/vc_column][vc_column width=&#8221;1\/3&#8243; full_height=&#8221;yes&#8221; rc_bg_type=&#8221;image&#8221;][\/vc_column][vc_column width=&#8221;2\/3&#8243;][\/vc_column][\/vc_row][vc_row][vc_column width=&#8221;1\/3&#8243;]<h1 class=\"grve-element grve-title grve-align-inherit grve-h2\"><span>Medir<span style=\"color: #e30613;\">.<br \/>\n<\/span>Comprobar<span style=\"color: #e30613;\">.<\/span>Memorizar<span style=\"color: #e30613;\">.<\/span>Listo.<\/span><\/h1><div class=\"grve-empty-space grve-height-1x\"><\/div>[\/vc_column][vc_column width=&#8221;2\/3&#8243;]<h5 class=\"grve-element grve-title grve-align-inherit grve-h4\"><span>Selecciona el modo de uso que mejor se adapte a tus necesidades desde la App.<\/span><\/h5>[vc_column_text]<span style=\"font-weight: 400;\">\u00bfNecesita realizar un estudio completo en poco tiempo?<br \/>\nElija el modo <strong>AUTOM\u00c1TICO<\/strong>: s\u00f3lo tiene que pulsar play y el aparato escanear\u00e1 el espacio a 360\u00b0 y tomar\u00e1 medidas.<br \/>\n\u00a1Vea el resultado inmediatamente en su pantalla!<\/span><\/p>\n<p><span style=\"font-weight: 400;\">\u00bfQuiere elegir los puntos con los que crear sus relieves?<br \/>\nElige el modo <strong>MANUAL<\/strong>: utiliza el joystick de la App para adquirir puntos de inter\u00e9s mientras esquivas obst\u00e1culos f\u00e1cilmente.<\/span><\/p>\n<p>Selecciona el modo <strong>DISTANCIA METRO<\/strong> para medir la distancia o<br \/>\n<strong>TIEMPO REAL<\/strong> para obtener mediciones continuas \u00a1sin tener que pulsar nada![\/vc_column_text][\/vc_column][\/vc_row][vc_row][vc_column width=&#8221;1\/3&#8243;]<div class=\"grve-empty-space grve-height-3x\"><\/div><h6 class=\"grve-element grve-title grve-align-inherit grve-feature-title grve-text-primary-2\"><span>\u00a1HAGA QUE SU RELIEVE SEA \u00daNICO!<\/span><\/h6>[vc_column_text]A trav\u00e9s de la App tienes una vista previa de los puntos, a la que puedes a\u00f1adir marcadores, comentarios y crear documentaci\u00f3n fotogr\u00e1fica.[\/vc_column_text][\/vc_column][vc_column width=&#8221;1\/3&#8243;]<div class=\"grve-empty-space grve-height-3x\"><\/div><h6 class=\"grve-element grve-title grve-align-inherit grve-feature-title grve-text-primary-2\"><span>\u00a1YA EST\u00c1S A MITAD DE TRABAJO!<\/span><\/h6>[vc_column_text]Archivo .DXF multicapa editable con cualquier software de dibujo CAD:<br \/>\ncontiene todos los datos recogidos y la posibilidad de aplicar autom\u00e1ticamente simplificaciones del relieve mediante polil\u00edneas.[\/vc_column_text][\/vc_column][vc_column width=&#8221;1\/3&#8243; rc_link_color=&#8221;primary-3&#8243; rc_link_hover_color=&#8221;primary-3&#8243;]<div class=\"grve-empty-space grve-height-3x\"><\/div><h6 class=\"grve-element grve-title grve-align-inherit grve-feature-title grve-text-primary-2\"><span>DESCARGUE NUESTRAS GU\u00cdAS<\/span><\/h6>[vc_column_text css=&#8221;&#8221;]Manual de <a href=\"\/wp-content\/uploads\/PDF\/Manual_CUBE-Series_EN.pdf\">la serie CUBE<\/a>[\/vc_column_text][\/vc_column][\/vc_row]<\/p>\n<\/div>","protected":false},"excerpt":{"rendered":"<p>[vc_row][vc_column][\/vc_column][vc_column width=&#8221;1\/2&#8243;][vc_column_text]Con la App The Meter puedes gestionar tus aparatos c\u00f3modamente desde varios smartphones o tablets, sin necesidad de suscripciones. A trav\u00e9s de Bluetooth, el dispositivo es capaz de funcionar incluso en ausencia de conexi\u00f3n a Internet. Simple y intuitiva Pasos r\u00e1pidos que garantizan al usuario un trabajo r\u00e1pido y preciso Compartici\u00f3n inmediata de datos [&hellip;]<\/p>\n","protected":false},"author":13,"featured_media":0,"parent":0,"menu_order":0,"comment_status":"closed","ping_status":"closed","template":"","meta":{"inline_featured_image":false,"footnotes":""},"class_list":["post-1025672","page","type-page","status-publish","hentry","grve-entry-item"],"_links":{"self":[{"href":"https:\/\/themeter.assistenzawponline.net\/es\/wp-json\/wp\/v2\/pages\/1025672","targetHints":{"allow":["GET"]}}],"collection":[{"href":"https:\/\/themeter.assistenzawponline.net\/es\/wp-json\/wp\/v2\/pages"}],"about":[{"href":"https:\/\/themeter.assistenzawponline.net\/es\/wp-json\/wp\/v2\/types\/page"}],"author":[{"embeddable":true,"href":"https:\/\/themeter.assistenzawponline.net\/es\/wp-json\/wp\/v2\/users\/13"}],"replies":[{"embeddable":true,"href":"https:\/\/themeter.assistenzawponline.net\/es\/wp-json\/wp\/v2\/comments?post=1025672"}],"version-history":[{"count":0,"href":"https:\/\/themeter.assistenzawponline.net\/es\/wp-json\/wp\/v2\/pages\/1025672\/revisions"}],"wp:attachment":[{"href":"https:\/\/themeter.assistenzawponline.net\/es\/wp-json\/wp\/v2\/media?parent=1025672"}],"curies":[{"name":"wp","href":"https:\/\/api.w.org\/{rel}","templated":true}]}}