{"id":1025748,"date":"2023-04-18T16:00:00","date_gmt":"2023-04-18T16:00:00","guid":{"rendered":"https:\/\/themeter.it\/preguntas-frecuentes\/"},"modified":"2025-01-20T07:55:08","modified_gmt":"2025-01-20T07:55:08","slug":"preguntas-frecuentes","status":"publish","type":"page","link":"https:\/\/themeter.assistenzawponline.net\/es\/preguntas-frecuentes\/","title":{"rendered":"FAQ"},"content":{"rendered":"<div class=\"wpb-content-wrapper\"><p>[vc_row section_type=&#8221;fullwidth&#8221; padding_top_multiplier=&#8221;3x&#8221; padding_bottom_multiplier=&#8221;3x&#8221; rc_bg_type=&#8221;image&#8221; rc_bg_image=&#8221;1031190&#8243; rc_bg_pattern_overlay=&#8221;yes&#8221; rc_bg_color_overlay=&#8221;primary-1&#8243; rc_bg_opacity_overlay=&#8221;40&#8243;][vc_column text_align=&#8221;center&#8221; rc_bg_type=&#8221;image&#8221; grve_css=&#8221;{&#8220;desktop&#8220;:{&#8220;padding-top&#8220;:&#8220;80&#8220;,&#8220;padding-right&#8220;:&#8220;80&#8220;,&#8220;padding-bottom&#8220;:&#8220;80&#8220;,&#8220;padding-left&#8220;:&#8220;80&#8220;,&#8220;class&#8220;:&#8220;grve-wpb-1682282584366&#8220;}}&#8221;]<h1 class=\"grve-element grve-title grve-align-inherit grve-h2\"><span>FAQ<\/span><\/h1>[\/vc_column][\/vc_row][vc_row][vc_column]<div class=\"grve-empty-space grve-height-3x\"><\/div><h3 class=\"grve-element grve-title grve-align-inherit grve-h3 grve-with-line grve-top-line grve-text-primary-3\"><span>\u00c1rea t\u00e9cnica<\/span><span class=\"grve-title-line grve-bg-primary-3\" style=\"width: 50px;height: 2px;\"><\/span><\/h3>[vc_tta_accordion title_tag=&#8221;h4&#8243; active_section=&#8221;1&#8243;][vc_tta_section title=&#8221;1. \u00bfC\u00f3mo puedo actualizar mi dispositivo?&#8221;][vc_column_text el_class=&#8221;faq-risp-color&#8221;]Las actualizaciones de la aplicaci\u00f3n m\u00f3vil se notificar\u00e1n autom\u00e1ticamente y estar\u00e1n disponibles en AppStore y PlayStore, mientras que las actualizaciones del firmware del producto se notificar\u00e1n a trav\u00e9s de la aplicaci\u00f3n y estar\u00e1n disponibles a trav\u00e9s de la aplicaci\u00f3n &#8220;The Meter &#8211; Doctor&#8221; en las plataformas online correspondientes.[\/vc_column_text][\/vc_tta_section][vc_tta_section title=&#8221;2. \u00bfC\u00f3mo se comporta con las superficies acristaladas\/transparentes\/semitransparentes\/brillantes?&#8221; tab_id=&#8221;1681833947245-a0a6943a-09f8&#8243;][vc_column_text el_class=&#8221;faq-risp-color&#8221;]The Meter, gracias a su sistema de doble detecci\u00f3n, capta la mayor\u00eda de las superficies. Las superficies transparentes o reflectantes son las m\u00e1s problem\u00e1ticas.[\/vc_column_text][\/vc_tta_section][vc_tta_section title=&#8221;3. \u00bfCu\u00e1l es el grado de precisi\u00f3n de la medici\u00f3n realizada?&#8221; tab_id=&#8221;1681834357713-83309e49-5d8f&#8221;][vc_column_text el_class=&#8221;faq-risp-color&#8221;]CUBE PRO adquiere un punto cada 0,225 grados, para un total de 1600 puntos hasta una distancia de 60 metros.<\/p>\n<p>CUBE2 adquiere un punto cada 0,1125 grados, para un total de 3200 puntos hasta una distancia de 60 metros.[\/vc_column_text][\/vc_tta_section][vc_tta_section title=&#8221;4. \u00bfQu\u00e9 tipo de file genera The Meter?&#8221; tab_id=&#8221;1681834385004-986f3215-395c&#8221;][vc_column_text el_class=&#8221;faq-risp-color&#8221;]El file que se genera es un .DXF multilayer, con la adici\u00f3n de 3 niveles de simplificaci\u00f3n, compatible y editable por todos los programas de dise\u00f1o. Para descargar un ejemplo de encuesta .dxf, vaya a Asistencia &#8211; Documentaci\u00f3n &#8211; T\u00e9cnica &#8211; Ejemplos de encuestas[\/vc_column_text][\/vc_tta_section][vc_tta_section title=&#8221;5. \u00bfQu\u00e9 alcance tiene el aparato?&#8221; tab_id=&#8221;1681834424106-b141b2b8-d96d&#8221;][vc_column_text el_class=&#8221;faq-risp-color&#8221;]Los dispositivos Ther Meter, en versiones Cube Pro y Cube 2, en modo autom\u00e1tico y utilizando el l\u00e1ser transparente, alcanzan un campo de acci\u00f3n m\u00e1ximo de 60 metros, que se duplica al colocar el dispositivo en el centro de la habitaci\u00f3n.[\/vc_column_text][\/vc_tta_section][vc_tta_section title=&#8221;6. \u00bfSe pueden realizar encuestas externas?&#8221; tab_id=&#8221;1681834451234-75cc4a9e-0957&#8243;][vc_column_text el_class=&#8221;faq-risp-color&#8221;]The Meter es apropiado para realizar mediciones tanto en interiores como en exteriores.[\/vc_column_text][\/vc_tta_section][vc_tta_section title=&#8221;7. \u00bfDeben estar vac\u00edas las habitaciones?&#8221; tab_id=&#8221;1681834479247-0d24e13a-84a7&#8243;][vc_column_text el_class=&#8221;faq-risp-color&#8221;]No, en presencia de obst\u00e1culos, en funcionamiento autom\u00e1tico, basta con colocar el aparato en la posici\u00f3n siguiente para que detecte los puntos que han quedado ocultos.<\/p>\n<p>En modo manual, se pueden capturar puntos de inter\u00e9s individuales, evitando los obst\u00e1culos.[\/vc_column_text][\/vc_tta_section][vc_tta_section title=&#8221;8. \u00bfPuede funcionar tambi\u00e9n en vertical?&#8221; tab_id=&#8221;1681834508473-114f993d-1765&#8243;][vc_column_text el_class=&#8221;faq-risp-color&#8221;]Por supuesto. Gracias al tornillo para tr\u00edpode, la burbuja lateral y el aceler\u00f3metro para alineaci\u00f3n, el aparato The Meter puede colocarse en posici\u00f3n vertical para medir la secci\u00f3n.[\/vc_column_text][\/vc_tta_section][vc_tta_section title=&#8221;9. \u00bfC\u00f3mo se guardan las lecturas?&#8221; tab_id=&#8221;1681834542402-37c7a12b-f1be&#8221;][vc_column_text el_class=&#8221;faq-risp-color&#8221;]Las encuestas se guardan en la aplicaci\u00f3n, en el men\u00fa Proyectos, utilizando el espacio disponible en tu smarthphone o tablet.[\/vc_column_text][\/vc_tta_section][vc_tta_section title=&#8221;10. \u00bfPueden los dispositivos The Meter conectar varias habitaciones?&#8221; tab_id=&#8221;1681834569710-9404c3a6-df54&#8243;][vc_column_text el_class=&#8221;faq-risp-color&#8221;]Gracias a la funci\u00f3n multiesc\u00e1ner, The Meter conecta varias habitaciones. Vea el v\u00eddeo en YouTube o descargue nuestras gu\u00edas[\/vc_column_text][\/vc_tta_section][vc_tta_section title=&#8221;11. \u00bfEs posible personalizar el relieve insertando iconos?&#8221; tab_id=&#8221;1686156243366-ef6be2eb-ee60&#8243;][vc_column_text el_class=&#8221;faq-risp-color&#8221;]Por supuesto. En el modo autom\u00e1tico puede insertar marcadores en el plano y cualquier comentario, que se insertar\u00e1n en el file .dxf en un nivel llamado &#8216;Marcador&#8217;. Elija la que mejor se adapte a sus necesidades.[\/vc_column_text][\/vc_tta_section][vc_tta_section title=&#8221;12. \u00bfEs posible crear documentaci\u00f3n fotogr\u00e1fica para la encuesta?&#8221; tab_id=&#8221;1690546448355-89541942-7b9a&#8221;][vc_column_text el_class=&#8221;faq-risp-color&#8221;]\u00a1S\u00ed! Una vez realizada la encuesta en modo autom\u00e1tico, es posible crear documentaci\u00f3n fotogr\u00e1fica para respaldar el trabajo. Elija los puntos del relieve que desea enriquecer con im\u00e1genes y tome fotos (a trav\u00e9s de la secci\u00f3n Marcador) . Elija el modo de exportaci\u00f3n de la encuesta.<br \/>\n1. Cl\u00e1sico: las encuestas se exportar\u00e1n en formato cl\u00e1sico DXF<br \/>\n2. Cl\u00e1sico + Im\u00e1genes: tanto las encuestas en formato DXF como las im\u00e1genes tomadas se exportar\u00e1n en un \u00fanico archivo zip.<br \/>\n3. NextGen: las encuestas en formato DXF con im\u00e1genes tomadas en su interior se exportar\u00e1n en un \u00fanico archivo zip[\/vc_column_text][\/vc_tta_section][vc_tta_section title=&#8221;13. \u00bfC\u00d3MO ES QUE NO VEO LA DOCUMENTACI\u00d3N FOTOGR\u00c1FICA EN LA ENCUESTA NEXTGEN?&#8221; tab_id=&#8221;1690900203604-4b4b714f-5883&#8243;][vc_column_text el_class=&#8221;faq-risp-color&#8221;]El rendimiento depende del programa CAD utilizado y de la versi\u00f3n. En el caso de que su CAD no soporte im\u00e1genes dentro del .dxf, puede exportar el archivo en el modo &#8216;Cl\u00e1sico + Im\u00e1genes&#8217; que hemos desarrollado para darle la posibilidad de tener las im\u00e1genes dentro del archivo zip con un nombre de referencia indicando la posici\u00f3n dentro del .dxf.<br \/>\n[\/vc_column_text][\/vc_tta_section][\/vc_tta_accordion][\/vc_column][\/vc_row][vc_row][vc_column]<div class=\"grve-empty-space grve-height-3x\"><\/div><h3 class=\"grve-element grve-title grve-align-inherit grve-h3 grve-with-line grve-top-line grve-text-primary-3\"><span>\u00c1rea administrativa<\/span><span class=\"grve-title-line grve-bg-primary-3\" style=\"width: 50px;height: 2px;\"><\/span><\/h3>[vc_tta_accordion][vc_tta_section title=&#8221;1. Somos una empresa asociada, \u00bfpodemos adquirir un producto que pueda ser utilizado por varios usuarios?&#8221;][vc_column_text el_class=&#8221;faq-risp-color&#8221;]\u00a1Por supuesto! Cada usuario podr\u00e1 descargar y acceder a su propia App con sus lecturas y utilizando un \u00fanico dispositivo The Meter compartido con la empresa.[\/vc_column_text][\/vc_tta_section][vc_tta_section title=&#8221;2. \u00bfCu\u00e1l es la duraci\u00f3n de la garant\u00eda?&#8221; tab_id=&#8221;1681834040336-1314b6db-d42c&#8221;][vc_column_text el_class=&#8221;faq-risp-color&#8221;]Para los usuarios privados, la garant\u00eda por defectos de fabricaci\u00f3n tiene una duraci\u00f3n prevista de 2 a\u00f1os, mientras que para las empresas es de 12 meses.[\/vc_column_text][\/vc_tta_section][vc_tta_section title=&#8221;3. \u00bfCon qu\u00e9 rapidez se tramitan los pedidos?&#8221; tab_id=&#8221;1686156382981-86aebc2b-5609&#8243;][vc_column_text el_class=&#8221;faq-risp-color&#8221;]Los productos The Meter est\u00e1n en stock. Las \u00f3rdenes de compra se procesan en un plazo de 1\/2 d\u00edas laborables tras el abono\/recepci\u00f3n del pago.[\/vc_column_text][\/vc_tta_section][vc_tta_section title=&#8221;4. \u00bfQu\u00e9 m\u00e9todos de pago se aceptan?&#8221; tab_id=&#8221;1686156429768-ae65187c-8f19&#8243;][vc_column_text el_class=&#8221;faq-risp-color&#8221;]El pago puede realizarse mediante PayPal, tarjeta de cr\u00e9dito o transferencia bancaria.[\/vc_column_text][\/vc_tta_section][vc_tta_section title=&#8221;5. Si necesito asistencia t\u00e9cnica con mi aparato The Meter, \u00bfc\u00f3mo puedo proceder?&#8221; tab_id=&#8221;1686156462374-d95c2239-a8ba&#8221;][vc_column_text el_class=&#8221;faq-risp-color&#8221;]<span data-sheets-formula-bar-text-style=\"font-size:15px;color:#e30613;font-weight:normal;text-decoration:none;font-family:'docs-Calibri';font-style:italic;text-decoration-skip-ink:none;\">Env\u00edenos una solicitud a trav\u00e9s de The Meter Doctor App o a trav\u00e9s de la p\u00e1gina web en la secci\u00f3n de Soporte.<\/span>[\/vc_column_text][\/vc_tta_section][\/vc_tta_accordion][\/vc_column][\/vc_row][vc_row][vc_column]<div class=\"grve-empty-space grve-height-3x\"><\/div><h3 class=\"grve-element grve-title grve-align-inherit grve-h3 grve-with-line grve-top-line grve-text-primary-3\"><span>Zona comercial<\/span><span class=\"grve-title-line grve-bg-primary-3\" style=\"width: 50px;height: 2px;\"><\/span><\/h3>[vc_tta_accordion][vc_tta_section title=&#8221;1. \u00bfExiste alg\u00fan descuento por compras superiores a una unidad?&#8221;][vc_column_text el_class=&#8221;faq-risp-color&#8221;]\u00a1S\u00ed! P\u00f3ngase en contacto con nosotros y le presentaremos nuestras ofertas.[\/vc_column_text][\/vc_tta_section][vc_tta_section title=&#8221;2. \u00bfEs posible comprar con financiaci\u00f3n?&#8221; tab_id=&#8221;1681834877556-5ac2dc6a-3bff&#8221;][vc_column_text el_class=&#8221;faq-risp-color&#8221;]Por supuesto: confiamos en el sistema de pago a plazos que ofrece PayPal (el total del pedido no debe superar el l\u00edmite m\u00e1ximo del proveedor de 2000 euros, IVA incluido) para cualquier persona que disponga de una cuenta PayPal.[\/vc_column_text][\/vc_tta_section][vc_tta_section title=&#8221;3. \u00bfPuedo probar el producto antes de comprarlo?&#8221; tab_id=&#8221;1681834968610-65d81a86-b4b6&#8243;][vc_column_text el_class=&#8221;faq-risp-color&#8221;]Es posible probar los productos de The Meter en la sede de G\u00e9nova o en una sala de exposiciones de Mil\u00e1n. M\u00e1s informaci\u00f3n en la secci\u00f3n &#8220;Qui\u00e9nes somos. As\u00ed como en salones y eventos en los que participamos. S\u00edganos en las plataformas socials para estar siempre al d\u00eda[\/vc_column_text][\/vc_tta_section][vc_tta_section title=&#8221;4. \u00bfEs posible comprar el producto desde fuera de Italia?&#8221; tab_id=&#8221;1681834999640-258eea65-dbdb&#8221;][vc_column_text el_class=&#8221;faq-risp-color&#8221;]<\/p>\n<div id=\"stockie-custom-643ebe6058dcc\" class=\"stockie-accordion-s\u0441 accordion \" data-stockie-accordion=\"0\">\n<div id=\"stockie-custom-643ebe6059992\" class=\"accordionItem active\">\n<div class=\"accordionItem_content open\">\n<div class=\"wrap\">\n<div class=\"wpb_text_column wpb_content_element \">\n<div class=\"wpb_wrapper\">\n<p>S\u00ed: es posible comprar productos de The Meter en todo el mundo. El precio, el tiempo de env\u00edo y los costes de aduana pueden variar seg\u00fan el pa\u00eds.<\/p>\n<\/div>\n<\/div>\n<\/div>\n<\/div>\n<\/div>\n<\/div>\n<p>[\/vc_column_text][\/vc_tta_section][vc_tta_section title=&#8221;5. \u00bfExiste una suscripci\u00f3n mensual para utilizar The Meter App?&#8221; tab_id=&#8221;1686156607767-e5718bad-516d&#8221;][vc_column_text el_class=&#8221;faq-risp-color&#8221;]No, la App y sus actualizaciones se pueden descargar gratuitamente desde Apple Store o Google Play. No hay necesidad de suscripciones cada mes.[\/vc_column_text][\/vc_tta_section][\/vc_tta_accordion][\/vc_column][vc_column]<div class=\"grve-empty-space grve-height-3x\"><\/div>[\/vc_column][\/vc_row]<\/p>\n<\/div>","protected":false},"excerpt":{"rendered":"<p>[vc_row section_type=&#8221;fullwidth&#8221; padding_top_multiplier=&#8221;3x&#8221; padding_bottom_multiplier=&#8221;3x&#8221; rc_bg_type=&#8221;image&#8221; rc_bg_image=&#8221;1031190&#8243; rc_bg_pattern_overlay=&#8221;yes&#8221; rc_bg_color_overlay=&#8221;primary-1&#8243; rc_bg_opacity_overlay=&#8221;40&#8243;][vc_column text_align=&#8221;center&#8221; rc_bg_type=&#8221;image&#8221; grve_css=&#8221;{&#8220;desktop&#8220;:{&#8220;padding-top&#8220;:&#8220;80&#8220;,&#8220;padding-right&#8220;:&#8220;80&#8220;,&#8220;padding-bottom&#8220;:&#8220;80&#8220;,&#8220;padding-left&#8220;:&#8220;80&#8220;,&#8220;class&#8220;:&#8220;grve-wpb-1682282584366&#8220;}}&#8221;][\/vc_column][\/vc_row][vc_row][vc_column][vc_tta_accordion title_tag=&#8221;h4&#8243; active_section=&#8221;1&#8243;][vc_tta_section title=&#8221;1. \u00bfC\u00f3mo puedo actualizar mi dispositivo?&#8221;][vc_column_text el_class=&#8221;faq-risp-color&#8221;]Las actualizaciones de la aplicaci\u00f3n m\u00f3vil se notificar\u00e1n autom\u00e1ticamente y estar\u00e1n disponibles en AppStore y PlayStore, mientras que las actualizaciones del firmware del producto se notificar\u00e1n a trav\u00e9s de la aplicaci\u00f3n y estar\u00e1n disponibles a [&hellip;]<\/p>\n","protected":false},"author":13,"featured_media":0,"parent":0,"menu_order":0,"comment_status":"closed","ping_status":"closed","template":"","meta":{"inline_featured_image":false,"footnotes":""},"class_list":["post-1025748","page","type-page","status-publish","hentry","grve-entry-item"],"_links":{"self":[{"href":"https:\/\/themeter.assistenzawponline.net\/es\/wp-json\/wp\/v2\/pages\/1025748","targetHints":{"allow":["GET"]}}],"collection":[{"href":"https:\/\/themeter.assistenzawponline.net\/es\/wp-json\/wp\/v2\/pages"}],"about":[{"href":"https:\/\/themeter.assistenzawponline.net\/es\/wp-json\/wp\/v2\/types\/page"}],"author":[{"embeddable":true,"href":"https:\/\/themeter.assistenzawponline.net\/es\/wp-json\/wp\/v2\/users\/13"}],"replies":[{"embeddable":true,"href":"https:\/\/themeter.assistenzawponline.net\/es\/wp-json\/wp\/v2\/comments?post=1025748"}],"version-history":[{"count":0,"href":"https:\/\/themeter.assistenzawponline.net\/es\/wp-json\/wp\/v2\/pages\/1025748\/revisions"}],"wp:attachment":[{"href":"https:\/\/themeter.assistenzawponline.net\/es\/wp-json\/wp\/v2\/media?parent=1025748"}],"curies":[{"name":"wp","href":"https:\/\/api.w.org\/{rel}","templated":true}]}}