{"id":1025763,"date":"2023-06-11T21:32:27","date_gmt":"2023-06-11T21:32:27","guid":{"rendered":"https:\/\/themeter.it\/proximamente\/"},"modified":"2025-01-17T15:28:10","modified_gmt":"2025-01-17T15:28:10","slug":"proximamente","status":"publish","type":"page","link":"https:\/\/themeter.assistenzawponline.net\/es\/proximamente\/","title":{"rendered":"Coming Soon"},"content":{"rendered":"<div class=\"wpb-content-wrapper\"><p>[vc_row][vc_column text_align=&#8221;center&#8221;]<h3 class=\"grve-element grve-title grve-align-inherit grve-h3\"><span><br>\n<h2>CUBE<strong><span style=\"color: #e30613;\">3D<\/span><\/strong><\/h2>\n<h6>PRESENTACI\u00d3N EN EL MAYOR EVENTO TECNOL\u00d3GICO DEL MUNDO<\/h6>\n<\/span><\/h3>[vc_column_text]Entre las innovaciones italianas presentadas en el CES en el Pabell\u00f3n de Italia[\/vc_column_text]<div class=\"grve-empty-space grve-height-2x\"><\/div><div class=\"grve-element grve-image grve-align-center\">\r\n\t<div class=\"grve-image-item\">\r\n\t\t\n\n<div class=\"grve-image-wrapper grve-no-effect\">\n\t\t<div class=\"grve-thumbnail-wrapper\"  style=\"width: 1200px;\"><div class=\"grve-thumbnail\"  style=\"padding-top: 43.5%;\"><img loading=\"lazy\" decoding=\"async\" width=\"1200\" height=\"522\" src=\"https:\/\/themeter.assistenzawponline.net\/wp-content\/uploads\/ces24-1-1-copia.webp\" class=\"attachment-full size-full grve-lazy-load lazyload\" alt=\"\" data-column-space=\"auto\" data-lazyload=\"\" data-grve-filter=\"yes\" srcset=\"https:\/\/themeter.assistenzawponline.net\/wp-content\/themes\/impeka\/images\/empty\/empty.png\" data-src=\"https:\/\/themeter.assistenzawponline.net\/wp-content\/uploads\/ces24-1-1-copia.webp\" data-sizes=\"auto\" data-srcset=\"https:\/\/themeter.assistenzawponline.net\/wp-content\/uploads\/ces24-1-1-copia.webp 1200w, https:\/\/themeter.assistenzawponline.net\/wp-content\/uploads\/ces24-1-1-copia-768x334.webp 768w, https:\/\/themeter.assistenzawponline.net\/wp-content\/uploads\/ces24-1-1-copia-600x261.webp 600w\" data-expand=\"1\" \/><\/div><\/div>\t<\/div>\n\t<\/div>\r\n<\/div>\r\n<div class=\"grve-empty-space grve-height-2x\"><\/div>[vc_column_text]<\/p>\n<p style=\"text-align: center;\"><span class=\"ui-provider a b c d e f g h i j k l m n o p q r s t u v w x y z ab ac ae af ag ah ai aj ak\" dir=\"ltr\">Cube 3D, la nueva forma de medir entornos para obtener escaneados 3D en tiempo real en formatos BIM.  <\/span><\/p>\n<p style=\"text-align: center;\"><span class=\"ui-provider a b c d e f g h i j k l m n o p q r s t u v w x y z ab ac ae af ag ah ai aj ak\" dir=\"ltr\">Con sus innovadoras funciones, es el instrumento ideal para medir habitaciones, pisos, chal\u00e9s, edificios o espacios exteriores.  <\/span><\/p>\n<p style=\"text-align: center;\"><span class=\"ui-provider a b c d e f g h i j k l m n o p q r s t u v w x y z ab ac ae af ag ah ai aj ak\" dir=\"ltr\">Controlado por la Aplicaci\u00f3n, le permite visualizar inmediatamente sus medidas ya en formato digital (Archivo .dxf , .ifc , etc).<\/span><\/p>\n<p>[\/vc_column_text]<div class=\"grve-empty-space grve-height-1x\"><\/div>[\/vc_column][\/vc_row][vc_row height_ratio=&#8221;100&#8243; rc_bg_type=&#8221;hosted_video&#8221; tablet_visibility=&#8221;hide&#8221; tablet_sm_visibility=&#8221;hide&#8221; mobile_visibility=&#8221;hide&#8221; rc_bg_video_webm=&#8221;https:\/\/themeter.it\/wp-content\/uploads\/video\/preview_3D_per_sito_2.mp4&#8243;][vc_column][\/vc_column][\/vc_row][vc_row rc_bg_type=&#8221;color&#8221; rc_bg_color=&#8221;#fafafa&#8221; rc_font_color=&#8221;#1e1f1c&#8221;][vc_column][vc_column_text]<\/p>\n<p style=\"text-align: center;\"><strong>VIS\u00cdTENOS EN EL PABELL\u00d3N DE ITALIA DE LA EXPOSICI\u00d3N VENETIAN, PABELL\u00d3N G &#8211; 62201 &#8211; EUREKA PARK<\/strong><\/p>\n<p>[\/vc_column_text]<div class=\"grve-empty-space grve-height-1x\"><\/div><div class=\"grve-element grve-image grve-align-center\">\r\n\t<div class=\"grve-image-item\">\r\n\t\t\n\n<div class=\"grve-image-wrapper grve-no-effect\">\n\t\t<div class=\"grve-thumbnail-wrapper\"  style=\"width: 300px;\"><div class=\"grve-thumbnail\"  style=\"padding-top: 48.667%;\"><img loading=\"lazy\" decoding=\"async\" width=\"300\" height=\"146\" src=\"https:\/\/themeter.assistenzawponline.net\/wp-content\/uploads\/ITA-e1702460681340-300x146-1.webp\" class=\"attachment-medium size-medium grve-lazy-load lazyload\" alt=\"\" data-column-space=\"auto\" data-lazyload=\"\" data-grve-filter=\"yes\" data-src=\"https:\/\/themeter.assistenzawponline.net\/wp-content\/uploads\/ITA-e1702460681340-300x146-1.webp\" data-sizes=\"auto\" data-srcset=\"\" data-expand=\"1\" \/><\/div><\/div>\t<\/div>\n\t<\/div>\r\n<\/div>\r\n[\/vc_column][\/vc_row]<\/p>\n<\/div>","protected":false},"excerpt":{"rendered":"<p>[vc_row][vc_column text_align=&#8221;center&#8221;][vc_column_text]Entre las innovaciones italianas presentadas en el CES en el Pabell\u00f3n de Italia[\/vc_column_text][vc_column_text] Cube 3D, la nueva forma de medir entornos para obtener escaneados 3D en tiempo real en formatos BIM. Con sus innovadoras funciones, es el instrumento ideal para medir habitaciones, pisos, chal\u00e9s, edificios o espacios exteriores. Controlado por la Aplicaci\u00f3n, le permite [&hellip;]<\/p>\n","protected":false},"author":13,"featured_media":0,"parent":0,"menu_order":0,"comment_status":"closed","ping_status":"closed","template":"","meta":{"inline_featured_image":false,"footnotes":""},"class_list":["post-1025763","page","type-page","status-publish","hentry","grve-entry-item"],"_links":{"self":[{"href":"https:\/\/themeter.assistenzawponline.net\/es\/wp-json\/wp\/v2\/pages\/1025763","targetHints":{"allow":["GET"]}}],"collection":[{"href":"https:\/\/themeter.assistenzawponline.net\/es\/wp-json\/wp\/v2\/pages"}],"about":[{"href":"https:\/\/themeter.assistenzawponline.net\/es\/wp-json\/wp\/v2\/types\/page"}],"author":[{"embeddable":true,"href":"https:\/\/themeter.assistenzawponline.net\/es\/wp-json\/wp\/v2\/users\/13"}],"replies":[{"embeddable":true,"href":"https:\/\/themeter.assistenzawponline.net\/es\/wp-json\/wp\/v2\/comments?post=1025763"}],"version-history":[{"count":0,"href":"https:\/\/themeter.assistenzawponline.net\/es\/wp-json\/wp\/v2\/pages\/1025763\/revisions"}],"wp:attachment":[{"href":"https:\/\/themeter.assistenzawponline.net\/es\/wp-json\/wp\/v2\/media?parent=1025763"}],"curies":[{"name":"wp","href":"https:\/\/api.w.org\/{rel}","templated":true}]}}