{"id":1025767,"date":"2023-06-14T17:43:19","date_gmt":"2023-06-14T17:43:19","guid":{"rendered":"https:\/\/themeter.it\/quienes-somos\/"},"modified":"2025-02-07T10:35:49","modified_gmt":"2025-02-07T10:35:49","slug":"quienes-somos","status":"publish","type":"page","link":"https:\/\/themeter.assistenzawponline.net\/es\/quienes-somos\/","title":{"rendered":"Sobre nosotros"},"content":{"rendered":"<div class=\"wpb-content-wrapper\"><p>[vc_row section_type=&#8221;fullwidth&#8221; padding_top_multiplier=&#8221;4x&#8221; padding_bottom_multiplier=&#8221;4x&#8221; rc_bg_type=&#8221;image&#8221; rc_bg_image=&#8221;1036249&#8243; rc_bg_pattern_overlay=&#8221;yes&#8221; rc_bg_color_overlay=&#8221;primary-1&#8243; rc_bg_opacity_overlay=&#8221;40&#8243; rc_font_color=&#8221;#fafafa&#8221;][vc_column text_align=&#8221;center&#8221;]<div class=\"grve-empty-space grve-height-1x\"><\/div><h1 class=\"grve-element grve-title grve-align-inherit grve-h2 grve-text-white\"><span>Sobre nosotros<\/span><\/h1>[vc_column_text]<\/p>\n<p style=\"text-align: center;\">Somos una empresa de G\u00e9nova activa en los campos de la <strong>Ingenier\u00eda<\/strong>, la <strong>Arquitectura<\/strong>, el <strong>Desing<\/strong> y la <strong>Investigaci\u00f3n<\/strong>.<\/p>\n<p style=\"text-align: center;\"><em><strong>Combinamos la experiencia del pasado con una visi\u00f3n proyectada hacia el futuro.<\/strong><\/em><\/p>\n<p>[\/vc_column_text]<div class=\"grve-empty-space grve-height-2x\"><\/div>[\/vc_column][\/vc_row][vc_row padding_top_multiplier=&#8221;3x&#8221;][vc_column][vc_row_inner][vc_column_inner width=&#8221;1\/3&#8243;]<h5 class=\"grve-element grve-title grve-align-inherit grve-h5 grve-text-primary-3\"><span>HISTORIA<\/span><\/h5><h3 class=\"grve-element grve-title grve-align-inherit grve-h3\"><span>Una idea hecha de experiencia<\/span><\/h3>[\/vc_column_inner][vc_column_inner width=&#8221;2\/3&#8243;][vc_column_text]<a href=\"http:\/\/oiadr.com\"><strong>Officine IADR<\/strong><\/a> naci\u00f3 de una empresa genovesa de Ingenier\u00eda fundada a finales de <strong>los a\u00f1os ochenta<\/strong>. Fundada como startup en <strong>2014<\/strong>, la empresa tiene como objetivo pensar, desarrollar y producir ideas y servicios en los campos de la <strong>Ingenier\u00eda<\/strong>, la <strong>Arquitectura<\/strong>, el <strong>Dise\u00f1o <\/strong>y la <strong>Investigaci\u00f3n<\/strong>.<\/p>\n<p>La idea de <strong>THE METER<\/strong> surge de la experiencia directa del equipo de arquitectos: desarrollar una nueva soluci\u00f3n para simplificar, acelerar y digitalizar las encuestas<\/p>\n<p>A partir de aqu\u00ed comenz\u00f3 un interesante estudio para crear un dispositivo que quisiera hacerse un hueco entre el cl\u00e1sico distanci\u00f3metro y los esc\u00e1neres l\u00e1ser, mucho m\u00e1s complejos, y ser a la vez elegante y orientado al design.[\/vc_column_text][\/vc_column_inner][\/vc_row_inner]<div class=\"grve-empty-space grve-height-3x\"><\/div>[\/vc_column][\/vc_row][vc_row section_type=&#8221;fullwidth&#8221;][vc_column]<div class=\"grve-element grve-carousel grve-image-carousel\">\r\n\t<div class=\"grve-carousel-wrapper\">\r\n\t\t\t<div class=\"grve-carousel-navigation grve-navigation-arrow-1\">\n\t\t<div class=\"grve-carousel-buttons\">\n\t\t\t<div class=\"grve-carousel-prev\"><div class=\"grve-svg-icon grve-direction-left grve-arrow-1 grve-svg-black grve-with-shape grve-circle grve-bg-white\">\t\t\t<svg width=\"12px\" height=\"12px\" viewBox=\"0 0 12 12\">\n\t\t\t\t<polygon points=\"3.6 0 10 6 3.6 12 2 10.5 6.8 6 2 1.5\"><\/polygon>\n\t\t\t<\/svg>\n\t\t\t<\/div><\/div>\n\t\t\t<div class=\"grve-carousel-next\"><div class=\"grve-svg-icon grve-direction-right grve-arrow-1 grve-svg-black grve-with-shape grve-circle grve-bg-white\">\t\t\t<svg width=\"12px\" height=\"12px\" viewBox=\"0 0 12 12\">\n\t\t\t\t<polygon points=\"3.6 0 10 6 3.6 12 2 10.5 6.8 6 2 1.5\"><\/polygon>\n\t\t\t<\/svg>\n\t\t\t<\/div><\/div>\n\t\t<\/div>\n\t<\/div>\n\t\t<div data-items=\"3\" data-items-tablet-landscape=\"3\" data-items-tablet-portrait=\"3\" data-items-mobile=\"1\" data-pagination=\"no\" data-slider-autoplay=\"yes\" data-slider-loop=\"yes\" data-slider-autoheight=\"no\" data-stage-padding=\"0\" data-slider-speed=\"3000\" data-slider-pause=\"no\" data-pagination-speed=\"400\" data-gutter-size=\"30\" class=\"grve-carousel-element grve-gallery-popup grve-with-gap grve-classic-carousel\">\r\n\r\n\t\t\t<div class=\"grve-entry-item grve-carousel-item\">\r\n\t\t\t\t<div class=\"grve-image-item\">\r\n\t\t\t\t\t<div class=\"grve-hover-item grve-hover-style-1\">\n\t<div class=\"grve-image-hover grve-media\">\n\t\t\t\t<a class=\"grve-item-url\" href=\"https:\/\/themeter.assistenzawponline.net\/wp-content\/uploads\/officine_chi_siamo_0004_Livello-0-copia.webp\"><span class=\"screen-reader-text\">More<\/span><\/a>\n\t\t\t\t<div class=\"grve-thumbnail-wrapper\"><div class=\"grve-thumbnail\"  style=\"padding-top: 100%;\"><img loading=\"lazy\" decoding=\"async\" width=\"1080\" height=\"1080\" src=\"https:\/\/themeter.assistenzawponline.net\/wp-content\/uploads\/officine_chi_siamo_0004_Livello-0-copia.webp\" class=\"attachment-large size-large grve-lazy-load lazyload\" alt=\"The Meter\" data-column-space=\"100\" data-lazyload=\"\" data-grve-filter=\"yes\" srcset=\"https:\/\/themeter.assistenzawponline.net\/wp-content\/themes\/impeka\/images\/empty\/empty.png\" data-src=\"https:\/\/themeter.assistenzawponline.net\/wp-content\/uploads\/officine_chi_siamo_0004_Livello-0-copia.webp\" data-sizes=\"auto\" data-srcset=\"https:\/\/themeter.assistenzawponline.net\/wp-content\/uploads\/officine_chi_siamo_0004_Livello-0-copia.webp 1080w, https:\/\/themeter.assistenzawponline.net\/wp-content\/uploads\/officine_chi_siamo_0004_Livello-0-copia-768x768.webp 768w, https:\/\/themeter.assistenzawponline.net\/wp-content\/uploads\/officine_chi_siamo_0004_Livello-0-copia-560x560.webp 560w, https:\/\/themeter.assistenzawponline.net\/wp-content\/uploads\/officine_chi_siamo_0004_Livello-0-copia-900x900.webp 900w, https:\/\/themeter.assistenzawponline.net\/wp-content\/uploads\/officine_chi_siamo_0004_Livello-0-copia-300x300.webp 300w, https:\/\/themeter.assistenzawponline.net\/wp-content\/uploads\/officine_chi_siamo_0004_Livello-0-copia-600x600.webp 600w, https:\/\/themeter.assistenzawponline.net\/wp-content\/uploads\/officine_chi_siamo_0004_Livello-0-copia-100x100.webp 100w\" data-expand=\"1\" \/><\/div><\/div>\t\t\t\t<div class=\"grve-bg-black grve-hover-overlay grve-opacity-30\"><\/div>\n\t\t\t<\/div>\n\t<\/div>\n\t\t\t\t<\/div>\r\n\t\t\t<\/div>\r\n\r\n\t\t\t<div class=\"grve-entry-item grve-carousel-item\">\r\n\t\t\t\t<div class=\"grve-image-item\">\r\n\t\t\t\t\t<div class=\"grve-hover-item grve-hover-style-1\">\n\t<div class=\"grve-image-hover grve-media\">\n\t\t\t\t<a class=\"grve-item-url\" href=\"https:\/\/themeter.assistenzawponline.net\/wp-content\/uploads\/officine_chi_siamo_0002_Livello-2-copia.webp\"><span class=\"screen-reader-text\">More<\/span><\/a>\n\t\t\t\t<div class=\"grve-thumbnail-wrapper\"><div class=\"grve-thumbnail\"  style=\"padding-top: 100%;\"><img loading=\"lazy\" decoding=\"async\" width=\"1080\" height=\"1080\" src=\"https:\/\/themeter.assistenzawponline.net\/wp-content\/uploads\/officine_chi_siamo_0002_Livello-2-copia.webp\" class=\"attachment-large size-large grve-lazy-load lazyload\" alt=\"Compasso d&#039;Oro\" data-column-space=\"100\" data-lazyload=\"\" data-grve-filter=\"yes\" srcset=\"https:\/\/themeter.assistenzawponline.net\/wp-content\/themes\/impeka\/images\/empty\/empty.png\" data-src=\"https:\/\/themeter.assistenzawponline.net\/wp-content\/uploads\/officine_chi_siamo_0002_Livello-2-copia.webp\" data-sizes=\"auto\" data-srcset=\"https:\/\/themeter.assistenzawponline.net\/wp-content\/uploads\/officine_chi_siamo_0002_Livello-2-copia.webp 1080w, https:\/\/themeter.assistenzawponline.net\/wp-content\/uploads\/officine_chi_siamo_0002_Livello-2-copia-768x768.webp 768w, https:\/\/themeter.assistenzawponline.net\/wp-content\/uploads\/officine_chi_siamo_0002_Livello-2-copia-560x560.webp 560w, https:\/\/themeter.assistenzawponline.net\/wp-content\/uploads\/officine_chi_siamo_0002_Livello-2-copia-900x900.webp 900w, https:\/\/themeter.assistenzawponline.net\/wp-content\/uploads\/officine_chi_siamo_0002_Livello-2-copia-300x300.webp 300w, https:\/\/themeter.assistenzawponline.net\/wp-content\/uploads\/officine_chi_siamo_0002_Livello-2-copia-600x600.webp 600w, https:\/\/themeter.assistenzawponline.net\/wp-content\/uploads\/officine_chi_siamo_0002_Livello-2-copia-100x100.webp 100w\" data-expand=\"1\" \/><\/div><\/div>\t\t\t\t<div class=\"grve-bg-black grve-hover-overlay grve-opacity-30\"><\/div>\n\t\t\t<\/div>\n\t<\/div>\n\t\t\t\t<\/div>\r\n\t\t\t<\/div>\r\n\t\t<\/div>\r\n\t<\/div>\r\n<\/div>\r\n[\/vc_column][\/vc_row][vc_row rc_bg_type=&#8221;color&#8221; rc_font_color=&#8221;#1e1f1c&#8221; rc_bg_color=&#8221;#fafafa&#8221;][vc_column text_align=&#8221;center&#8221;][vc_row_inner][vc_column_inner width=&#8221;1\/3&#8243;]<h5 class=\"grve-element grve-title grve-align-left grve-h5 grve-text-primary-3\"><span>Nuestra<\/span><\/h5><h3 class=\"grve-element grve-title grve-align-left grve-h3 grve-text-primary-1\"><span>Visi\u00f3n<\/span><\/h3>[\/vc_column_inner][vc_column_inner width=&#8221;2\/3&#8243;]<div class=\"grve-empty-space grve-height-2x\"><\/div>[vc_column_text]<\/p>\n<p style=\"text-align: left;\"><em>Impulsar la transformaci\u00f3n digital en el mundo de la medici\u00f3n y la planificaci\u00f3n espaciales.<\/em><\/p>\n<p>[\/vc_column_text][\/vc_column_inner][\/vc_row_inner][\/vc_column][\/vc_row][vc_row rc_bg_type=&#8221;color&#8221; rc_font_color=&#8221;#1e1f1c&#8221; rc_bg_color=&#8221;#fafafa&#8221;][vc_column text_align=&#8221;center&#8221;][vc_row_inner][vc_column_inner width=&#8221;1\/3&#8243;]<h5 class=\"grve-element grve-title grve-align-left grve-h5 grve-text-primary-3\"><span>Nuestra<\/span><\/h5><h3 class=\"grve-element grve-title grve-align-left grve-h3 grve-text-primary-1\"><span>misi\u00f3n<\/span><\/h3>[\/vc_column_inner][vc_column_inner width=&#8221;2\/3&#8243;][vc_column_text]<\/p>\n<p style=\"text-align: left;\"><em>Haciendo que la medici\u00f3n de espacios interiores y exteriores sea automatizada, digital, r\u00e1pida y f\u00e1cil con productos que fusionan la innovaci\u00f3n tecnol\u00f3gica, el dise\u00f1o de la experiencia del usuario y el IoT para adaptarse mejor a las necesidades del cliente.<\/em><\/p>\n<p>[\/vc_column_text][\/vc_column_inner][\/vc_row_inner]<div class=\"grve-empty-space grve-height-1x\"><\/div>[\/vc_column][\/vc_row][vc_row][vc_column]<div class=\"grve-empty-space grve-height-2x\"><\/div>[\/vc_column][\/vc_row][vc_row][vc_column][vc_row_inner][vc_column_inner width=&#8221;1\/3&#8243;]<h5 class=\"grve-element grve-title grve-align-left grve-h5 grve-text-primary-3\"><span>Descubra<\/span><\/h5><h3 class=\"grve-element grve-title grve-align-left grve-h3 grve-text-primary-2\"><span>La empresa<\/span><\/h3>[\/vc_column_inner][vc_column_inner width=&#8221;2\/3&#8243;][vc_column_text]<\/p>\n<p style=\"text-align: left;\">En 2022, THE METER dejar\u00e1 de ser un proyecto de investigaci\u00f3n de <strong>OfficineIADR<\/strong> para convertirse en una empresa innovadora.<\/p>\n<p style=\"text-align: left;\">La <strong><em>actividad principal<\/em><\/strong> de THE METER es la realizaci\u00f3n de instrumentos y servicios <strong>IoT<\/strong> de alta tecnolog\u00eda para mapear, adquirir y digitalizar datos y mediciones utilizables en tiempo real.<\/p>\n<p style=\"text-align: left;\">Todas las fases <strong>est\u00e1n \u00edntegramente a cargo y gestionadas por los equipos<\/strong> de la empresa: desde el dise\u00f1o de los componentes electr\u00f3nicos y mec\u00e1nicos hasta el desarrollo de la App y los algoritmos de an\u00e1lisis, tratamiento y digitalizaci\u00f3n; desde la producci\u00f3n hasta la comercializaci\u00f3n de los productos y servicios.<\/p>\n<p>[\/vc_column_text][\/vc_column_inner][\/vc_row_inner][\/vc_column][\/vc_row][vc_row][vc_column]<div class=\"grve-empty-space grve-height-3x\"><\/div>[\/vc_column][\/vc_row][vc_row][vc_column width=&#8221;1\/3&#8243;]<h6 class=\"grve-element grve-title grve-align-inherit grve-feature-title\"><span>CONTACTOS<\/span><\/h6>[vc_column_text]<strong>Mail<\/strong> <a href=\"mailto:contact@officineiadr.com\">contact@officineiadr.com<\/a><br \/>\n<strong>Tel. <\/strong> +39 010 24 73 385[\/vc_column_text][\/vc_column][vc_column width=&#8221;1\/3&#8243;]<h6 class=\"grve-element grve-title grve-align-inherit grve-feature-title\"><span>SEDE CENTRAL<\/span><\/h6>[vc_column_text]Sede jur\u00eddica\/operativa<br \/>\nSalita di San Matteo 19, 16123 <strong>G\u00e9nova<\/strong>, Italia<\/p>\n<p>Cuartel General Operativo<br \/>\nVia Rosolino Pilo 12, 20121 <strong>Mil\u00e1n<\/strong>, Italia[\/vc_column_text][\/vc_column][vc_column width=&#8221;1\/3&#8243;]<h6 class=\"grve-element grve-title grve-align-inherit grve-feature-title\"><span>SAL\u00d3N<\/span><\/h6>[vc_column_text]Ecosistema<br \/>\nVia Gaetano Giardino 5, Mil\u00e1n<\/p>\n<p>OfficineIADR<br \/>\nSalita di San Matteo 19, G\u00e9nova[\/vc_column_text][\/vc_column][\/vc_row][vc_row][vc_column]<div class=\"grve-empty-space grve-height-3x\"><\/div>[\/vc_column][\/vc_row][vc_row padding_top_multiplier=&#8221;2x&#8221; padding_bottom_multiplier=&#8221;2x&#8221; rc_bg_type=&#8221;color&#8221; rc_bg_color=&#8221;#fafafa&#8221; rc_font_color=&#8221;#1e1f1c&#8221;][vc_column][vc_column_text]<\/p>\n<p style=\"text-align: center;\">Descubra OfficineIADR<\/p>\n<p>[\/vc_column_text]<div class=\"grve-element grve-align-center\"><a href=\"https:\/\/www.oiadr.com\/\" target=\"_blank\" class=\"grve-btn-text grve-btn-line grve-line-bottom-advanced grve-text-primary-3 grve-text-hover-primary-3 grve-btn-large\">\n\t\t<div class=\"grve-btn-inner\">\n\t\t<span>Visite el sitio<\/span>\n\t\t\t<span class=\"grve-line grve-bg-primary-3\"><\/span>\n\t\t\t\t\t\t\t<\/div>\n\t<\/a><\/div>[\/vc_column][\/vc_row]<\/p>\n<\/div>","protected":false},"excerpt":{"rendered":"<p>[vc_row section_type=&#8221;fullwidth&#8221; padding_top_multiplier=&#8221;4x&#8221; padding_bottom_multiplier=&#8221;4x&#8221; rc_bg_type=&#8221;image&#8221; rc_bg_image=&#8221;1036249&#8243; rc_bg_pattern_overlay=&#8221;yes&#8221; rc_bg_color_overlay=&#8221;primary-1&#8243; rc_bg_opacity_overlay=&#8221;40&#8243; rc_font_color=&#8221;#fafafa&#8221;][vc_column text_align=&#8221;center&#8221;][vc_column_text] Somos una empresa de G\u00e9nova activa en los campos de la Ingenier\u00eda, la Arquitectura, el Desing y la Investigaci\u00f3n. Combinamos la experiencia del pasado con una visi\u00f3n proyectada hacia el futuro. [\/vc_column_text][\/vc_column][\/vc_row][vc_row padding_top_multiplier=&#8221;3x&#8221;][vc_column][vc_row_inner][vc_column_inner width=&#8221;1\/3&#8243;][\/vc_column_inner][vc_column_inner width=&#8221;2\/3&#8243;][vc_column_text]Officine IADR naci\u00f3 de una empresa genovesa de Ingenier\u00eda fundada [&hellip;]<\/p>\n","protected":false},"author":13,"featured_media":0,"parent":0,"menu_order":0,"comment_status":"closed","ping_status":"closed","template":"","meta":{"inline_featured_image":false,"footnotes":""},"class_list":["post-1025767","page","type-page","status-publish","hentry","grve-entry-item"],"_links":{"self":[{"href":"https:\/\/themeter.assistenzawponline.net\/es\/wp-json\/wp\/v2\/pages\/1025767","targetHints":{"allow":["GET"]}}],"collection":[{"href":"https:\/\/themeter.assistenzawponline.net\/es\/wp-json\/wp\/v2\/pages"}],"about":[{"href":"https:\/\/themeter.assistenzawponline.net\/es\/wp-json\/wp\/v2\/types\/page"}],"author":[{"embeddable":true,"href":"https:\/\/themeter.assistenzawponline.net\/es\/wp-json\/wp\/v2\/users\/13"}],"replies":[{"embeddable":true,"href":"https:\/\/themeter.assistenzawponline.net\/es\/wp-json\/wp\/v2\/comments?post=1025767"}],"version-history":[{"count":0,"href":"https:\/\/themeter.assistenzawponline.net\/es\/wp-json\/wp\/v2\/pages\/1025767\/revisions"}],"wp:attachment":[{"href":"https:\/\/themeter.assistenzawponline.net\/es\/wp-json\/wp\/v2\/media?parent=1025767"}],"curies":[{"name":"wp","href":"https:\/\/api.w.org\/{rel}","templated":true}]}}