{"id":1025784,"date":"2023-04-26T15:18:48","date_gmt":"2023-04-26T15:18:48","guid":{"rendered":"https:\/\/themeter.it\/prodotti\/tripode\/"},"modified":"2025-02-06T09:04:14","modified_gmt":"2025-02-06T09:04:14","slug":"tripode","status":"publish","type":"product","link":"https:\/\/themeter.assistenzawponline.net\/es\/prodotti\/tripode\/","title":{"rendered":"TRIPOD"},"content":{"rendered":"<p>Caballete plegable y port\u00e1til con altura regulable. Gracias al estuche incluido y a su reducido tama\u00f1o, es f\u00e1cilmente transportable durante viajes e inspecciones. Es el accesorio ideal para los aparatos The Meter: gracias al cabezal esf\u00e9rico puede utilizarlo c\u00f3modamente para realizar secciones.<\/p>\n<p>Los soportes est\u00e1n dise\u00f1ados a medida para los dispositivos The Meter. Es aconsejable utilizar este accesorio para evitar posibles da\u00f1os en los dispositivos.<\/p>\n","protected":false},"excerpt":{"rendered":"<p>Caballete plegable y port\u00e1til con altura regulable. Gracias al estuche incluido y a su reducido tama\u00f1o, es f\u00e1cilmente transportable durante viajes e inspecciones. Es el accesorio ideal para los aparatos The Meter: gracias al cabezal esf\u00e9rico puede utilizarlo c\u00f3modamente para realizar secciones. Los soportes est\u00e1n dise\u00f1ados a medida para los dispositivos The Meter. Es aconsejable [&hellip;]<\/p>\n","protected":false},"featured_media":1031389,"template":"","meta":{"inline_featured_image":false},"product_brand":[],"product_cat":[76],"product_tag":[],"class_list":{"0":"post-1025784","1":"product","2":"type-product","3":"status-publish","4":"has-post-thumbnail","6":"product_cat-accesorios","7":"grve-entry-item","9":"first","10":"instock","11":"taxable","12":"shipping-taxable","13":"purchasable","14":"product-type-variable","15":"has-default-attributes"},"_links":{"self":[{"href":"https:\/\/themeter.assistenzawponline.net\/es\/wp-json\/wp\/v2\/product\/1025784","targetHints":{"allow":["GET"]}}],"collection":[{"href":"https:\/\/themeter.assistenzawponline.net\/es\/wp-json\/wp\/v2\/product"}],"about":[{"href":"https:\/\/themeter.assistenzawponline.net\/es\/wp-json\/wp\/v2\/types\/product"}],"wp:featuredmedia":[{"embeddable":true,"href":"https:\/\/themeter.assistenzawponline.net\/es\/wp-json\/wp\/v2\/media\/1031389"}],"wp:attachment":[{"href":"https:\/\/themeter.assistenzawponline.net\/es\/wp-json\/wp\/v2\/media?parent=1025784"}],"wp:term":[{"taxonomy":"product_brand","embeddable":true,"href":"https:\/\/themeter.assistenzawponline.net\/es\/wp-json\/wp\/v2\/product_brand?post=1025784"},{"taxonomy":"product_cat","embeddable":true,"href":"https:\/\/themeter.assistenzawponline.net\/es\/wp-json\/wp\/v2\/product_cat?post=1025784"},{"taxonomy":"product_tag","embeddable":true,"href":"https:\/\/themeter.assistenzawponline.net\/es\/wp-json\/wp\/v2\/product_tag?post=1025784"}],"curies":[{"name":"wp","href":"https:\/\/api.w.org\/{rel}","templated":true}]}}