{"id":1025788,"date":"2023-04-26T15:22:57","date_gmt":"2023-04-26T15:22:57","guid":{"rendered":"https:\/\/themeter.it\/prodotti\/bolsa-cubo\/"},"modified":"2025-01-17T15:27:07","modified_gmt":"2025-01-17T15:27:07","slug":"cubo-bolsa","status":"publish","type":"product","link":"https:\/\/themeter.assistenzawponline.net\/es\/prodotti\/cubo-bolsa\/","title":{"rendered":"CUBE BAG"},"content":{"rendered":"<p>Dise\u00f1ado y fabricado para la l\u00ednea de productos de The Meter, resistente a los golpes y al agua, cuenta con un empu\u00f1adura ergon\u00f3mica dise\u00f1ada para el transporte. El interior est\u00e1 forrado de tela, en la bandeja inferior hay espacio para el dispositivo con una pr\u00e1ctica correa extra\u00edble, en la parte superior hay un contenedor para guardar el cargador, el cable y diversos accesorios.<\/p>\n","protected":false},"excerpt":{"rendered":"<h5 style=\"color: #1e1f1c; font-weight: 800;\">TODO A SU ALCANCE<\/h5>\n<p>La exclusiva bolsa hecha a medida para guardar y transportar con seguridad sus dispositivos The Meter: el cargador de bater\u00eda, el cable de carga, el power bank y cualquier otro accesorio.<\/p>\n<ul>\n<li>Resistente al agua<\/li>\n<li>Empu\u00f1adura ergon\u00f3mica<\/li>\n<li>Interior forrado de tela<\/li>\n<\/ul>\n<p><span class=\"price\"><span class=\"woocommerce-Price-amount amount\"><bdi><span class=\"woocommerce-Price-currencySymbol\">\u20ac<\/span>89,00<\/bdi><\/span> <small class=\"woocommerce-price-suffix\">IVA no incluido<\/small><\/span><\/p>\n","protected":false},"featured_media":1031341,"template":"","meta":{"inline_featured_image":false},"product_brand":[],"product_cat":[76],"product_tag":[],"class_list":{"0":"post-1025788","1":"product","2":"type-product","3":"status-publish","4":"has-post-thumbnail","6":"product_cat-accesorios","7":"grve-entry-item","9":"first","10":"instock","11":"taxable","12":"shipping-taxable","13":"purchasable","14":"product-type-simple"},"_links":{"self":[{"href":"https:\/\/themeter.assistenzawponline.net\/es\/wp-json\/wp\/v2\/product\/1025788","targetHints":{"allow":["GET"]}}],"collection":[{"href":"https:\/\/themeter.assistenzawponline.net\/es\/wp-json\/wp\/v2\/product"}],"about":[{"href":"https:\/\/themeter.assistenzawponline.net\/es\/wp-json\/wp\/v2\/types\/product"}],"wp:featuredmedia":[{"embeddable":true,"href":"https:\/\/themeter.assistenzawponline.net\/es\/wp-json\/wp\/v2\/media\/1031341"}],"wp:attachment":[{"href":"https:\/\/themeter.assistenzawponline.net\/es\/wp-json\/wp\/v2\/media?parent=1025788"}],"wp:term":[{"taxonomy":"product_brand","embeddable":true,"href":"https:\/\/themeter.assistenzawponline.net\/es\/wp-json\/wp\/v2\/product_brand?post=1025788"},{"taxonomy":"product_cat","embeddable":true,"href":"https:\/\/themeter.assistenzawponline.net\/es\/wp-json\/wp\/v2\/product_cat?post=1025788"},{"taxonomy":"product_tag","embeddable":true,"href":"https:\/\/themeter.assistenzawponline.net\/es\/wp-json\/wp\/v2\/product_tag?post=1025788"}],"curies":[{"name":"wp","href":"https:\/\/api.w.org\/{rel}","templated":true}]}}