{"id":1025790,"date":"2023-04-26T15:27:42","date_gmt":"2023-04-26T15:27:42","guid":{"rendered":"https:\/\/themeter.it\/prodotti\/kit-cargador\/"},"modified":"2025-01-17T15:28:11","modified_gmt":"2025-01-17T15:28:11","slug":"kit-cargador","status":"publish","type":"product","link":"https:\/\/themeter.assistenzawponline.net\/es\/prodotti\/kit-cargador\/","title":{"rendered":"CHARGER KIT"},"content":{"rendered":"<p>En casa, en la oficina o cuando est\u00e1s fuera, la fuente de alimentaci\u00f3n USB de <strong>The Meter<\/strong> te permite recargar de forma c\u00f3moda y r\u00e1pida. Dise\u00f1ado para funcionar mejor con <strong>CUBE <\/strong>y <strong>CUBEPRO<\/strong>, es sin embargo compatible con todos los dispositivos USB que utilicen su funci\u00f3n de carga r\u00e1pida.<\/p>\n","protected":false},"excerpt":{"rendered":"<h6>Kit de recarga para productos The Meter<\/h6>\n<p>En casa, en la oficina o cuando est\u00e1s fuera, la fuente de alimentaci\u00f3n USB de The Meter te permite recargar de forma c\u00f3moda y r\u00e1pida.<\/p>\n<p>Dise\u00f1ado para funcionar mejor con dispositivos The Meter, es sin embargo <strong>compatible<\/strong> con todos los dispositivos USB aprovechando su funci\u00f3n de <strong>carga r\u00e1pida<\/strong>.<\/p>\n<p><span class=\"price\"><span class=\"woocommerce-Price-amount amount\"><bdi><span class=\"woocommerce-Price-currencySymbol\">\u20ac<\/span>25,00<\/bdi><\/span> <small class=\"woocommerce-price-suffix\">IVA no incluido<\/small><\/span><\/p>\n","protected":false},"featured_media":1031261,"template":"","meta":{"inline_featured_image":false},"product_brand":[],"product_cat":[76],"product_tag":[],"class_list":{"0":"post-1025790","1":"product","2":"type-product","3":"status-publish","4":"has-post-thumbnail","6":"product_cat-accesorios","7":"grve-entry-item","9":"first","10":"instock","11":"taxable","12":"shipping-taxable","13":"purchasable","14":"product-type-simple"},"_links":{"self":[{"href":"https:\/\/themeter.assistenzawponline.net\/es\/wp-json\/wp\/v2\/product\/1025790","targetHints":{"allow":["GET"]}}],"collection":[{"href":"https:\/\/themeter.assistenzawponline.net\/es\/wp-json\/wp\/v2\/product"}],"about":[{"href":"https:\/\/themeter.assistenzawponline.net\/es\/wp-json\/wp\/v2\/types\/product"}],"wp:featuredmedia":[{"embeddable":true,"href":"https:\/\/themeter.assistenzawponline.net\/es\/wp-json\/wp\/v2\/media\/1031261"}],"wp:attachment":[{"href":"https:\/\/themeter.assistenzawponline.net\/es\/wp-json\/wp\/v2\/media?parent=1025790"}],"wp:term":[{"taxonomy":"product_brand","embeddable":true,"href":"https:\/\/themeter.assistenzawponline.net\/es\/wp-json\/wp\/v2\/product_brand?post=1025790"},{"taxonomy":"product_cat","embeddable":true,"href":"https:\/\/themeter.assistenzawponline.net\/es\/wp-json\/wp\/v2\/product_cat?post=1025790"},{"taxonomy":"product_tag","embeddable":true,"href":"https:\/\/themeter.assistenzawponline.net\/es\/wp-json\/wp\/v2\/product_tag?post=1025790"}],"curies":[{"name":"wp","href":"https:\/\/api.w.org\/{rel}","templated":true}]}}