{"id":1025792,"date":"2023-06-22T15:58:29","date_gmt":"2023-06-22T15:58:29","guid":{"rendered":"https:\/\/themeter.it\/prodotti\/banco-de-energia\/"},"modified":"2025-01-17T15:27:10","modified_gmt":"2025-01-17T15:27:10","slug":"power-bank","status":"publish","type":"product","link":"https:\/\/themeter.assistenzawponline.net\/es\/prodotti\/power-bank\/","title":{"rendered":"POWER BANK"},"content":{"rendered":"<p>El POWER<strong><span style=\"color: #e30613; font-size: 0.575em;\">BANK<\/span><\/strong>, le permite recargar mientras utiliza sus dispositivos THE METER.<br \/>\nPara realizar hasta dos recargas fuera de la oficina, puedes llevarlo contigo c\u00f3modamente en el bolsillo de la CUBE<strong><span style=\"color: #e30613; font-size: 0.575em;\">BAG<\/span><\/strong>.<\/p>\n","protected":false},"excerpt":{"rendered":"<h5 style=\"color: #1e1f1c; font-weight: 800;\">Carga en movimiento<\/h5>\n<p>The Meter Power Bank te permite cargar c\u00f3modamente tus dispositivos sobre la marcha.<br \/>\nGracias a los indicadores LED puedes conocer el nivel de carga. Pr\u00e1ctico y con un dise\u00f1o sencillo, es la soluci\u00f3n ideal para recargar su dispositivo incluso mientras est\u00e1 topografiando.<\/p>\n<p><span class=\"price\"><span class=\"woocommerce-Price-amount amount\"><bdi><span class=\"woocommerce-Price-currencySymbol\">\u20ac<\/span>89,00<\/bdi><\/span> <small class=\"woocommerce-price-suffix\">IVA no incluido<\/small><\/span><\/p>\n","protected":false},"featured_media":1031365,"template":"","meta":{"inline_featured_image":false},"product_brand":[],"product_cat":[76],"product_tag":[],"class_list":{"0":"post-1025792","1":"product","2":"type-product","3":"status-publish","4":"has-post-thumbnail","6":"product_cat-accesorios","7":"grve-entry-item","9":"first","10":"instock","11":"taxable","12":"shipping-taxable","13":"purchasable","14":"product-type-simple"},"_links":{"self":[{"href":"https:\/\/themeter.assistenzawponline.net\/es\/wp-json\/wp\/v2\/product\/1025792","targetHints":{"allow":["GET"]}}],"collection":[{"href":"https:\/\/themeter.assistenzawponline.net\/es\/wp-json\/wp\/v2\/product"}],"about":[{"href":"https:\/\/themeter.assistenzawponline.net\/es\/wp-json\/wp\/v2\/types\/product"}],"wp:featuredmedia":[{"embeddable":true,"href":"https:\/\/themeter.assistenzawponline.net\/es\/wp-json\/wp\/v2\/media\/1031365"}],"wp:attachment":[{"href":"https:\/\/themeter.assistenzawponline.net\/es\/wp-json\/wp\/v2\/media?parent=1025792"}],"wp:term":[{"taxonomy":"product_brand","embeddable":true,"href":"https:\/\/themeter.assistenzawponline.net\/es\/wp-json\/wp\/v2\/product_brand?post=1025792"},{"taxonomy":"product_cat","embeddable":true,"href":"https:\/\/themeter.assistenzawponline.net\/es\/wp-json\/wp\/v2\/product_cat?post=1025792"},{"taxonomy":"product_tag","embeddable":true,"href":"https:\/\/themeter.assistenzawponline.net\/es\/wp-json\/wp\/v2\/product_tag?post=1025792"}],"curies":[{"name":"wp","href":"https:\/\/api.w.org\/{rel}","templated":true}]}}