{"id":1027378,"date":"2023-10-30T11:58:44","date_gmt":"2023-10-30T11:58:44","guid":{"rendered":"https:\/\/themeter.it\/prodotti\/cube2\/"},"modified":"2025-01-17T15:27:07","modified_gmt":"2025-01-17T15:27:07","slug":"cube2","status":"publish","type":"product","link":"https:\/\/themeter.assistenzawponline.net\/es\/prodotti\/cube2\/","title":{"rendered":"CUBE<span class=\"cube-2\" style=\"font-size: 1.12em; color: #e30613;\">2<\/span>"},"content":{"rendered":"<div class=\"wpb-content-wrapper\"><p>[vc_row][vc_column]<h3 class=\"grve-element grve-title grve-align-inherit grve-h3 grve-with-line grve-top-line grve-text-primary-1\"><span>FAQ<\/span><span class=\"grve-title-line grve-bg-primary-1\" style=\"width: 50px;height: 2px;\"><\/span><\/h3>[vc_tta_accordion title_tag=&#8221;h4&#8243; active_section=&#8221;1&#8243;][vc_tta_section title=&#8221;1. \u00bfC\u00f3mo puedo actualizar mi dispositivo?&#8221;][vc_column_text el_class=&#8221;faq-risp-color&#8221;]Las actualizaciones de la aplicaci\u00f3n m\u00f3vil se notificar\u00e1n autom\u00e1ticamente y estar\u00e1n disponibles en AppStore y PlayStore, mientras que las actualizaciones del firmware del producto se notificar\u00e1n a trav\u00e9s de la aplicaci\u00f3n y estar\u00e1n disponibles a trav\u00e9s de la aplicaci\u00f3n &#8220;The Meter &#8211; Doctor&#8221; en las plataformas online correspondientes.[\/vc_column_text][\/vc_tta_section][vc_tta_section title=&#8221;2. \u00bfC\u00f3mo se comporta con las superficies acristaladas\/transparentes\/semitransparentes\/brillantes?&#8221; tab_id=&#8221;1681833947245-a0a6943a-09f8&#8243;][vc_column_text el_class=&#8221;faq-risp-color&#8221;]The Meter, gracias a su sistema de doble detecci\u00f3n, capta la mayor\u00eda de las superficies. Las superficies transparentes o reflectantes son las m\u00e1s problem\u00e1ticas.[\/vc_column_text][\/vc_tta_section][vc_tta_section title=&#8221;3. \u00bfCu\u00e1l es el grado de precisi\u00f3n de la medici\u00f3n realizada?&#8221; tab_id=&#8221;1681834357713-83309e49-5d8f&#8221;][vc_column_text el_class=&#8221;faq-risp-color&#8221;]CUBE PRO adquiere un punto cada 0,225 grados, para un total de 1600 puntos hasta una distancia de 60 metros. CUBE2 adquiere un punto cada 0,1125 grados, para un total de 3200 puntos hasta una distancia de 60 metros.[\/vc_column_text][\/vc_tta_section][vc_tta_section title=&#8221;4. \u00bfQu\u00e9 tipo de file genera The Meter?&#8221; tab_id=&#8221;1681834385004-986f3215-395c&#8221;][vc_column_text el_class=&#8221;faq-risp-color&#8221;]El file que se genera es un .DXF multilayer, con la adici\u00f3n de 3 niveles de simplificaci\u00f3n, compatible y editable por todos los programas de dise\u00f1o. Para descargar un ejemplo de encuesta .dxf, vaya a Asistencia &#8211; Documentaci\u00f3n &#8211; T\u00e9cnica &#8211; Ejemplos de encuestas[\/vc_column_text][\/vc_tta_section][vc_tta_section title=&#8221;5. \u00bfQu\u00e9 alcance tiene el aparato?&#8221; tab_id=&#8221;1681834424106-b141b2b8-d96d&#8221;][vc_column_text el_class=&#8221;faq-risp-color&#8221;]Los dispositivos Ther Meter, en versiones Cube Pro y Cube 2, en modo autom\u00e1tico y utilizando el l\u00e1ser transparente, alcanzan un campo de acci\u00f3n m\u00e1ximo de 60 metros, que se duplica al colocar el dispositivo en el centro de la habitaci\u00f3n.[\/vc_column_text][\/vc_tta_section][vc_tta_section title=&#8221;6. \u00bfSe pueden realizar encuestas externas?&#8221; tab_id=&#8221;1681834451234-75cc4a9e-0957&#8243;][vc_column_text el_class=&#8221;faq-risp-color&#8221;]The Meter es apropiado para realizar mediciones tanto en interiores como en exteriores.[\/vc_column_text][\/vc_tta_section][vc_tta_section title=&#8221;7. \u00bfDeben estar vac\u00edas las habitaciones?&#8221; tab_id=&#8221;1681834479247-0d24e13a-84a7&#8243;][vc_column_text el_class=&#8221;faq-risp-color&#8221;]No, en presencia de obst\u00e1culos, en funcionamiento autom\u00e1tico, basta con colocar el aparato en la posici\u00f3n siguiente para que detecte los puntos que han quedado ocultos. En modo manual, se pueden capturar puntos de inter\u00e9s individuales, evitando los obst\u00e1culos.[\/vc_column_text][\/vc_tta_section][vc_tta_section title=&#8221;8. \u00bfPuede funcionar tambi\u00e9n en vertical?&#8221; tab_id=&#8221;1681834508473-114f993d-1765&#8243;][vc_column_text el_class=&#8221;faq-risp-color&#8221;]Por supuesto. Gracias al tornillo para tr\u00edpode, la burbuja lateral y el aceler\u00f3metro para alineaci\u00f3n, el aparato The Meter puede colocarse en posici\u00f3n vertical para medir la secci\u00f3n.[\/vc_column_text][\/vc_tta_section][vc_tta_section title=&#8221;9. \u00bfC\u00f3mo se guardan las lecturas?&#8221; tab_id=&#8221;1681834542402-37c7a12b-f1be&#8221;][vc_column_text el_class=&#8221;faq-risp-color&#8221;]Las encuestas se guardan en la aplicaci\u00f3n, en el men\u00fa Proyectos, utilizando el espacio disponible en tu smarthphone o tablet.[\/vc_column_text][\/vc_tta_section][vc_tta_section title=&#8221;10. \u00bfPueden los dispositivos The Meter conectar varias habitaciones?&#8221; tab_id=&#8221;1681834569710-9404c3a6-df54&#8243;][vc_column_text el_class=&#8221;faq-risp-color&#8221;]Gracias a la funci\u00f3n multiesc\u00e1ner, The Meter conecta varias habitaciones. Vea el v\u00eddeo en YouTube o descargue nuestras gu\u00edas[\/vc_column_text][\/vc_tta_section][vc_tta_section title=&#8221;11. \u00bfEs posible personalizar el relieve insertando iconos?&#8221; tab_id=&#8221;1686156243366-ef6be2eb-ee60&#8243;][vc_column_text el_class=&#8221;faq-risp-color&#8221;]Por supuesto. En el modo autom\u00e1tico puede insertar marcadores en el plano y cualquier comentario, que se insertar\u00e1n en el file .dxf en un nivel llamado &#8216;Marcador&#8217;. Elija la que mejor se adapte a sus necesidades.[\/vc_column_text][\/vc_tta_section][vc_tta_section title=&#8221;12. \u00bfEs posible crear documentaci\u00f3n fotogr\u00e1fica para la encuesta?&#8221; tab_id=&#8221;1690546448355-89541942-7b9a&#8221;][vc_column_text el_class=&#8221;faq-risp-color&#8221;]\u00a1S\u00ed! Una vez realizada la encuesta en modo autom\u00e1tico, es posible crear documentaci\u00f3n fotogr\u00e1fica para respaldar el trabajo. Elija los puntos del relieve que desea enriquecer con im\u00e1genes y tome fotos (a trav\u00e9s de la secci\u00f3n Marcador) . Elija el modo de exportaci\u00f3n de la encuesta. 1. Cl\u00e1sico: las encuestas se exportar\u00e1n en formato cl\u00e1sico DXF 2. Cl\u00e1sico + Im\u00e1genes: tanto las encuestas en formato DXF como las im\u00e1genes tomadas se exportar\u00e1n en un \u00fanico archivo zip. 3. NextGen: las encuestas en formato DXF con im\u00e1genes tomadas en su interior se exportar\u00e1n en un \u00fanico archivo zip[\/vc_column_text][\/vc_tta_section][vc_tta_section title=&#8221;13. \u00bfC\u00d3MO ES QUE NO VEO LA DOCUMENTACI\u00d3N FOTOGR\u00c1FICA EN LA ENCUESTA NEXTGEN?&#8221; tab_id=&#8221;1690900203604-4b4b714f-5883&#8243;][vc_column_text el_class=&#8221;faq-risp-color&#8221;]El rendimiento depende del programa CAD utilizado y de la versi\u00f3n. En el caso de que su CAD no soporte im\u00e1genes dentro del .dxf, puede exportar el archivo en el modo &#8216;Cl\u00e1sico + Im\u00e1genes&#8217; que hemos desarrollado para darle la posibilidad de tener las im\u00e1genes dentro del archivo zip con un nombre de referencia indicando la posici\u00f3n dentro del .dxf.<br \/>\n[\/vc_column_text][\/vc_tta_section][\/vc_tta_accordion][\/vc_column][\/vc_row]<\/p>\n<\/div>","protected":false},"excerpt":{"rendered":"<p>[vc_row][vc_column][vc_tta_accordion title_tag=&#8221;h4&#8243; active_section=&#8221;1&#8243;][vc_tta_section title=&#8221;1. \u00bfC\u00f3mo puedo actualizar mi dispositivo?&#8221;][vc_column_text el_class=&#8221;faq-risp-color&#8221;]Las actualizaciones de la aplicaci\u00f3n m\u00f3vil se notificar\u00e1n autom\u00e1ticamente y estar\u00e1n disponibles en AppStore y PlayStore, mientras que las actualizaciones del firmware del producto se notificar\u00e1n a trav\u00e9s de la aplicaci\u00f3n y estar\u00e1n disponibles a trav\u00e9s de la aplicaci\u00f3n &#8220;The Meter &#8211; Doctor&#8221; en las plataformas [&hellip;]<\/p>\n","protected":false},"featured_media":1031301,"template":"","meta":{"inline_featured_image":false},"product_brand":[],"product_cat":[77],"product_tag":[],"class_list":{"0":"post-1027378","1":"product","2":"type-product","3":"status-publish","4":"has-post-thumbnail","6":"product_cat-laser-2d-es","7":"grve-entry-item","9":"first","10":"instock","11":"taxable","12":"shipping-taxable","13":"purchasable","14":"product-type-variable","15":"has-default-attributes"},"_links":{"self":[{"href":"https:\/\/themeter.assistenzawponline.net\/es\/wp-json\/wp\/v2\/product\/1027378","targetHints":{"allow":["GET"]}}],"collection":[{"href":"https:\/\/themeter.assistenzawponline.net\/es\/wp-json\/wp\/v2\/product"}],"about":[{"href":"https:\/\/themeter.assistenzawponline.net\/es\/wp-json\/wp\/v2\/types\/product"}],"wp:featuredmedia":[{"embeddable":true,"href":"https:\/\/themeter.assistenzawponline.net\/es\/wp-json\/wp\/v2\/media\/1031301"}],"wp:attachment":[{"href":"https:\/\/themeter.assistenzawponline.net\/es\/wp-json\/wp\/v2\/media?parent=1027378"}],"wp:term":[{"taxonomy":"product_brand","embeddable":true,"href":"https:\/\/themeter.assistenzawponline.net\/es\/wp-json\/wp\/v2\/product_brand?post=1027378"},{"taxonomy":"product_cat","embeddable":true,"href":"https:\/\/themeter.assistenzawponline.net\/es\/wp-json\/wp\/v2\/product_cat?post=1027378"},{"taxonomy":"product_tag","embeddable":true,"href":"https:\/\/themeter.assistenzawponline.net\/es\/wp-json\/wp\/v2\/product_tag?post=1027378"}],"curies":[{"name":"wp","href":"https:\/\/api.w.org\/{rel}","templated":true}]}}