{"id":1025813,"date":"2023-04-18T16:00:00","date_gmt":"2023-04-18T16:00:00","guid":{"rendered":"https:\/\/themeter.it\/faq\/"},"modified":"2025-01-17T16:17:35","modified_gmt":"2025-01-17T16:17:35","slug":"faq","status":"publish","type":"page","link":"https:\/\/themeter.assistenzawponline.net\/fr\/faq\/","title":{"rendered":"FAQ"},"content":{"rendered":"<div class=\"wpb-content-wrapper\"><p>[vc_row section_type=&#8221;fullwidth&#8221; padding_top_multiplier=&#8221;3x&#8221; padding_bottom_multiplier=&#8221;3x&#8221; rc_bg_type=&#8221;image&#8221; rc_bg_image=&#8221;1031190&#8243; rc_bg_pattern_overlay=&#8221;yes&#8221; rc_bg_color_overlay=&#8221;primary-1&#8243; rc_bg_opacity_overlay=&#8221;40&#8243;][vc_column text_align=&#8221;center&#8221; rc_bg_type=&#8221;image&#8221; grve_css=&#8221;{&#8220;desktop&#8220;:{&#8220;padding-top&#8220;:&#8220;80&#8220;,&#8220;padding-right&#8220;:&#8220;80&#8220;,&#8220;padding-bottom&#8220;:&#8220;80&#8220;,&#8220;padding-left&#8220;:&#8220;80&#8220;,&#8220;class&#8220;:&#8220;grve-wpb-1682282584366&#8220;}}&#8221;]<h1 class=\"grve-element grve-title grve-align-inherit grve-h2\"><span>FAQ<\/span><\/h1>[\/vc_column][\/vc_row][vc_row][vc_column]<div class=\"grve-empty-space grve-height-3x\"><\/div><h3 class=\"grve-element grve-title grve-align-inherit grve-h3 grve-with-line grve-top-line grve-text-primary-3\"><span>Domaine technique<\/span><span class=\"grve-title-line grve-bg-primary-3\" style=\"width: 50px;height: 2px;\"><\/span><\/h3>[vc_tta_accordion title_tag=&#8221;h4&#8243; active_section=&#8221;1&#8243;][vc_tta_section title=&#8221;1. Comment faire pour mettre \u00e0 jour mon dispositif?&#8221;][vc_column_text el_class=&#8221;faq-risp-color&#8221;]Les mises \u00e0 jour de l&#8217;application mobile seront automatiquement notifi\u00e9es et disponibles sur AppStore et PlayStore, tandis que les mises \u00e0 jour du firmware du produit seront notifi\u00e9es via l&#8217;application et disponibles via l&#8217;application &#8220;The Meter &#8211; Doctor&#8221; sur les store concern\u00e9s.[\/vc_column_text][\/vc_tta_section][vc_tta_section title=&#8221;2. Comment se comporte-t-il avec les surfaces vitr\u00e9es\/transparentes\/semi-transparentes\/lucide?&#8221; tab_id=&#8221;1681833947245-a0a6943a-09f8&#8243;][vc_column_text el_class=&#8221;faq-risp-color&#8221;]Gr\u00e2ce \u00e0 son syst\u00e8me de double d\u00e9tection, The Meter capture la plupart des surfaces. Les surfaces transparentes ou r\u00e9fl\u00e9chissantes sont les plus probl\u00e9matiques.[\/vc_column_text][\/vc_tta_section][vc_tta_section title=&#8221;3. Quel est le degr\u00e9 de pr\u00e9cision de la mesure effectu\u00e9e ?&#8221; tab_id=&#8221;1681834357713-83309e49-5d8f&#8221;][vc_column_text el_class=&#8221;faq-risp-color&#8221;]CUBE PRO acquiert un point tous les 0,225 degr\u00e9s, soit un total de 1600 points jusqu&#8217;\u00e0 une distance de 60 m\u00e8tres.<\/p>\n<p>Le Cube 2 acquiert un point tous les 0,1125 degr\u00e9s, soit un total de 3200 points jusqu&#8217;\u00e0 une distance de 60 m\u00e8tres.[\/vc_column_text][\/vc_tta_section][vc_tta_section title=&#8221;4. Quel type de fichier est g\u00e9n\u00e9r\u00e9 par The Meter ?&#8221; tab_id=&#8221;1681834385004-986f3215-395c&#8221;][vc_column_text el_class=&#8221;faq-risp-color&#8221;]Le fichier g\u00e9n\u00e9r\u00e9 est un .DXF multilayer, avec l&#8217;ajout de 3 niveaux de simplification, compatible et \u00e9ditable par tous les programmes de dessin. Pour t\u00e9l\u00e9charger un exemple d&#8217;enqu\u00eate au format .DXF, voir Support &#8211; Documentation &#8211; Technique &#8211; Exemples de relev\u00e9[\/vc_column_text][\/vc_tta_section][vc_tta_section title=&#8221;5. Quelle est la port\u00e9e de l&apos;appareil ?&#8221; tab_id=&#8221;1681834424106-b141b2b8-d96d&#8221;][vc_column_text el_class=&#8221;faq-risp-color&#8221;]Les dispositif The Meter, en version Cube Pro et Cube 2, en mode automatique et en utilisant le laser transparent, atteignent une port\u00e9e maximale de 60 m\u00e8tres, qui double lorsque l&#8217;appareil est plac\u00e9 au centre de la pi\u00e8ce.[\/vc_column_text][\/vc_tta_section][vc_tta_section title=&#8221;6. Est-ce que nous avons l&apos;opportunit\u00e9 de faire des relev\u00e9s a l&apos;exterieur?&#8221; tab_id=&#8221;1681834451234-75cc4a9e-0957&#8243;][vc_column_text el_class=&#8221;faq-risp-color&#8221;]The Meter est adapt\u00e9 \u00e0 relever des espaces int\u00e9rieurs et ext\u00e9rieurs.[\/vc_column_text][\/vc_tta_section][vc_tta_section title=&#8221;7. Les chambres doivent-elles \u00eatre vides?&#8221; tab_id=&#8221;1681834479247-0d24e13a-84a7&#8243;][vc_column_text el_class=&#8221;faq-risp-color&#8221;]Non, en pr\u00e9sence d&#8217;obstacles, en mode automatique, sera suffisant placer le dispositif dans la position suivante pour qu&#8217;il d\u00e9tecte les points rest\u00e9s cach\u00e9s.<\/p>\n<p>En mode manuel, il est possible de capturer des points d&#8217;int\u00e9r\u00eat individuels en \u00e9vitant les obstacles.[\/vc_column_text][\/vc_tta_section][vc_tta_section title=&#8221;8. Peut-il \u00e9galement fonctionner \u00e0 la verticale ?&#8221; tab_id=&#8221;1681834508473-114f993d-1765&#8243;][vc_column_text el_class=&#8221;faq-risp-color&#8221;]Bien s\u00fbr. Gr\u00e2ce \u00e0 la vis de tr\u00e9pied, \u00e0 la bulle lat\u00e9rale et \u00e0 l&#8217;acc\u00e9l\u00e9rom\u00e8tre d&#8217;alignement, le Meter peut \u00eatre positionn\u00e9 verticalement pour mesurer la section.[\/vc_column_text][\/vc_tta_section][vc_tta_section title=&#8221;9. Comment les lectures sont-elles sauv\u00e9es ?&#8221; tab_id=&#8221;1681834542402-37c7a12b-f1be&#8221;][vc_column_text el_class=&#8221;faq-risp-color&#8221;]Les relev\u00e9s sont enregistr\u00e9s sur l&#8217;application dans le menu Projets, en utilisant l&#8217;espace disponible sur votre smartphone ou tablette.[\/vc_column_text][\/vc_tta_section][vc_tta_section title=&#8221;10. Les appareils The Meter peuvent-ils connecter plusieurs chambres?&#8221; tab_id=&#8221;1681834569710-9404c3a6-df54&#8243;][vc_column_text el_class=&#8221;faq-risp-color&#8221;]Gr\u00e2ce \u00e0 la fonction multiscan, The Meter peut unir plusieurs chambres. Regardez la vid\u00e9o sur YouTube ou t\u00e9l\u00e9chargez nos guides[\/vc_column_text][\/vc_tta_section][vc_tta_section title=&#8221;11. Est-il possible de personnaliser le relev\u00e9 en y ins\u00e9rant des ic\u00f4nes?&#8221; tab_id=&#8221;1686156243366-ef6be2eb-ee60&#8243;][vc_column_text el_class=&#8221;faq-risp-color&#8221;]Bien s\u00fbr! En mode automatique, vous pouvez ins\u00e9rer des markers sur le plan et des commentaires \u00e9ventuels, qui seront ins\u00e9r\u00e9s dans le fichier .DXF dans une niveau sp\u00e9ciale appel\u00e9e &#8220;Marker&#8221;. Choisissez le mode qui vous convient le mieux![\/vc_column_text][\/vc_tta_section][vc_tta_section title=&#8221;12. Est-il possible de cr\u00e9er une documentation photographique pour le relev\u00e9?&#8221; tab_id=&#8221;1690546448355-89541942-7b9a&#8221;][vc_column_text el_class=&#8221;faq-risp-color&#8221;]Oui! Une fois le relev\u00e9 effectu\u00e9 en mode automatique, il est possible de cr\u00e9er une documentation photographique \u00e0 l&#8217;appui du travail. Choisissez les points du relief que vous voulez enrichir d&#8217;images et prenez des photos (via la section Marker ). Choisissez le mode d&#8217;exportation du relev\u00e9.<br \/>\n1. Classic: les enqu\u00eates sont export\u00e9es au format DXF classique.<br \/>\n2. Classic + Images: les relev\u00e9s au format .DXF et les images prises seront export\u00e9s dans un seul fichier zip.<br \/>\n3. NextGen: les relev\u00e9s au format .DXF avec les images prises \u00e0 l&#8217;int\u00e9rieur seront export\u00e9s dans un seul fichier zip.[\/vc_column_text][\/vc_tta_section][vc_tta_section title=&#8221;13. POURQUOI JE NE VOIS PAS LA DOCUMENTATION PHOTOGRAPHIQUE DANS LE RELEV\u00c9 NEXTGEN?&#8221; tab_id=&#8221;1690900203604-4b4b714f-5883&#8243;][vc_column_text el_class=&#8221;faq-risp-color&#8221;]Les performances d\u00e9pendent du programme de CAD utilis\u00e9 et de sa version. Si votre logiciel de CAD ne prend pas en charge les images dans le fichier .DXF, vous pouvez exporter le fichier dans le mode &#8220;Classique + Images&#8221; que nous avons d\u00e9velopp\u00e9 pour vous donner la possibilit\u00e9 d&#8217;avoir les images dans le fichier zip avec un nom de r\u00e9f\u00e9rence indiquant la position dans le fichier .DXF.<br \/>\n[\/vc_column_text][\/vc_tta_section][\/vc_tta_accordion][\/vc_column][\/vc_row][vc_row][vc_column]<div class=\"grve-empty-space grve-height-3x\"><\/div><h3 class=\"grve-element grve-title grve-align-inherit grve-h3 grve-with-line grve-top-line grve-text-primary-3\"><span>Zone administrative<\/span><span class=\"grve-title-line grve-bg-primary-3\" style=\"width: 50px;height: 2px;\"><\/span><\/h3>[vc_tta_accordion][vc_tta_section title=&#8221;1. Nous sommes une entreprise associ\u00e9e, pouvons-nous acheter un produit qui peut \u00eatre utilis\u00e9 par plusieurs utilisateurs?&#8221;][vc_column_text el_class=&#8221;faq-risp-color&#8221;]Bien s\u00fbr! Chaque utilisateur pourra t\u00e9l\u00e9charger et acc\u00e9der \u00e0 sa propre application contenant ses relev\u00e9s et utilisant un seul appareil The Meter partag\u00e9 avec l&#8217;entreprise.[\/vc_column_text][\/vc_tta_section][vc_tta_section title=&#8221;2. Quelle est la dur\u00e9e de la garantie?&#8221; tab_id=&#8221;1681834040336-1314b6db-d42c&#8221;][vc_column_text el_class=&#8221;faq-risp-color&#8221;]Pour les priv\u00e9s, la garantie pour les d\u00e9fauts de production a une dur\u00e9e pr\u00e9vue de 2 ans, tandis que pour les entreprises, elle est de 12 mois.[\/vc_column_text][\/vc_tta_section][vc_tta_section title=&#8221;3. Quelle est la rapidit\u00e9 de traitement des commandes?&#8221; tab_id=&#8221;1686156382981-86aebc2b-5609&#8243;][vc_column_text el_class=&#8221;faq-risp-color&#8221;]Les produits de The Meter sont pr\u00eat \u00e0 la livraison. Les commandes sont trait\u00e9es dans le 1ere\/2eme jour ouvrable \u00e0 compter de la date de cr\u00e9dit\/r\u00e9ception du paiement.[\/vc_column_text][\/vc_tta_section][vc_tta_section title=&#8221;4. Quels sont les modes de paiement accept\u00e9s ?&#8221; tab_id=&#8221;1686156429768-ae65187c-8f19&#8243;][vc_column_text el_class=&#8221;faq-risp-color&#8221;]Le paiement peut \u00eatre effectu\u00e9 par PayPal, carte de cr\u00e9dit ou virement bancaire.[\/vc_column_text][\/vc_tta_section][vc_tta_section title=&#8221;5. Si j&apos;ai besoin d&apos;une assistance technique pour mon The Meter, comment dois-je proc\u00e9der?&#8221; tab_id=&#8221;1686156462374-d95c2239-a8ba&#8221;][vc_column_text el_class=&#8221;faq-risp-color&#8221;]<span data-sheets-formula-bar-text-style=\"font-size:15px;color:#e30613;font-weight:normal;text-decoration:none;font-family:'docs-Calibri';font-style:italic;text-decoration-skip-ink:none;\">Envoyez-nous une demande via l&#8217;application The Meter Doctor ou via le site web dans la section Support.<\/span>[\/vc_column_text][\/vc_tta_section][\/vc_tta_accordion][\/vc_column][\/vc_row][vc_row][vc_column]<div class=\"grve-empty-space grve-height-3x\"><\/div><h3 class=\"grve-element grve-title grve-align-inherit grve-h3 grve-with-line grve-top-line grve-text-primary-3\"><span>Zone commerciale<\/span><span class=\"grve-title-line grve-bg-primary-3\" style=\"width: 50px;height: 2px;\"><\/span><\/h3>[vc_tta_accordion][vc_tta_section title=&#8221;1. Existe-t-il une remise pour les achats de plus d&apos;une unit\u00e9?&#8221;][vc_column_text el_class=&#8221;faq-risp-color&#8221;]Oui! Contactez-nous et nous vous pr\u00e9senterons nos offres.[\/vc_column_text][\/vc_tta_section][vc_tta_section title=&#8221;2. Est-il possible d&apos;acheter avec un financement?&#8221; tab_id=&#8221;1681834877556-5ac2dc6a-3bff&#8221;][vc_column_text el_class=&#8221;faq-risp-color&#8221;]Bien s\u00fbr: nous nous appuyons sur le syst\u00e8me de paiement \u00e9chelonn\u00e9 propos\u00e9 par PayPal (le total de la commande ne doit pas d\u00e9passer la limite maximale du fournisseur de 2000\u20ac TTC) pour toute personne disposant d&#8217;un compte PayPal.[\/vc_column_text][\/vc_tta_section][vc_tta_section title=&#8221;3. Puis-je essayer le produit avant l&apos;achat?&#8221; tab_id=&#8221;1681834968610-65d81a86-b4b6&#8243;][vc_column_text el_class=&#8221;faq-risp-color&#8221;]Est possible essayer et tester les produits The Meter dans notre si\u00e8ge de Genes ou dans notre showroom a Milan. Decouvre plus information dans notre section &#8220;Decouvrir&#8221;. Vous pouvez aussi trouver The Meter dans les salons et \u00e9v\u00e9nements auxquels nous participons. Suivez-nous sur les r\u00e9seaux pour rester inform\u00e9.[\/vc_column_text][\/vc_tta_section][vc_tta_section title=&#8221;4. Est-il possible d&apos;acheter le produit en dehors de l&apos;Italie?&#8221; tab_id=&#8221;1681834999640-258eea65-dbdb&#8221;][vc_column_text el_class=&#8221;faq-risp-color&#8221;]<\/p>\n<div id=\"stockie-custom-643ebe6058dcc\" class=\"stockie-accordion-s\u0441 accordion \" data-stockie-accordion=\"0\">\n<div id=\"stockie-custom-643ebe6059992\" class=\"accordionItem active\">\n<div class=\"accordionItem_content open\">\n<div class=\"wrap\">\n<div class=\"wpb_text_column wpb_content_element \">\n<div class=\"wpb_wrapper\">\n<p>Oui: il est possible d&#8217;acheter les produits The Meter dans le monde entier. Le prix, le temps d&#8217;exp\u00e9dition et les frais de douane peuvent varier en fonction du pays.<\/p>\n<\/div>\n<\/div>\n<\/div>\n<\/div>\n<\/div>\n<\/div>\n<p>[\/vc_column_text][\/vc_tta_section][vc_tta_section title=&#8221;5. Y a-t-il un abonnement mensuel pour utiliser l&apos;application The Meter?&#8221; tab_id=&#8221;1686156607767-e5718bad-516d&#8221;][vc_column_text el_class=&#8221;faq-risp-color&#8221;]Non, l&#8217;application et ses mises \u00e0 jour peuvent \u00eatre t\u00e9l\u00e9charg\u00e9es gratuitement sur l&#8217;Apple Store ou Google Play. Il n&#8217;y a pas besoin d&#8217;abonnement mensuel.[\/vc_column_text][\/vc_tta_section][\/vc_tta_accordion][\/vc_column][vc_column]<div class=\"grve-empty-space grve-height-3x\"><\/div>[\/vc_column][\/vc_row]<\/p>\n<\/div>","protected":false},"excerpt":{"rendered":"<p>[vc_row section_type=&#8221;fullwidth&#8221; padding_top_multiplier=&#8221;3x&#8221; padding_bottom_multiplier=&#8221;3x&#8221; rc_bg_type=&#8221;image&#8221; rc_bg_image=&#8221;1031190&#8243; rc_bg_pattern_overlay=&#8221;yes&#8221; rc_bg_color_overlay=&#8221;primary-1&#8243; rc_bg_opacity_overlay=&#8221;40&#8243;][vc_column text_align=&#8221;center&#8221; rc_bg_type=&#8221;image&#8221; grve_css=&#8221;{&#8220;desktop&#8220;:{&#8220;padding-top&#8220;:&#8220;80&#8220;,&#8220;padding-right&#8220;:&#8220;80&#8220;,&#8220;padding-bottom&#8220;:&#8220;80&#8220;,&#8220;padding-left&#8220;:&#8220;80&#8220;,&#8220;class&#8220;:&#8220;grve-wpb-1682282584366&#8220;}}&#8221;][\/vc_column][\/vc_row][vc_row][vc_column][vc_tta_accordion title_tag=&#8221;h4&#8243; active_section=&#8221;1&#8243;][vc_tta_section title=&#8221;1. Comment faire pour mettre \u00e0 jour mon dispositif?&#8221;][vc_column_text el_class=&#8221;faq-risp-color&#8221;]Les mises \u00e0 jour de l&#8217;application mobile seront automatiquement notifi\u00e9es et disponibles sur AppStore et PlayStore, tandis que les mises \u00e0 jour du firmware du produit seront notifi\u00e9es via l&#8217;application et disponibles [&hellip;]<\/p>\n","protected":false},"author":13,"featured_media":0,"parent":0,"menu_order":0,"comment_status":"closed","ping_status":"closed","template":"","meta":{"inline_featured_image":false,"footnotes":""},"class_list":["post-1025813","page","type-page","status-publish","hentry","grve-entry-item"],"_links":{"self":[{"href":"https:\/\/themeter.assistenzawponline.net\/fr\/wp-json\/wp\/v2\/pages\/1025813","targetHints":{"allow":["GET"]}}],"collection":[{"href":"https:\/\/themeter.assistenzawponline.net\/fr\/wp-json\/wp\/v2\/pages"}],"about":[{"href":"https:\/\/themeter.assistenzawponline.net\/fr\/wp-json\/wp\/v2\/types\/page"}],"author":[{"embeddable":true,"href":"https:\/\/themeter.assistenzawponline.net\/fr\/wp-json\/wp\/v2\/users\/13"}],"replies":[{"embeddable":true,"href":"https:\/\/themeter.assistenzawponline.net\/fr\/wp-json\/wp\/v2\/comments?post=1025813"}],"version-history":[{"count":0,"href":"https:\/\/themeter.assistenzawponline.net\/fr\/wp-json\/wp\/v2\/pages\/1025813\/revisions"}],"wp:attachment":[{"href":"https:\/\/themeter.assistenzawponline.net\/fr\/wp-json\/wp\/v2\/media?parent=1025813"}],"curies":[{"name":"wp","href":"https:\/\/api.w.org\/{rel}","templated":true}]}}