{"id":1025849,"date":"2023-06-14T17:43:19","date_gmt":"2023-06-14T17:43:19","guid":{"rendered":"https:\/\/themeter.it\/a-propos-de-nous\/"},"modified":"2025-02-07T10:35:55","modified_gmt":"2025-02-07T10:35:55","slug":"a-propos-de-nous","status":"publish","type":"page","link":"https:\/\/themeter.assistenzawponline.net\/fr\/a-propos-de-nous\/","title":{"rendered":"A propos de nous"},"content":{"rendered":"<div class=\"wpb-content-wrapper\"><p>[vc_row section_type=&#8221;fullwidth&#8221; padding_top_multiplier=&#8221;4x&#8221; padding_bottom_multiplier=&#8221;4x&#8221; rc_bg_type=&#8221;image&#8221; rc_bg_image=&#8221;1036249&#8243; rc_bg_pattern_overlay=&#8221;yes&#8221; rc_bg_color_overlay=&#8221;primary-1&#8243; rc_bg_opacity_overlay=&#8221;40&#8243; rc_font_color=&#8221;#fafafa&#8221;][vc_column text_align=&#8221;center&#8221;]<div class=\"grve-empty-space grve-height-1x\"><\/div><h1 class=\"grve-element grve-title grve-align-inherit grve-h2 grve-text-white\"><span>\u00c0 propos de nous<\/span><\/h1>[vc_column_text]<\/p>\n<p style=\"text-align: center;\">Nous sommes une soci\u00e9t\u00e9 de G\u00eanes, en Italie, active dans les domaines de l&#8217;<strong>ing\u00e9nierie<\/strong>, de <strong>l&#8217;architecture<\/strong>, du <strong>design<\/strong> et de la <strong>recherche<\/strong>.<\/p>\n<p style=\"text-align: center;\"><em><strong>Nous unissons l&#8217;exp\u00e9rience du pass\u00e9 avec une vision projet\u00e9e dans<\/strong> l&#8217;avenir.<\/em><\/p>\n<p>[\/vc_column_text]<div class=\"grve-empty-space grve-height-2x\"><\/div>[\/vc_column][\/vc_row][vc_row padding_top_multiplier=&#8221;3x&#8221;][vc_column][vc_row_inner][vc_column_inner width=&#8221;1\/3&#8243;]<h5 class=\"grve-element grve-title grve-align-inherit grve-h5 grve-text-primary-3\"><span>HISTOIRE<\/span><\/h5><h3 class=\"grve-element grve-title grve-align-inherit grve-h3\"><span>Une id\u00e9e faite d&#8217;exp\u00e9rience<\/span><\/h3>[\/vc_column_inner][vc_column_inner width=&#8221;2\/3&#8243;][vc_column_text]<a href=\"http:\/\/oiadr.com\"><strong>Officine IADR<\/strong><\/a> provient d&#8217;un bureau d&#8217;\u00e9tudes g\u00e9nois fond\u00e9 \u00e0 la fin des <strong>ann\u00e9es &#8217;80<\/strong>. N\u00e9e comme une startup en <strong>2014<\/strong>, l&#8217;entreprise se propose de penser, d\u00e9velopper et produire des id\u00e9es et des services dans les domaines de l&#8217;<strong>ing\u00e9nierie<\/strong>, de l&#8217;<strong>architecture<\/strong>, du <strong>design<\/strong> et de la <strong>recherche<\/strong>.<\/p>\n<p>L&#8217;id\u00e9e de <strong>THE METER<\/strong> est n\u00e9e de l&#8217;exp\u00e9rience sur le terrain de l&#8217;\u00e9quipe d&#8217;architectes : d\u00e9velopper un outil pour simplifier, acc\u00e9l\u00e9rer et num\u00e9riser les relev\u00e9s.<\/p>\n<p>C&#8217;est ainsi qu&#8217;a d\u00e9but\u00e9 une \u00e9tude int\u00e9ressante visant \u00e0 cr\u00e9er un appareil qui se situerait entre le t\u00e9l\u00e9m\u00e8tre classique et les scanners laser, plus complexes, tout en \u00e9tant \u00e0 la fois de l&#8217;\u00e9l\u00e9gance et du design.[\/vc_column_text][\/vc_column_inner][\/vc_row_inner]<div class=\"grve-empty-space grve-height-3x\"><\/div>[\/vc_column][\/vc_row][vc_row section_type=&#8221;fullwidth&#8221;][vc_column]<div class=\"grve-element grve-carousel grve-image-carousel\">\r\n\t<div class=\"grve-carousel-wrapper\">\r\n\t\t\t<div class=\"grve-carousel-navigation grve-navigation-arrow-1\">\n\t\t<div class=\"grve-carousel-buttons\">\n\t\t\t<div class=\"grve-carousel-prev\"><div class=\"grve-svg-icon grve-direction-left grve-arrow-1 grve-svg-black grve-with-shape grve-circle grve-bg-white\">\t\t\t<svg width=\"12px\" height=\"12px\" viewBox=\"0 0 12 12\">\n\t\t\t\t<polygon points=\"3.6 0 10 6 3.6 12 2 10.5 6.8 6 2 1.5\"><\/polygon>\n\t\t\t<\/svg>\n\t\t\t<\/div><\/div>\n\t\t\t<div class=\"grve-carousel-next\"><div class=\"grve-svg-icon grve-direction-right grve-arrow-1 grve-svg-black grve-with-shape grve-circle grve-bg-white\">\t\t\t<svg width=\"12px\" height=\"12px\" viewBox=\"0 0 12 12\">\n\t\t\t\t<polygon points=\"3.6 0 10 6 3.6 12 2 10.5 6.8 6 2 1.5\"><\/polygon>\n\t\t\t<\/svg>\n\t\t\t<\/div><\/div>\n\t\t<\/div>\n\t<\/div>\n\t\t<div data-items=\"3\" data-items-tablet-landscape=\"3\" data-items-tablet-portrait=\"3\" data-items-mobile=\"1\" data-pagination=\"no\" data-slider-autoplay=\"yes\" data-slider-loop=\"yes\" data-slider-autoheight=\"no\" data-stage-padding=\"0\" data-slider-speed=\"3000\" data-slider-pause=\"no\" data-pagination-speed=\"400\" data-gutter-size=\"30\" class=\"grve-carousel-element grve-gallery-popup grve-with-gap grve-classic-carousel\">\r\n\r\n\t\t\t<div class=\"grve-entry-item grve-carousel-item\">\r\n\t\t\t\t<div class=\"grve-image-item\">\r\n\t\t\t\t\t<div class=\"grve-hover-item grve-hover-style-1\">\n\t<div class=\"grve-image-hover grve-media\">\n\t\t\t\t<a class=\"grve-item-url\" href=\"https:\/\/themeter.assistenzawponline.net\/wp-content\/uploads\/officine_chi_siamo_0004_Livello-0-copia.webp\"><span class=\"screen-reader-text\">More<\/span><\/a>\n\t\t\t\t<div class=\"grve-thumbnail-wrapper\"><div class=\"grve-thumbnail\"  style=\"padding-top: 100%;\"><img loading=\"lazy\" decoding=\"async\" width=\"1080\" height=\"1080\" src=\"https:\/\/themeter.assistenzawponline.net\/wp-content\/uploads\/officine_chi_siamo_0004_Livello-0-copia.webp\" class=\"attachment-large size-large grve-lazy-load lazyload\" alt=\"The Meter\" data-column-space=\"100\" data-lazyload=\"\" data-grve-filter=\"yes\" srcset=\"https:\/\/themeter.assistenzawponline.net\/wp-content\/themes\/impeka\/images\/empty\/empty.png\" data-src=\"https:\/\/themeter.assistenzawponline.net\/wp-content\/uploads\/officine_chi_siamo_0004_Livello-0-copia.webp\" data-sizes=\"auto\" data-srcset=\"https:\/\/themeter.assistenzawponline.net\/wp-content\/uploads\/officine_chi_siamo_0004_Livello-0-copia.webp 1080w, https:\/\/themeter.assistenzawponline.net\/wp-content\/uploads\/officine_chi_siamo_0004_Livello-0-copia-768x768.webp 768w, https:\/\/themeter.assistenzawponline.net\/wp-content\/uploads\/officine_chi_siamo_0004_Livello-0-copia-560x560.webp 560w, https:\/\/themeter.assistenzawponline.net\/wp-content\/uploads\/officine_chi_siamo_0004_Livello-0-copia-900x900.webp 900w, https:\/\/themeter.assistenzawponline.net\/wp-content\/uploads\/officine_chi_siamo_0004_Livello-0-copia-300x300.webp 300w, https:\/\/themeter.assistenzawponline.net\/wp-content\/uploads\/officine_chi_siamo_0004_Livello-0-copia-600x600.webp 600w, https:\/\/themeter.assistenzawponline.net\/wp-content\/uploads\/officine_chi_siamo_0004_Livello-0-copia-100x100.webp 100w\" data-expand=\"1\" \/><\/div><\/div>\t\t\t\t<div class=\"grve-bg-black grve-hover-overlay grve-opacity-30\"><\/div>\n\t\t\t<\/div>\n\t<\/div>\n\t\t\t\t<\/div>\r\n\t\t\t<\/div>\r\n\r\n\t\t\t<div class=\"grve-entry-item grve-carousel-item\">\r\n\t\t\t\t<div class=\"grve-image-item\">\r\n\t\t\t\t\t<div class=\"grve-hover-item grve-hover-style-1\">\n\t<div class=\"grve-image-hover grve-media\">\n\t\t\t\t<a class=\"grve-item-url\" href=\"https:\/\/themeter.assistenzawponline.net\/wp-content\/uploads\/officine_chi_siamo_0002_Livello-2-copia.webp\"><span class=\"screen-reader-text\">More<\/span><\/a>\n\t\t\t\t<div class=\"grve-thumbnail-wrapper\"><div class=\"grve-thumbnail\"  style=\"padding-top: 100%;\"><img loading=\"lazy\" decoding=\"async\" width=\"1080\" height=\"1080\" src=\"https:\/\/themeter.assistenzawponline.net\/wp-content\/uploads\/officine_chi_siamo_0002_Livello-2-copia.webp\" class=\"attachment-large size-large grve-lazy-load lazyload\" alt=\"Compasso d&#039;Oro\" data-column-space=\"100\" data-lazyload=\"\" data-grve-filter=\"yes\" srcset=\"https:\/\/themeter.assistenzawponline.net\/wp-content\/themes\/impeka\/images\/empty\/empty.png\" data-src=\"https:\/\/themeter.assistenzawponline.net\/wp-content\/uploads\/officine_chi_siamo_0002_Livello-2-copia.webp\" data-sizes=\"auto\" data-srcset=\"https:\/\/themeter.assistenzawponline.net\/wp-content\/uploads\/officine_chi_siamo_0002_Livello-2-copia.webp 1080w, https:\/\/themeter.assistenzawponline.net\/wp-content\/uploads\/officine_chi_siamo_0002_Livello-2-copia-768x768.webp 768w, https:\/\/themeter.assistenzawponline.net\/wp-content\/uploads\/officine_chi_siamo_0002_Livello-2-copia-560x560.webp 560w, https:\/\/themeter.assistenzawponline.net\/wp-content\/uploads\/officine_chi_siamo_0002_Livello-2-copia-900x900.webp 900w, https:\/\/themeter.assistenzawponline.net\/wp-content\/uploads\/officine_chi_siamo_0002_Livello-2-copia-300x300.webp 300w, https:\/\/themeter.assistenzawponline.net\/wp-content\/uploads\/officine_chi_siamo_0002_Livello-2-copia-600x600.webp 600w, https:\/\/themeter.assistenzawponline.net\/wp-content\/uploads\/officine_chi_siamo_0002_Livello-2-copia-100x100.webp 100w\" data-expand=\"1\" \/><\/div><\/div>\t\t\t\t<div class=\"grve-bg-black grve-hover-overlay grve-opacity-30\"><\/div>\n\t\t\t<\/div>\n\t<\/div>\n\t\t\t\t<\/div>\r\n\t\t\t<\/div>\r\n\t\t<\/div>\r\n\t<\/div>\r\n<\/div>\r\n[\/vc_column][\/vc_row][vc_row rc_bg_type=&#8221;color&#8221; rc_font_color=&#8221;#1e1f1c&#8221; rc_bg_color=&#8221;#fafafa&#8221;][vc_column text_align=&#8221;center&#8221;][vc_row_inner][vc_column_inner width=&#8221;1\/3&#8243;]<h5 class=\"grve-element grve-title grve-align-left grve-h5 grve-text-primary-3\"><span>Notre<\/span><\/h5><h3 class=\"grve-element grve-title grve-align-left grve-h3 grve-text-primary-1\"><span>Vision<\/span><\/h3>[\/vc_column_inner][vc_column_inner width=&#8221;2\/3&#8243;]<div class=\"grve-empty-space grve-height-2x\"><\/div>[vc_column_text]<\/p>\n<p style=\"text-align: left;\"><em>La transformation digitale dans le monde de la conception et de la mesure de l&#8217;espace.<\/em><\/p>\n<p>[\/vc_column_text][\/vc_column_inner][\/vc_row_inner][\/vc_column][\/vc_row][vc_row rc_bg_type=&#8221;color&#8221; rc_font_color=&#8221;#1e1f1c&#8221; rc_bg_color=&#8221;#fafafa&#8221;][vc_column text_align=&#8221;center&#8221;][vc_row_inner][vc_column_inner width=&#8221;1\/3&#8243;]<h5 class=\"grve-element grve-title grve-align-left grve-h5 grve-text-primary-3\"><span>Notre<\/span><\/h5><h3 class=\"grve-element grve-title grve-align-left grve-h3 grve-text-primary-1\"><span>mission<\/span><\/h3>[\/vc_column_inner][vc_column_inner width=&#8221;2\/3&#8243;][vc_column_text]<\/p>\n<p style=\"text-align: left;\"><em>Rendre la mesure des espaces int\u00e9rieurs et ext\u00e9rieurs automatis\u00e9e, num\u00e9rique, rapide et facile avec des produits qui fondent l&#8217;innovation technologique, la conception de l&#8217;exp\u00e9rience utilisateur et l&#8217;IoT pour r\u00e9pondre au mieux aux besoins des clients.<\/em><\/p>\n<p>[\/vc_column_text][\/vc_column_inner][\/vc_row_inner]<div class=\"grve-empty-space grve-height-1x\"><\/div>[\/vc_column][\/vc_row][vc_row][vc_column]<div class=\"grve-empty-space grve-height-2x\"><\/div>[\/vc_column][\/vc_row][vc_row][vc_column][vc_row_inner][vc_column_inner width=&#8221;1\/3&#8243;]<h5 class=\"grve-element grve-title grve-align-left grve-h5 grve-text-primary-3\"><span>D\u00e9couvre<\/span><\/h5><h3 class=\"grve-element grve-title grve-align-left grve-h3 grve-text-primary-2\"><span>L&#8217;entreprise<\/span><\/h3>[\/vc_column_inner][vc_column_inner width=&#8221;2\/3&#8243;][vc_column_text]<\/p>\n<p style=\"text-align: left;\">En 2022, THE METER n\u00e9 comme un projet de recherche des <strong>OfficineIADR<\/strong> et il devient une start-up innovante.<\/p>\n<p style=\"text-align: left;\"><strong>Le <em>core business<\/em><\/strong> de THE METER est la <strong>r\u00e9alisation d&#8217;outils<\/strong> et de services IoT de haute technologie pour cartographier, acqu\u00e9rir et digitalisrer des donn\u00e9es et des mesures utilisables en temps r\u00e9el.<\/p>\n<p style=\"text-align: left;\">Toutes les phases <strong>sont enti\u00e8rement prises en charge et g\u00e9r\u00e9es par les \u00e9quipes de l&#8217;entreprise<\/strong>: de la conception des composants \u00e9lectroniques et m\u00e9caniques au d\u00e9veloppement de l&#8217;application et des algorithmes d&#8217;analyse, de traitement et de num\u00e9risation ; de la production \u00e0 la commercialisation des produits et services.<\/p>\n<p>[\/vc_column_text][\/vc_column_inner][\/vc_row_inner][\/vc_column][\/vc_row][vc_row][vc_column]<div class=\"grve-empty-space grve-height-3x\"><\/div>[\/vc_column][\/vc_row][vc_row][vc_column width=&#8221;1\/3&#8243;]<h6 class=\"grve-element grve-title grve-align-inherit grve-feature-title\"><span>CONTACTS<\/span><\/h6>[vc_column_text]<strong>Mail<\/strong> <a href=\"mailto:contact@officineiadr.com\">contact@officineiadr.com<\/a><br \/>\n<strong>T\u00e9l. <\/strong> +39 010 24 73 385[\/vc_column_text][\/vc_column][vc_column width=&#8221;1\/3&#8243;]<h6 class=\"grve-element grve-title grve-align-inherit grve-feature-title\"><span>SIEGE<\/span><\/h6>[vc_column_text]Si\u00e8ge juridique\/op\u00e9rationnel<br \/>\nSalita di San Matteo 19, 16123 <strong>G\u00eanes<\/strong>, Italie<\/p>\n<p>Quartier g\u00e9n\u00e9ral op\u00e9rationnel<br \/>\nVia Rosolino Pilo 12, 20121 <strong>Milan<\/strong>, Italie[\/vc_column_text][\/vc_column][vc_column width=&#8221;1\/3&#8243;]<h6 class=\"grve-element grve-title grve-align-inherit grve-feature-title\"><span>SHOWROOM<\/span><\/h6>[vc_column_text]\u00c9cosyst\u00e8me<br \/>\nVia Gaetano Giardino 5, Milan<\/p>\n<p>OfficineIADR<br \/>\nSalita di San Matteo 19, G\u00eanes[\/vc_column_text][\/vc_column][\/vc_row][vc_row][vc_column]<div class=\"grve-empty-space grve-height-3x\"><\/div>[\/vc_column][\/vc_row][vc_row padding_top_multiplier=&#8221;2x&#8221; padding_bottom_multiplier=&#8221;2x&#8221; rc_bg_type=&#8221;color&#8221; rc_bg_color=&#8221;#fafafa&#8221; rc_font_color=&#8221;#1e1f1c&#8221;][vc_column][vc_column_text]<\/p>\n<p style=\"text-align: center;\">D\u00e9couvrir OfficineIADR<\/p>\n<p>[\/vc_column_text]<div class=\"grve-element grve-align-center\"><a href=\"https:\/\/www.oiadr.com\/\" target=\"_blank\" class=\"grve-btn-text grve-btn-line grve-line-bottom-advanced grve-text-primary-3 grve-text-hover-primary-3 grve-btn-large\">\n\t\t<div class=\"grve-btn-inner\">\n\t\t<span>Visiter le site<\/span>\n\t\t\t<span class=\"grve-line grve-bg-primary-3\"><\/span>\n\t\t\t\t\t\t\t<\/div>\n\t<\/a><\/div>[\/vc_column][\/vc_row]<\/p>\n<\/div>","protected":false},"excerpt":{"rendered":"<p>[vc_row section_type=&#8221;fullwidth&#8221; padding_top_multiplier=&#8221;4x&#8221; padding_bottom_multiplier=&#8221;4x&#8221; rc_bg_type=&#8221;image&#8221; rc_bg_image=&#8221;1036249&#8243; rc_bg_pattern_overlay=&#8221;yes&#8221; rc_bg_color_overlay=&#8221;primary-1&#8243; rc_bg_opacity_overlay=&#8221;40&#8243; rc_font_color=&#8221;#fafafa&#8221;][vc_column text_align=&#8221;center&#8221;][vc_column_text] Nous sommes une soci\u00e9t\u00e9 de G\u00eanes, en Italie, active dans les domaines de l&#8217;ing\u00e9nierie, de l&#8217;architecture, du design et de la recherche. Nous unissons l&#8217;exp\u00e9rience du pass\u00e9 avec une vision projet\u00e9e dans l&#8217;avenir. [\/vc_column_text][\/vc_column][\/vc_row][vc_row padding_top_multiplier=&#8221;3x&#8221;][vc_column][vc_row_inner][vc_column_inner width=&#8221;1\/3&#8243;][\/vc_column_inner][vc_column_inner width=&#8221;2\/3&#8243;][vc_column_text]Officine IADR provient d&#8217;un bureau d&#8217;\u00e9tudes g\u00e9nois fond\u00e9 [&hellip;]<\/p>\n","protected":false},"author":13,"featured_media":0,"parent":0,"menu_order":0,"comment_status":"closed","ping_status":"closed","template":"","meta":{"inline_featured_image":false,"footnotes":""},"class_list":["post-1025849","page","type-page","status-publish","hentry","grve-entry-item"],"_links":{"self":[{"href":"https:\/\/themeter.assistenzawponline.net\/fr\/wp-json\/wp\/v2\/pages\/1025849","targetHints":{"allow":["GET"]}}],"collection":[{"href":"https:\/\/themeter.assistenzawponline.net\/fr\/wp-json\/wp\/v2\/pages"}],"about":[{"href":"https:\/\/themeter.assistenzawponline.net\/fr\/wp-json\/wp\/v2\/types\/page"}],"author":[{"embeddable":true,"href":"https:\/\/themeter.assistenzawponline.net\/fr\/wp-json\/wp\/v2\/users\/13"}],"replies":[{"embeddable":true,"href":"https:\/\/themeter.assistenzawponline.net\/fr\/wp-json\/wp\/v2\/comments?post=1025849"}],"version-history":[{"count":0,"href":"https:\/\/themeter.assistenzawponline.net\/fr\/wp-json\/wp\/v2\/pages\/1025849\/revisions"}],"wp:attachment":[{"href":"https:\/\/themeter.assistenzawponline.net\/fr\/wp-json\/wp\/v2\/media?parent=1025849"}],"curies":[{"name":"wp","href":"https:\/\/api.w.org\/{rel}","templated":true}]}}