{"id":1025947,"date":"2023-04-14T15:30:27","date_gmt":"2023-04-14T15:30:27","guid":{"rendered":"https:\/\/themeter.it\/mode\/"},"modified":"2025-01-17T15:41:49","modified_gmt":"2025-01-17T15:41:49","slug":"mode","status":"publish","type":"page","link":"https:\/\/themeter.assistenzawponline.net\/fr\/mode\/","title":{"rendered":"Mode"},"content":{"rendered":"<div class=\"wpb-content-wrapper\"><p>[vc_row padding_top_multiplier=&#8221;6x&#8221; padding_bottom_multiplier=&#8221;6x&#8221; rc_bg_type=&#8221;image&#8221; rc_bg_image=&#8221;1031186&#8243; rc_bg_pattern_overlay=&#8221;yes&#8221; rc_bg_color_overlay=&#8221;primary-1&#8243; rc_bg_opacity_overlay=&#8221;20&#8243;][vc_column text_align=&#8221;center&#8221;]<h1 class=\"grve-element grve-title grve-align-inherit grve-h2\"><span>Tout ce dont vous avez besoin<\/span><\/h1>[vc_column_text]Vous trouverez ici tous les guides pratiques pour les produits <strong>The Meter<\/strong><br \/>Guides : modes, appareils, applications.[\/vc_column_text][\/vc_column][\/vc_row][vc_row padding_top_multiplier=&#8221;3x&#8221; padding_bottom_multiplier=&#8221;3x&#8221; rc_bg_type=&#8221;image&#8221;][vc_column]<h3 class=\"grve-element grve-title grve-align-center grve-h3 grve-with-line grve-bottom-line grve-text-white\"><span>Guide des modes<\/span><span class=\"grve-title-line grve-bg-primary-3\" style=\"width: 650px;height: 2px;\"><\/span><\/h3>[\/vc_column][\/vc_row][vc_row padding_top_multiplier=&#8221;2x&#8221; padding_bottom_multiplier=&#8221;2x&#8221; rc_bg_type=&#8221;color&#8221;][vc_column width=&#8221;1\/3&#8243; vertical_content_position=&#8221;middle&#8221;]<div class=\"grve-element grve-image grve-align-center\">\r\n\t<div class=\"grve-image-item\">\r\n\t\t\n\n<div class=\"grve-image-wrapper grve-no-effect\">\n\t\t<div class=\"grve-thumbnail-wrapper\"  style=\"width: 860px;\"><div class=\"grve-thumbnail\"  style=\"padding-top: 69.767%;\"><img loading=\"lazy\" decoding=\"async\" width=\"860\" height=\"600\" src=\"https:\/\/themeter.assistenzawponline.net\/wp-content\/uploads\/AnteprimaAutomatica3_copia.webp\" class=\"attachment-medium size-medium grve-lazy-load lazyload\" alt=\"\" data-column-space=\"auto\" data-lazyload=\"\" data-grve-filter=\"yes\" srcset=\"https:\/\/themeter.assistenzawponline.net\/wp-content\/themes\/impeka\/images\/empty\/empty.png\" data-src=\"https:\/\/themeter.assistenzawponline.net\/wp-content\/uploads\/AnteprimaAutomatica3_copia.webp\" data-sizes=\"auto\" data-srcset=\"https:\/\/themeter.assistenzawponline.net\/wp-content\/uploads\/AnteprimaAutomatica3_copia.webp 860w, https:\/\/themeter.assistenzawponline.net\/wp-content\/uploads\/AnteprimaAutomatica3_copia-768x536.webp 768w, https:\/\/themeter.assistenzawponline.net\/wp-content\/uploads\/AnteprimaAutomatica3_copia-600x419.webp 600w\" data-expand=\"1\" \/><\/div><\/div>\t<\/div>\n\t<\/div>\r\n<\/div>\r\n[\/vc_column][vc_column width=&#8221;2\/3&#8243;]<h3 class=\"grve-element grve-title grve-align-inherit grve-h3\"><span>Mode <strong>automatique<span style=\"color: #e30613;\">.<\/span><\/strong><\/span><\/h3>[vc_column_text]Positionnez l&#8217;appareil \u00e0 l&#8217;endroit optimal pour l&#8217;enqu\u00eate, connectez-le via Bluetooth \u00e0 votre smartphone ou \u00e0 votre tablette et commencez \u00e0 scanner : l&#8217;appareil <strong>scannera l&#8217;espace \u00e0 360\u00b0<\/strong> et produira un <strong>plan\/une section d\u00e9taill\u00e9(e)<\/strong> directement sur votre \u00e9cran.[\/vc_column_text]<div class=\"grve-empty-space grve-height-1x\"><\/div><div class=\"grve-element grve-button-group grve-align-inherit grve-space-30\" id=\"el-\">\r\n<div class=\"grve-element grve-align-inherit\"><a href=\"https:\/\/www.youtube.com\/watch?v=8QLl6rD9ayot=2s\" target=\"_blank\" class=\"grve-btn-video grve-text-white grve-btn-medium\">\n\t\t<div class=\"grve-btn-inner\">\n\t\t<span>Voir la vid\u00e9o<\/span>\n\t\t\t\t<div class=\"grve-btn-video-icon grve-svg-white grve-svg-hover-dark-grey\">\n\t\t\t\t\t\t<svg width=\"24px\" height=\"24px\" viewBox=\"0 0 24 24\" stroke-width=\"0\">\n\t\t\t\t\t<polygon points=\"19 12 7 20 7 4\"><\/polygon>\n\t\t\t\t<\/svg>\n\t\t\t\t\t<div class=\"grve-shape-icon grve-round grve-outline grve-border-white grve-bg-hover-white\"><\/div>\n\t<\/div>\n\t\t\t<\/div>\n\t<\/a><\/div><div class=\"grve-element grve-align-inherit\"><a href=\"\/wp-content\/uploads\/PDF\/Guida_Automatica_en.pdf\" target=\"_blank\" class=\"grve-btn-text grve-btn-line grve-line-left grve-text-primary-3 grve-text-hover-primary-3 grve-btn-medium\">\n\t\t<div class=\"grve-btn-inner\">\n\t\t<span>Lire le guide<\/span>\n\t\t\t<span class=\"grve-line grve-bg-primary-3\"><\/span>\n\t\t\t\t\t\t\t<\/div>\n\t<\/a><\/div><\/div>\r\n[\/vc_column][\/vc_row][vc_row padding_top_multiplier=&#8221;2x&#8221; padding_bottom_multiplier=&#8221;2x&#8221;][vc_column width=&#8221;1\/3&#8243;]<div class=\"grve-element grve-image grve-align-center\">\r\n\t<div class=\"grve-image-item\">\r\n\t\t\n\n<div class=\"grve-image-wrapper grve-no-effect\">\n\t\t<div class=\"grve-thumbnail-wrapper\"  style=\"width: 860px;\"><div class=\"grve-thumbnail\"  style=\"padding-top: 69.767%;\"><img loading=\"lazy\" decoding=\"async\" width=\"860\" height=\"600\" src=\"https:\/\/themeter.assistenzawponline.net\/wp-content\/uploads\/AnteprimaManuale3_copia.webp\" class=\"attachment-medium size-medium grve-lazy-load lazyload\" alt=\"\" data-column-space=\"auto\" data-lazyload=\"\" data-grve-filter=\"yes\" srcset=\"https:\/\/themeter.assistenzawponline.net\/wp-content\/themes\/impeka\/images\/empty\/empty.png\" data-src=\"https:\/\/themeter.assistenzawponline.net\/wp-content\/uploads\/AnteprimaManuale3_copia.webp\" data-sizes=\"auto\" data-srcset=\"https:\/\/themeter.assistenzawponline.net\/wp-content\/uploads\/AnteprimaManuale3_copia.webp 860w, https:\/\/themeter.assistenzawponline.net\/wp-content\/uploads\/AnteprimaManuale3_copia-768x536.webp 768w, https:\/\/themeter.assistenzawponline.net\/wp-content\/uploads\/AnteprimaManuale3_copia-600x419.webp 600w\" data-expand=\"1\" \/><\/div><\/div>\t<\/div>\n\t<\/div>\r\n<\/div>\r\n[\/vc_column][vc_column width=&#8221;2\/3&#8243;]<h3 class=\"grve-element grve-title grve-align-inherit grve-h3\"><span>Mode <strong>manuel<span style=\"color: #e30613;\">.<\/span><\/strong><\/span><\/h3>[vc_column_text]Vous choisissez ce que vous voulez d\u00e9tecter : <strong>placez le pointeur laser <\/strong>sur le premier point \u00e0 d\u00e9tecter et <strong>d\u00e9cidez des points \u00e0 rejoindre<\/strong> ensuite, \u00e0 l&#8217;aide des boutons de d\u00e9placement.<br \/><strong>G\u00e9rez le plan \u00e0 tout moment <\/strong>et choisissez de le partager ou de l&#8217;archiver sur votre smartphone ou votre tablette.[\/vc_column_text]<div class=\"grve-empty-space grve-height-1x\"><\/div><div class=\"grve-element grve-button-group grve-align-inherit grve-space-30\" id=\"el-1683036941780-b2123ff1-aac6\">\r\n<div class=\"grve-element grve-align-inherit\"><a href=\"https:\/\/www.youtube.com\/watch?v=c1X7JPSDJQAt=152s\" target=\"_blank\" class=\"grve-btn-video grve-text-white grve-btn-medium\">\n\t\t<div class=\"grve-btn-inner\">\n\t\t<span>Regarder le tutoriel<\/span>\n\t\t\t\t<div class=\"grve-btn-video-icon grve-svg-white grve-svg-hover-dark-grey\">\n\t\t\t\t\t\t<svg width=\"24px\" height=\"24px\" viewBox=\"0 0 24 24\" stroke-width=\"0\">\n\t\t\t\t\t<polygon points=\"19 12 7 20 7 4\"><\/polygon>\n\t\t\t\t<\/svg>\n\t\t\t\t\t<div class=\"grve-shape-icon grve-round grve-outline grve-border-white grve-bg-hover-white\"><\/div>\n\t<\/div>\n\t\t\t<\/div>\n\t<\/a><\/div><div class=\"grve-element grve-align-inherit\"><a href=\"\/wp-content\/uploads\/PDF\/Guida_Manuale_en.pdf\" target=\"_blank\" class=\"grve-btn-text grve-btn-line grve-line-left grve-text-primary-3 grve-text-hover-primary-3 grve-btn-medium\">\n\t\t<div class=\"grve-btn-inner\">\n\t\t<span>Lire le guide<\/span>\n\t\t\t<span class=\"grve-line grve-bg-primary-3\"><\/span>\n\t\t\t\t\t\t\t<\/div>\n\t<\/a><\/div><\/div>\r\n[\/vc_column][\/vc_row][vc_row padding_top_multiplier=&#8221;3x&#8221; padding_bottom_multiplier=&#8221;3x&#8221; rc_bg_type=&#8221;color&#8221;][vc_column width=&#8221;1\/3&#8243; vertical_content_position=&#8221;middle&#8221;]<div class=\"grve-element grve-image grve-align-center\">\r\n\t<div class=\"grve-image-item\">\r\n\t\t\n\n<div class=\"grve-image-wrapper grve-no-effect\">\n\t\t<div class=\"grve-thumbnail-wrapper\"  style=\"width: 860px;\"><div class=\"grve-thumbnail\"  style=\"padding-top: 69.767%;\"><img loading=\"lazy\" decoding=\"async\" width=\"860\" height=\"600\" src=\"https:\/\/themeter.assistenzawponline.net\/wp-content\/uploads\/AnteprimaDisto3_copia.webp\" class=\"attachment-medium size-medium grve-lazy-load lazyload\" alt=\"\" data-column-space=\"auto\" data-lazyload=\"\" data-grve-filter=\"yes\" srcset=\"https:\/\/themeter.assistenzawponline.net\/wp-content\/themes\/impeka\/images\/empty\/empty.png\" data-src=\"https:\/\/themeter.assistenzawponline.net\/wp-content\/uploads\/AnteprimaDisto3_copia.webp\" data-sizes=\"auto\" data-srcset=\"https:\/\/themeter.assistenzawponline.net\/wp-content\/uploads\/AnteprimaDisto3_copia.webp 860w, https:\/\/themeter.assistenzawponline.net\/wp-content\/uploads\/AnteprimaDisto3_copia-768x536.webp 768w, https:\/\/themeter.assistenzawponline.net\/wp-content\/uploads\/AnteprimaDisto3_copia-600x419.webp 600w\" data-expand=\"1\" \/><\/div><\/div>\t<\/div>\n\t<\/div>\r\n<\/div>\r\n[\/vc_column][vc_column width=&#8221;2\/3&#8243; vertical_content_position=&#8221;middle&#8221;]<h3 class=\"grve-element grve-title grve-align-inherit grve-h3\"><span>Mode <strong>compteur de distance<span style=\"color: #e30613;\">.<\/span><\/strong><\/span><\/h3>[vc_column_text]L&#8217;utilisation de l&#8217;instrument comme <em>t\u00e9l\u00e9m\u00e8tre<\/em> est <strong>simple et intuitive<\/strong>: il suffit d&#8217;activer ce mode \u00e0 partir de l&#8217;APP et d&#8217;appuyer sur le bouton lat\u00e9ral de l&#8217;appareil pour prendre la <strong>mesure<\/strong>.[\/vc_column_text]<div class=\"grve-empty-space grve-height-1x\"><\/div><div class=\"grve-element grve-button-group grve-align-inherit grve-space-30\" id=\"el-1683036975452-a15fbebd-4394\">\r\n<div class=\"grve-element grve-align-inherit\"><a href=\"https:\/\/www.youtube.com\/watch?v=fgTnUUTpgk0\" target=\"_blank\" class=\"grve-btn-video grve-text-white grve-btn-medium\">\n\t\t<div class=\"grve-btn-inner\">\n\t\t<span>Voir la vid\u00e9o<\/span>\n\t\t\t\t<div class=\"grve-btn-video-icon grve-svg-white grve-svg-hover-dark-grey\">\n\t\t\t\t\t\t<svg width=\"24px\" height=\"24px\" viewBox=\"0 0 24 24\" stroke-width=\"0\">\n\t\t\t\t\t<polygon points=\"19 12 7 20 7 4\"><\/polygon>\n\t\t\t\t<\/svg>\n\t\t\t\t\t<div class=\"grve-shape-icon grve-round grve-outline grve-border-white grve-bg-hover-white\"><\/div>\n\t<\/div>\n\t\t\t<\/div>\n\t<\/a><\/div><div class=\"grve-element grve-align-inherit\"><a href=\"\/wp-content\/uploads\/PDF\/Guida_Distanziometro_RealTime_en.pdf\" target=\"_blank\" class=\"grve-btn-text grve-btn-line grve-line-left grve-text-primary-3 grve-text-hover-primary-3 grve-btn-medium\">\n\t\t<div class=\"grve-btn-inner\">\n\t\t<span>Lire le guide<\/span>\n\t\t\t<span class=\"grve-line grve-bg-primary-3\"><\/span>\n\t\t\t\t\t\t\t<\/div>\n\t<\/a><\/div><\/div>\r\n[\/vc_column][\/vc_row][vc_row padding_top_multiplier=&#8221;3x&#8221; padding_bottom_multiplier=&#8221;3x&#8221;][vc_column width=&#8221;1\/3&#8243; vertical_content_position=&#8221;middle&#8221;]<div class=\"grve-element grve-image grve-align-center\">\r\n\t<div class=\"grve-image-item\">\r\n\t\t\n\n<div class=\"grve-image-wrapper grve-no-effect\">\n\t\t<div class=\"grve-thumbnail-wrapper\"  style=\"width: 860px;\"><div class=\"grve-thumbnail\"  style=\"padding-top: 69.767%;\"><img loading=\"lazy\" decoding=\"async\" width=\"860\" height=\"600\" src=\"https:\/\/themeter.assistenzawponline.net\/wp-content\/uploads\/AnteprimaRealTime3_copia.webp\" class=\"attachment-medium size-medium grve-lazy-load lazyload\" alt=\"\" data-column-space=\"auto\" data-lazyload=\"\" data-grve-filter=\"yes\" srcset=\"https:\/\/themeter.assistenzawponline.net\/wp-content\/themes\/impeka\/images\/empty\/empty.png\" data-src=\"https:\/\/themeter.assistenzawponline.net\/wp-content\/uploads\/AnteprimaRealTime3_copia.webp\" data-sizes=\"auto\" data-srcset=\"https:\/\/themeter.assistenzawponline.net\/wp-content\/uploads\/AnteprimaRealTime3_copia.webp 860w, https:\/\/themeter.assistenzawponline.net\/wp-content\/uploads\/AnteprimaRealTime3_copia-768x536.webp 768w, https:\/\/themeter.assistenzawponline.net\/wp-content\/uploads\/AnteprimaRealTime3_copia-600x419.webp 600w\" data-expand=\"1\" \/><\/div><\/div>\t<\/div>\n\t<\/div>\r\n<\/div>\r\n[\/vc_column][vc_column width=&#8221;2\/3&#8243;]<h3 class=\"grve-element grve-title grve-align-inherit grve-h3\"><span><br>\n<h3 class=\"title\">Mode <strong>temps r\u00e9el<span style=\"color: #e30613;\">.<\/span><\/strong><\/h3>\n<\/span><\/h3>[vc_column_text]L&#8217;instrument fonctionne \u00e9galement comme un <strong>compteur de distance en continu<\/strong>: d\u00e9marrez un relev\u00e9 continu \u00e0 l&#8217;aide du bouton &#8220;play&#8221; de l&#8217;application. <strong>Les donn\u00e9es mesur\u00e9es seront affich\u00e9es sur l&#8217;\u00e9cran de votre smartphone<\/strong> ou de votre <strong>tablette<\/strong> et mises \u00e0 jour en continu et en temps r\u00e9el.[\/vc_column_text]<div class=\"grve-empty-space grve-height-1x\"><\/div><div class=\"grve-element grve-button-group grve-align-inherit grve-space-30\" id=\"el-1683036976984-7f52a1ba-ac7c\">\r\n<div class=\"grve-element grve-align-inherit\"><a href=\"https:\/\/www.youtube.com\/watch?v=fgTnUUTpgk0\" target=\"_blank\" class=\"grve-btn-video grve-text-white grve-btn-medium\">\n\t\t<div class=\"grve-btn-inner\">\n\t\t<span>Regarder le tutoriel<\/span>\n\t\t\t\t<div class=\"grve-btn-video-icon grve-svg-white grve-svg-hover-dark-grey\">\n\t\t\t\t\t\t<svg width=\"24px\" height=\"24px\" viewBox=\"0 0 24 24\" stroke-width=\"0\">\n\t\t\t\t\t<polygon points=\"19 12 7 20 7 4\"><\/polygon>\n\t\t\t\t<\/svg>\n\t\t\t\t\t<div class=\"grve-shape-icon grve-round grve-outline grve-border-white grve-bg-hover-white\"><\/div>\n\t<\/div>\n\t\t\t<\/div>\n\t<\/a><\/div><div class=\"grve-element grve-align-left\"><a href=\"\/wp-content\/uploads\/PDF\/Guida_Distanziometro_RealTime_en.pdf\" target=\"_blank\" class=\"grve-btn-text grve-btn-line grve-line-left grve-text-primary-3 grve-text-hover-primary-3 grve-btn-medium\">\n\t\t<div class=\"grve-btn-inner\">\n\t\t<span>Lire le guide<\/span>\n\t\t\t<span class=\"grve-line grve-bg-primary-3\"><\/span>\n\t\t\t\t\t\t\t<\/div>\n\t<\/a><\/div><\/div>\r\n[\/vc_column][\/vc_row][vc_row padding_top_multiplier=&#8221;3x&#8221; padding_bottom_multiplier=&#8221;3x&#8221; rc_bg_type=&#8221;image&#8221;][vc_column]<h3 class=\"grve-element grve-title grve-align-center grve-h3 grve-with-line grve-bottom-line grve-text-white\"><span>Guide des appareils<\/span><span class=\"grve-title-line grve-bg-primary-3\" style=\"width: 650px;height: 2px;\"><\/span><\/h3>[\/vc_column][\/vc_row][vc_row][vc_column width=&#8221;1\/3&#8243; vertical_content_position=&#8221;middle&#8221;]<div class=\"grve-element grve-image grve-align-center\">\r\n\t<div class=\"grve-image-item\">\r\n\t\t\n\n<div class=\"grve-image-wrapper grve-no-effect\">\n\t\t<div class=\"grve-thumbnail-wrapper\"  style=\"width: 1920px;\"><div class=\"grve-thumbnail\"  style=\"padding-top: 56.25%;\"><img loading=\"lazy\" decoding=\"async\" width=\"1920\" height=\"1080\" src=\"https:\/\/themeter.assistenzawponline.net\/wp-content\/uploads\/bg_themeter_04-copia.webp\" class=\"attachment-medium size-medium grve-lazy-load lazyload\" alt=\"\" data-column-space=\"auto\" data-lazyload=\"\" data-grve-filter=\"yes\" srcset=\"https:\/\/themeter.assistenzawponline.net\/wp-content\/themes\/impeka\/images\/empty\/empty.png\" data-src=\"https:\/\/themeter.assistenzawponline.net\/wp-content\/uploads\/bg_themeter_04-copia.webp\" data-sizes=\"auto\" data-srcset=\"https:\/\/themeter.assistenzawponline.net\/wp-content\/uploads\/bg_themeter_04-copia.webp 1920w, https:\/\/themeter.assistenzawponline.net\/wp-content\/uploads\/bg_themeter_04-copia-768x432.webp 768w, https:\/\/themeter.assistenzawponline.net\/wp-content\/uploads\/bg_themeter_04-copia-1536x864.webp 1536w, https:\/\/themeter.assistenzawponline.net\/wp-content\/uploads\/bg_themeter_04-copia-1390x782.webp 1390w, https:\/\/themeter.assistenzawponline.net\/wp-content\/uploads\/bg_themeter_04-copia-600x338.webp 600w\" data-expand=\"1\" \/><\/div><\/div>\t<\/div>\n\t<\/div>\r\n<\/div>\r\n[\/vc_column][vc_column width=&#8221;2\/3&#8243; vertical_content_position=&#8221;middle&#8221;]<h3 class=\"grve-element grve-title grve-align-inherit grve-h3\"><span>GUIDE CUBE \/ CUBE<span class=\"cube-2\" style=\"font-size: 1.12em; color: #e30613;\">2<\/span><\/span><\/h3>[vc_column_text]Ce guide d\u00e9crit tous les cas de notification par LED des appareils The Meter.<br \/> En outre, toutes les \u00e9tapes utiles pour calibrer la boussole de l&#8217;appareil sont indiqu\u00e9es.[\/vc_column_text]<div class=\"grve-empty-space grve-height-1x\"><\/div><div class=\"grve-element grve-button-group grve-align-inherit grve-space-30\" id=\"el-1688510316264-ae84a9b6-9918\">\r\n<div class=\"grve-element grve-align-left\"><a href=\"https:\/\/themeter.it\/wp-content\/uploads\/PDF\/Guida_SerieCUBE_en.pdf\" target=\"_blank\" class=\"grve-btn-text grve-btn-line grve-line-left grve-text-primary-3 grve-text-hover-primary-3 grve-btn-medium\">\n\t\t<div class=\"grve-btn-inner\">\n\t\t<span>Lire le guide<\/span>\n\t\t\t<span class=\"grve-line grve-bg-primary-3\"><\/span>\n\t\t\t\t\t\t\t<\/div>\n\t<\/a><\/div><\/div>\r\n[\/vc_column][\/vc_row][vc_row padding_top_multiplier=&#8221;3x&#8221; padding_bottom_multiplier=&#8221;3x&#8221; rc_bg_type=&#8221;image&#8221;][vc_column]<h3 class=\"grve-element grve-title grve-align-center grve-h3 grve-with-line grve-bottom-line grve-text-white\"><span>Guide d&#8217;application<\/span><span class=\"grve-title-line grve-bg-primary-3\" style=\"width: 650px;height: 2px;\"><\/span><\/h3>[\/vc_column][\/vc_row][vc_row][vc_column width=&#8221;1\/3&#8243; vertical_content_position=&#8221;middle&#8221;]<div class=\"grve-element grve-image grve-align-center\">\r\n\t<div class=\"grve-image-item\">\r\n\t\t\n\n<div class=\"grve-image-wrapper grve-no-effect\">\n\t\t<div class=\"grve-thumbnail-wrapper\"  style=\"width: 1920px;\"><div class=\"grve-thumbnail\"  style=\"padding-top: 56.25%;\"><img loading=\"lazy\" decoding=\"async\" width=\"1920\" height=\"1080\" src=\"https:\/\/themeter.assistenzawponline.net\/wp-content\/uploads\/bg_themeter_03-copia.webp\" class=\"attachment-medium size-medium grve-lazy-load lazyload\" alt=\"\" data-column-space=\"auto\" data-lazyload=\"\" data-grve-filter=\"yes\" srcset=\"https:\/\/themeter.assistenzawponline.net\/wp-content\/themes\/impeka\/images\/empty\/empty.png\" data-src=\"https:\/\/themeter.assistenzawponline.net\/wp-content\/uploads\/bg_themeter_03-copia.webp\" data-sizes=\"auto\" data-srcset=\"https:\/\/themeter.assistenzawponline.net\/wp-content\/uploads\/bg_themeter_03-copia.webp 1920w, https:\/\/themeter.assistenzawponline.net\/wp-content\/uploads\/bg_themeter_03-copia-768x432.webp 768w, https:\/\/themeter.assistenzawponline.net\/wp-content\/uploads\/bg_themeter_03-copia-1536x864.webp 1536w, https:\/\/themeter.assistenzawponline.net\/wp-content\/uploads\/bg_themeter_03-copia-1390x782.webp 1390w, https:\/\/themeter.assistenzawponline.net\/wp-content\/uploads\/bg_themeter_03-copia-600x338.webp 600w\" data-expand=\"1\" \/><\/div><\/div>\t<\/div>\n\t<\/div>\r\n<\/div>\r\n[\/vc_column][vc_column width=&#8221;2\/3&#8243; vertical_content_position=&#8221;middle&#8221;]<h3 class=\"grve-element grve-title grve-align-inherit grve-h3\"><span>GUIDE DE <strong>L&#8217;APPLICATION<\/strong> CUBE \/ CUBE<span class=\"cube-2\" style=\"font-size: 1.12em; color: #e30613;\">2<\/span><\/span><\/h3>[vc_column_text]Avec l&#8217;application Meter, vous pouvez <strong>g\u00e9rer vos appareils de mani\u00e8re pratique \u00e0<\/strong> partir de plusieurs <strong>smartphones<\/strong> ou <strong>tablettes<\/strong>, sans avoir besoin de souscrire \u00e0 un abonnement. Gr\u00e2ce \u00e0 la technologie Bluetooth,<strong> l&#8217;appareil peut fonctionner m\u00eame en l&#8217;absence de connexion Internet.<\/strong><br \/>Lisez le guide pour savoir comment utiliser l&#8217;application &#8220;The Meter&#8221; et &#8220;The Meter Doctor&#8221;.[\/vc_column_text]<div class=\"grve-empty-space grve-height-1x\"><\/div><div class=\"grve-element grve-button-group grve-align-inherit grve-space-30\" id=\"el-1688511189010-5002d182-5d5c\">\r\n<div class=\"grve-element grve-align-left\"><a href=\"\/wp-content\/uploads\/PDF\/Guida_App_en.pdf\" target=\"_blank\" class=\"grve-btn-text grve-btn-line grve-line-left grve-text-primary-3 grve-text-hover-primary-3 grve-btn-medium\">\n\t\t<div class=\"grve-btn-inner\">\n\t\t<span>Lire le guide<\/span>\n\t\t\t<span class=\"grve-line grve-bg-primary-3\"><\/span>\n\t\t\t\t\t\t\t<\/div>\n\t<\/a><\/div><\/div>\r\n[\/vc_column][\/vc_row][vc_row][vc_column]<div class=\"grve-empty-space grve-height-1x\"><\/div>[\/vc_column][\/vc_row]<\/p>\n<\/div>","protected":false},"excerpt":{"rendered":"<p>[vc_row padding_top_multiplier=&#8221;6x&#8221; padding_bottom_multiplier=&#8221;6x&#8221; rc_bg_type=&#8221;image&#8221; rc_bg_image=&#8221;1031186&#8243; rc_bg_pattern_overlay=&#8221;yes&#8221; rc_bg_color_overlay=&#8221;primary-1&#8243; rc_bg_opacity_overlay=&#8221;20&#8243;][vc_column text_align=&#8221;center&#8221;][vc_column_text]Vous trouverez ici tous les guides pratiques pour les produits The MeterGuides : modes, appareils, applications.[\/vc_column_text][\/vc_column][\/vc_row][vc_row padding_top_multiplier=&#8221;3x&#8221; padding_bottom_multiplier=&#8221;3x&#8221; rc_bg_type=&#8221;image&#8221;][vc_column][\/vc_column][\/vc_row][vc_row padding_top_multiplier=&#8221;2x&#8221; padding_bottom_multiplier=&#8221;2x&#8221; rc_bg_type=&#8221;color&#8221;][vc_column width=&#8221;1\/3&#8243; vertical_content_position=&#8221;middle&#8221;][\/vc_column][vc_column width=&#8221;2\/3&#8243;][vc_column_text]Positionnez l&#8217;appareil \u00e0 l&#8217;endroit optimal pour l&#8217;enqu\u00eate, connectez-le via Bluetooth \u00e0 votre smartphone ou \u00e0 votre tablette et commencez \u00e0 scanner : l&#8217;appareil [&hellip;]<\/p>\n","protected":false},"author":13,"featured_media":0,"parent":0,"menu_order":0,"comment_status":"closed","ping_status":"closed","template":"","meta":{"inline_featured_image":false,"footnotes":""},"class_list":["post-1025947","page","type-page","status-publish","hentry","grve-entry-item"],"_links":{"self":[{"href":"https:\/\/themeter.assistenzawponline.net\/fr\/wp-json\/wp\/v2\/pages\/1025947","targetHints":{"allow":["GET"]}}],"collection":[{"href":"https:\/\/themeter.assistenzawponline.net\/fr\/wp-json\/wp\/v2\/pages"}],"about":[{"href":"https:\/\/themeter.assistenzawponline.net\/fr\/wp-json\/wp\/v2\/types\/page"}],"author":[{"embeddable":true,"href":"https:\/\/themeter.assistenzawponline.net\/fr\/wp-json\/wp\/v2\/users\/13"}],"replies":[{"embeddable":true,"href":"https:\/\/themeter.assistenzawponline.net\/fr\/wp-json\/wp\/v2\/comments?post=1025947"}],"version-history":[{"count":0,"href":"https:\/\/themeter.assistenzawponline.net\/fr\/wp-json\/wp\/v2\/pages\/1025947\/revisions"}],"wp:attachment":[{"href":"https:\/\/themeter.assistenzawponline.net\/fr\/wp-json\/wp\/v2\/media?parent=1025947"}],"curies":[{"name":"wp","href":"https:\/\/api.w.org\/{rel}","templated":true}]}}