{"id":1025955,"date":"2023-04-14T15:31:59","date_gmt":"2023-04-14T15:31:59","guid":{"rendered":"https:\/\/themeter.it\/application\/"},"modified":"2025-01-20T08:19:58","modified_gmt":"2025-01-20T08:19:58","slug":"application","status":"publish","type":"page","link":"https:\/\/themeter.assistenzawponline.net\/fr\/application\/","title":{"rendered":"Application"},"content":{"rendered":"<div class=\"wpb-content-wrapper\"><p>[vc_row][vc_column]<div class=\"grve-empty-space grve-height-3x\"><\/div>[\/vc_column][vc_column width=&#8221;1\/2&#8243;]<h1 class=\"grve-element grve-title grve-align-inherit grve-h2\"><span>LA VITESSE AU <strong>BOUT DES DOIGTS<\/strong><\/span><\/h1>[vc_column_text]<span style=\"font-weight: 400;\">Avec l&#8217;application <\/span><b>The Meter<\/b><span style=\"font-weight: 400;\">vous pouvez g\u00e9rer vos appareils de mani\u00e8re pratique \u00e0 partir de plusieurs smartphones ou tablettes, <\/span><b>sans avoir besoin de souscrire \u00e0 un abonnement<\/b><span style=\"font-weight: 400;\">. Gr\u00e2ce \u00e0 la technologie Bluetooth, l&#8217;appareil peut fonctionner m\u00eame en l&#8217;absence de connexion Internet.  <\/span><\/p>\n<ul>\n<li><b>Simple et intuitif<\/b><\/li>\n<li><span style=\"font-weight: 400;\">Des \u00e9tapes rapides qui garantissent \u00e0 l&#8217;utilisateur <\/span><b><br \/>\n  <i>une exp\u00e9rience de travail rapide et pr\u00e9cise<\/i><br \/>\n<\/b><\/li>\n<li><b>Partage instantan\u00e9<\/b><\/li>\n<li><b>Exportation au format .dxf multicouche<\/b><\/li>\n<li><span style=\"font-weight: 400;\">Archivage directement sur votre smartphone<\/span><\/li>\n<li><span style=\"font-weight: 400;\">Connexion via Bluetooth<\/span><\/li>\n<li style=\"list-style-type: none;\">\n<\/li>\n<\/ul>\n<p><span style=\"font-weight: 400;\">Avec l&#8217;application <\/span><b>The Meter Doctor<\/b><span style=\"font-weight: 400;\"> vous pouvez effectuer des mises \u00e0 jour du firmware des appareils The Meter et demander notre aide.<\/span>[\/vc_column_text]<div class=\"grve-empty-space grve-height-1x\"><\/div><h3 class=\"grve-element grve-title grve-align-left grve-h5 grve-text-primary-3\"><span>Disponible \u00e0 l&#8217;adresse suivante<\/span><\/h3><div class=\"grve-empty-space grve-height-1x\"><\/div>[vc_row_inner][vc_column_inner width=&#8221;1\/3&#8243;]<div class=\"grve-element grve-image grve-align-left\">\r\n\t<div class=\"grve-image-item\">\r\n\t\t\n\n<div class=\"grve-image-wrapper grve-no-effect\">\n\t\t<a href=\"https:\/\/play.google.com\/store\/apps\/details?id=com.officineiadr.themeter_v3&#038;hl=it&#038;gl=US&#038;pli=1\" target=\"_blank\"><span class=\"screen-reader-text\">More<\/span>\t\t<div class=\"grve-thumbnail-wrapper\"  style=\"width: 148px;\"><div class=\"grve-thumbnail\"  style=\"padding-top: 33.108%;\"><img loading=\"lazy\" decoding=\"async\" width=\"148\" height=\"49\" src=\"https:\/\/themeter.assistenzawponline.net\/wp-content\/uploads\/GOOGLE_Badge_IT1x-copia.webp\" class=\"attachment-full size-full grve-lazy-load lazyload\" alt=\"Disponibile su Google Play\" data-column-space=\"auto\" data-lazyload=\"\" data-grve-filter=\"yes\" data-src=\"https:\/\/themeter.assistenzawponline.net\/wp-content\/uploads\/GOOGLE_Badge_IT1x-copia.webp\" data-sizes=\"auto\" data-srcset=\"\" data-expand=\"1\" \/><\/div><\/div>\t<\/a><\/div>\n\t<\/div>\r\n<\/div>\r\n[\/vc_column_inner][vc_column_inner width=&#8221;1\/3&#8243;]<div class=\"grve-element grve-image grve-align-left\">\r\n\t<div class=\"grve-image-item\">\r\n\t\t\n\n<div class=\"grve-image-wrapper grve-no-effect\">\n\t\t<a href=\"https:\/\/apps.apple.com\/it\/app\/the-meter\/id1550791647?l=en\" target=\"_blank\"><span class=\"screen-reader-text\">More<\/span>\t\t<div class=\"grve-thumbnail-wrapper\"  style=\"width: 148px;\"><div class=\"grve-thumbnail\"  style=\"padding-top: 33.108%;\"><img loading=\"lazy\" decoding=\"async\" width=\"148\" height=\"49\" src=\"https:\/\/themeter.assistenzawponline.net\/wp-content\/uploads\/APPLE_Badge_IT1x-copia.webp\" class=\"attachment-full size-full grve-lazy-load lazyload\" alt=\"Scarica su App Store\" data-column-space=\"auto\" data-lazyload=\"\" data-grve-filter=\"yes\" data-src=\"https:\/\/themeter.assistenzawponline.net\/wp-content\/uploads\/APPLE_Badge_IT1x-copia.webp\" data-sizes=\"auto\" data-srcset=\"\" data-expand=\"1\" \/><\/div><\/div>\t<\/a><\/div>\n\t<\/div>\r\n<\/div>\r\n[\/vc_column_inner][vc_column_inner width=&#8221;1\/3&#8243;][\/vc_column_inner][\/vc_row_inner][\/vc_column][vc_column width=&#8221;1\/2&#8243; full_height=&#8221;yes&#8221; rc_bg_type=&#8221;image&#8221; rc_bg_image=&#8221;1031250&#8243;][\/vc_column][\/vc_row][vc_row section_type=&#8221;fullwidth&#8221;][vc_column]<div class=\"grve-element grve-carousel grve-image-carousel\">\r\n\t<div class=\"grve-carousel-wrapper\">\r\n\t\t\t<div class=\"grve-carousel-navigation grve-navigation-arrow-1\">\n\t\t<div class=\"grve-carousel-buttons\">\n\t\t\t<div class=\"grve-carousel-prev\"><div class=\"grve-svg-icon grve-direction-left grve-arrow-1 grve-svg-black grve-with-shape grve-circle grve-bg-white\">\t\t\t<svg width=\"12px\" height=\"12px\" viewBox=\"0 0 12 12\">\n\t\t\t\t<polygon points=\"3.6 0 10 6 3.6 12 2 10.5 6.8 6 2 1.5\"><\/polygon>\n\t\t\t<\/svg>\n\t\t\t<\/div><\/div>\n\t\t\t<div class=\"grve-carousel-next\"><div class=\"grve-svg-icon grve-direction-right grve-arrow-1 grve-svg-black grve-with-shape grve-circle grve-bg-white\">\t\t\t<svg width=\"12px\" height=\"12px\" viewBox=\"0 0 12 12\">\n\t\t\t\t<polygon points=\"3.6 0 10 6 3.6 12 2 10.5 6.8 6 2 1.5\"><\/polygon>\n\t\t\t<\/svg>\n\t\t\t<\/div><\/div>\n\t\t<\/div>\n\t<\/div>\n\t\t<div data-items=\"6\" data-items-tablet-landscape=\"4\" data-items-tablet-portrait=\"4\" data-items-mobile=\"3\" data-pagination=\"no\" data-slider-autoplay=\"yes\" data-slider-loop=\"yes\" data-slider-autoheight=\"no\" data-stage-padding=\"0\" data-slider-speed=\"3000\" data-slider-pause=\"no\" data-pagination-speed=\"400\" data-gutter-size=\"30\" class=\"grve-carousel-element grve-gallery-popup grve-with-gap grve-classic-carousel\">\r\n\r\n\t\t\t<div class=\"grve-entry-item grve-carousel-item\">\r\n\t\t\t\t<div class=\"grve-image-item\">\r\n\t\t\t\t\t<div class=\"grve-hover-item grve-hover-style-1\">\n\t<div class=\"grve-image-hover grve-media\">\n\t\t\t\t<a class=\"grve-item-url\" href=\"https:\/\/themeter.assistenzawponline.net\/wp-content\/uploads\/ScreenSito_TheMeter8-copia.webp\"><span class=\"screen-reader-text\">More<\/span><\/a>\n\t\t\t\t<div class=\"grve-thumbnail-wrapper\"><div class=\"grve-thumbnail\"  style=\"padding-top: 198.104%;\"><img loading=\"lazy\" decoding=\"async\" width=\"211\" height=\"418\" src=\"https:\/\/themeter.assistenzawponline.net\/wp-content\/uploads\/ScreenSito_TheMeter8-copia.webp\" class=\"attachment-impeka-grve-small-rect-horizontal size-impeka-grve-small-rect-horizontal grve-lazy-load lazyload\" alt=\"\" data-column-space=\"100\" data-lazyload=\"\" data-grve-filter=\"yes\" data-src=\"https:\/\/themeter.assistenzawponline.net\/wp-content\/uploads\/ScreenSito_TheMeter8-copia.webp\" data-sizes=\"auto\" data-srcset=\"\" data-expand=\"1\" \/><\/div><\/div>\t\t\t\t<div class=\"grve-bg-black grve-hover-overlay grve-opacity-30\"><\/div>\n\t\t\t<\/div>\n\t<\/div>\n\t\t\t\t<\/div>\r\n\t\t\t<\/div>\r\n\r\n\t\t\t<div class=\"grve-entry-item grve-carousel-item\">\r\n\t\t\t\t<div class=\"grve-image-item\">\r\n\t\t\t\t\t<div class=\"grve-hover-item grve-hover-style-1\">\n\t<div class=\"grve-image-hover grve-media\">\n\t\t\t\t<a class=\"grve-item-url\" href=\"https:\/\/themeter.assistenzawponline.net\/wp-content\/uploads\/ScreenSito_TheMeter7-copia.webp\"><span class=\"screen-reader-text\">More<\/span><\/a>\n\t\t\t\t<div class=\"grve-thumbnail-wrapper\"><div class=\"grve-thumbnail\"  style=\"padding-top: 198.104%;\"><img loading=\"lazy\" decoding=\"async\" width=\"211\" height=\"418\" src=\"https:\/\/themeter.assistenzawponline.net\/wp-content\/uploads\/ScreenSito_TheMeter7-copia.webp\" class=\"attachment-impeka-grve-small-rect-horizontal size-impeka-grve-small-rect-horizontal grve-lazy-load lazyload\" alt=\"\" data-column-space=\"100\" data-lazyload=\"\" data-grve-filter=\"yes\" data-src=\"https:\/\/themeter.assistenzawponline.net\/wp-content\/uploads\/ScreenSito_TheMeter7-copia.webp\" data-sizes=\"auto\" data-srcset=\"\" data-expand=\"1\" \/><\/div><\/div>\t\t\t\t<div class=\"grve-bg-black grve-hover-overlay grve-opacity-30\"><\/div>\n\t\t\t<\/div>\n\t<\/div>\n\t\t\t\t<\/div>\r\n\t\t\t<\/div>\r\n\r\n\t\t\t<div class=\"grve-entry-item grve-carousel-item\">\r\n\t\t\t\t<div class=\"grve-image-item\">\r\n\t\t\t\t\t<div class=\"grve-hover-item grve-hover-style-1\">\n\t<div class=\"grve-image-hover grve-media\">\n\t\t\t\t<a class=\"grve-item-url\" href=\"https:\/\/themeter.assistenzawponline.net\/wp-content\/uploads\/ScreenSito_TheMeter6-copia.webp\"><span class=\"screen-reader-text\">More<\/span><\/a>\n\t\t\t\t<div class=\"grve-thumbnail-wrapper\"><div class=\"grve-thumbnail\"  style=\"padding-top: 198.104%;\"><img loading=\"lazy\" decoding=\"async\" width=\"211\" height=\"418\" src=\"https:\/\/themeter.assistenzawponline.net\/wp-content\/uploads\/ScreenSito_TheMeter6-copia.webp\" class=\"attachment-impeka-grve-small-rect-horizontal size-impeka-grve-small-rect-horizontal grve-lazy-load lazyload\" alt=\"\" data-column-space=\"100\" data-lazyload=\"\" data-grve-filter=\"yes\" data-src=\"https:\/\/themeter.assistenzawponline.net\/wp-content\/uploads\/ScreenSito_TheMeter6-copia.webp\" data-sizes=\"auto\" data-srcset=\"\" data-expand=\"1\" \/><\/div><\/div>\t\t\t\t<div class=\"grve-bg-black grve-hover-overlay grve-opacity-30\"><\/div>\n\t\t\t<\/div>\n\t<\/div>\n\t\t\t\t<\/div>\r\n\t\t\t<\/div>\r\n\r\n\t\t\t<div class=\"grve-entry-item grve-carousel-item\">\r\n\t\t\t\t<div class=\"grve-image-item\">\r\n\t\t\t\t\t<div class=\"grve-hover-item grve-hover-style-1\">\n\t<div class=\"grve-image-hover grve-media\">\n\t\t\t\t<a class=\"grve-item-url\" href=\"https:\/\/themeter.assistenzawponline.net\/wp-content\/uploads\/ScreenSito_TheMeter5-copia.webp\"><span class=\"screen-reader-text\">More<\/span><\/a>\n\t\t\t\t<div class=\"grve-thumbnail-wrapper\"><div class=\"grve-thumbnail\"  style=\"padding-top: 198.104%;\"><img loading=\"lazy\" decoding=\"async\" width=\"211\" height=\"418\" src=\"https:\/\/themeter.assistenzawponline.net\/wp-content\/uploads\/ScreenSito_TheMeter5-copia.webp\" class=\"attachment-impeka-grve-small-rect-horizontal size-impeka-grve-small-rect-horizontal grve-lazy-load lazyload\" alt=\"\" data-column-space=\"100\" data-lazyload=\"\" data-grve-filter=\"yes\" data-src=\"https:\/\/themeter.assistenzawponline.net\/wp-content\/uploads\/ScreenSito_TheMeter5-copia.webp\" data-sizes=\"auto\" data-srcset=\"\" data-expand=\"1\" \/><\/div><\/div>\t\t\t\t<div class=\"grve-bg-black grve-hover-overlay grve-opacity-30\"><\/div>\n\t\t\t<\/div>\n\t<\/div>\n\t\t\t\t<\/div>\r\n\t\t\t<\/div>\r\n\r\n\t\t\t<div class=\"grve-entry-item grve-carousel-item\">\r\n\t\t\t\t<div class=\"grve-image-item\">\r\n\t\t\t\t\t<div class=\"grve-hover-item grve-hover-style-1\">\n\t<div class=\"grve-image-hover grve-media\">\n\t\t\t\t<a class=\"grve-item-url\" href=\"https:\/\/themeter.assistenzawponline.net\/wp-content\/uploads\/ScreenSito_TheMeter4-copia.webp\"><span class=\"screen-reader-text\">More<\/span><\/a>\n\t\t\t\t<div class=\"grve-thumbnail-wrapper\"><div class=\"grve-thumbnail\"  style=\"padding-top: 197.63%;\"><img loading=\"lazy\" decoding=\"async\" width=\"211\" height=\"417\" src=\"https:\/\/themeter.assistenzawponline.net\/wp-content\/uploads\/ScreenSito_TheMeter4-copia.webp\" class=\"attachment-impeka-grve-small-rect-horizontal size-impeka-grve-small-rect-horizontal grve-lazy-load lazyload\" alt=\"\" data-column-space=\"100\" data-lazyload=\"\" data-grve-filter=\"yes\" data-src=\"https:\/\/themeter.assistenzawponline.net\/wp-content\/uploads\/ScreenSito_TheMeter4-copia.webp\" data-sizes=\"auto\" data-srcset=\"\" data-expand=\"1\" \/><\/div><\/div>\t\t\t\t<div class=\"grve-bg-black grve-hover-overlay grve-opacity-30\"><\/div>\n\t\t\t<\/div>\n\t<\/div>\n\t\t\t\t<\/div>\r\n\t\t\t<\/div>\r\n\r\n\t\t\t<div class=\"grve-entry-item grve-carousel-item\">\r\n\t\t\t\t<div class=\"grve-image-item\">\r\n\t\t\t\t\t<div class=\"grve-hover-item grve-hover-style-1\">\n\t<div class=\"grve-image-hover grve-media\">\n\t\t\t\t<a class=\"grve-item-url\" href=\"https:\/\/themeter.assistenzawponline.net\/wp-content\/uploads\/ScreenSito_TheMeter3-copia.webp\"><span class=\"screen-reader-text\">More<\/span><\/a>\n\t\t\t\t<div class=\"grve-thumbnail-wrapper\"><div class=\"grve-thumbnail\"  style=\"padding-top: 197.63%;\"><img loading=\"lazy\" decoding=\"async\" width=\"211\" height=\"417\" src=\"https:\/\/themeter.assistenzawponline.net\/wp-content\/uploads\/ScreenSito_TheMeter3-copia.webp\" class=\"attachment-impeka-grve-small-rect-horizontal size-impeka-grve-small-rect-horizontal grve-lazy-load lazyload\" alt=\"\" data-column-space=\"100\" data-lazyload=\"\" data-grve-filter=\"yes\" data-src=\"https:\/\/themeter.assistenzawponline.net\/wp-content\/uploads\/ScreenSito_TheMeter3-copia.webp\" data-sizes=\"auto\" data-srcset=\"\" data-expand=\"1\" \/><\/div><\/div>\t\t\t\t<div class=\"grve-bg-black grve-hover-overlay grve-opacity-30\"><\/div>\n\t\t\t<\/div>\n\t<\/div>\n\t\t\t\t<\/div>\r\n\t\t\t<\/div>\r\n\r\n\t\t\t<div class=\"grve-entry-item grve-carousel-item\">\r\n\t\t\t\t<div class=\"grve-image-item\">\r\n\t\t\t\t\t<div class=\"grve-hover-item grve-hover-style-1\">\n\t<div class=\"grve-image-hover grve-media\">\n\t\t\t\t<a class=\"grve-item-url\" href=\"https:\/\/themeter.assistenzawponline.net\/wp-content\/uploads\/ScreenSito_TheMeter2-copia.webp\"><span class=\"screen-reader-text\">More<\/span><\/a>\n\t\t\t\t<div class=\"grve-thumbnail-wrapper\"><div class=\"grve-thumbnail\"  style=\"padding-top: 197.63%;\"><img loading=\"lazy\" decoding=\"async\" width=\"211\" height=\"417\" src=\"https:\/\/themeter.assistenzawponline.net\/wp-content\/uploads\/ScreenSito_TheMeter2-copia.webp\" class=\"attachment-impeka-grve-small-rect-horizontal size-impeka-grve-small-rect-horizontal grve-lazy-load lazyload\" alt=\"\" data-column-space=\"100\" data-lazyload=\"\" data-grve-filter=\"yes\" data-src=\"https:\/\/themeter.assistenzawponline.net\/wp-content\/uploads\/ScreenSito_TheMeter2-copia.webp\" data-sizes=\"auto\" data-srcset=\"\" data-expand=\"1\" \/><\/div><\/div>\t\t\t\t<div class=\"grve-bg-black grve-hover-overlay grve-opacity-30\"><\/div>\n\t\t\t<\/div>\n\t<\/div>\n\t\t\t\t<\/div>\r\n\t\t\t<\/div>\r\n\r\n\t\t\t<div class=\"grve-entry-item grve-carousel-item\">\r\n\t\t\t\t<div class=\"grve-image-item\">\r\n\t\t\t\t\t<div class=\"grve-hover-item grve-hover-style-1\">\n\t<div class=\"grve-image-hover grve-media\">\n\t\t\t\t<a class=\"grve-item-url\" href=\"https:\/\/themeter.assistenzawponline.net\/wp-content\/uploads\/ScreenSito_TheMeter1-copia.webp\"><span class=\"screen-reader-text\">More<\/span><\/a>\n\t\t\t\t<div class=\"grve-thumbnail-wrapper\"><div class=\"grve-thumbnail\"  style=\"padding-top: 197.63%;\"><img loading=\"lazy\" decoding=\"async\" width=\"211\" height=\"417\" src=\"https:\/\/themeter.assistenzawponline.net\/wp-content\/uploads\/ScreenSito_TheMeter1-copia.webp\" class=\"attachment-impeka-grve-small-rect-horizontal size-impeka-grve-small-rect-horizontal grve-lazy-load lazyload\" alt=\"\" data-column-space=\"100\" data-lazyload=\"\" data-grve-filter=\"yes\" data-src=\"https:\/\/themeter.assistenzawponline.net\/wp-content\/uploads\/ScreenSito_TheMeter1-copia.webp\" data-sizes=\"auto\" data-srcset=\"\" data-expand=\"1\" \/><\/div><\/div>\t\t\t\t<div class=\"grve-bg-black grve-hover-overlay grve-opacity-30\"><\/div>\n\t\t\t<\/div>\n\t<\/div>\n\t\t\t\t<\/div>\r\n\t\t\t<\/div>\r\n\r\n\t\t\t<div class=\"grve-entry-item grve-carousel-item\">\r\n\t\t\t\t<div class=\"grve-image-item\">\r\n\t\t\t\t\t<div class=\"grve-hover-item grve-hover-style-1\">\n\t<div class=\"grve-image-hover grve-media\">\n\t\t\t\t<a class=\"grve-item-url\" href=\"https:\/\/themeter.assistenzawponline.net\/wp-content\/uploads\/ScreenSito_TheDoctor4-copia.webp\"><span class=\"screen-reader-text\">More<\/span><\/a>\n\t\t\t\t<div class=\"grve-thumbnail-wrapper\"><div class=\"grve-thumbnail\"  style=\"padding-top: 198.104%;\"><img loading=\"lazy\" decoding=\"async\" width=\"211\" height=\"418\" src=\"https:\/\/themeter.assistenzawponline.net\/wp-content\/uploads\/ScreenSito_TheDoctor4-copia.webp\" class=\"attachment-impeka-grve-small-rect-horizontal size-impeka-grve-small-rect-horizontal grve-lazy-load lazyload\" alt=\"\" data-column-space=\"100\" data-lazyload=\"\" data-grve-filter=\"yes\" data-src=\"https:\/\/themeter.assistenzawponline.net\/wp-content\/uploads\/ScreenSito_TheDoctor4-copia.webp\" data-sizes=\"auto\" data-srcset=\"\" data-expand=\"1\" \/><\/div><\/div>\t\t\t\t<div class=\"grve-bg-black grve-hover-overlay grve-opacity-30\"><\/div>\n\t\t\t<\/div>\n\t<\/div>\n\t\t\t\t<\/div>\r\n\t\t\t<\/div>\r\n\r\n\t\t\t<div class=\"grve-entry-item grve-carousel-item\">\r\n\t\t\t\t<div class=\"grve-image-item\">\r\n\t\t\t\t\t<div class=\"grve-hover-item grve-hover-style-1\">\n\t<div class=\"grve-image-hover grve-media\">\n\t\t\t\t<a class=\"grve-item-url\" href=\"https:\/\/themeter.assistenzawponline.net\/wp-content\/uploads\/ScreenSito_TheDoctor3-copia.webp\"><span class=\"screen-reader-text\">More<\/span><\/a>\n\t\t\t\t<div class=\"grve-thumbnail-wrapper\"><div class=\"grve-thumbnail\"  style=\"padding-top: 198.104%;\"><img loading=\"lazy\" decoding=\"async\" width=\"211\" height=\"418\" src=\"https:\/\/themeter.assistenzawponline.net\/wp-content\/uploads\/ScreenSito_TheDoctor3-copia.webp\" class=\"attachment-impeka-grve-small-rect-horizontal size-impeka-grve-small-rect-horizontal grve-lazy-load lazyload\" alt=\"\" data-column-space=\"100\" data-lazyload=\"\" data-grve-filter=\"yes\" data-src=\"https:\/\/themeter.assistenzawponline.net\/wp-content\/uploads\/ScreenSito_TheDoctor3-copia.webp\" data-sizes=\"auto\" data-srcset=\"\" data-expand=\"1\" \/><\/div><\/div>\t\t\t\t<div class=\"grve-bg-black grve-hover-overlay grve-opacity-30\"><\/div>\n\t\t\t<\/div>\n\t<\/div>\n\t\t\t\t<\/div>\r\n\t\t\t<\/div>\r\n\r\n\t\t\t<div class=\"grve-entry-item grve-carousel-item\">\r\n\t\t\t\t<div class=\"grve-image-item\">\r\n\t\t\t\t\t<div class=\"grve-hover-item grve-hover-style-1\">\n\t<div class=\"grve-image-hover grve-media\">\n\t\t\t\t<a class=\"grve-item-url\" href=\"https:\/\/themeter.assistenzawponline.net\/wp-content\/uploads\/ScreenSito_TheDoctor2-copia.webp\"><span class=\"screen-reader-text\">More<\/span><\/a>\n\t\t\t\t<div class=\"grve-thumbnail-wrapper\"><div class=\"grve-thumbnail\"  style=\"padding-top: 198.104%;\"><img loading=\"lazy\" decoding=\"async\" width=\"211\" height=\"418\" src=\"https:\/\/themeter.assistenzawponline.net\/wp-content\/uploads\/ScreenSito_TheDoctor2-copia.webp\" class=\"attachment-impeka-grve-small-rect-horizontal size-impeka-grve-small-rect-horizontal grve-lazy-load lazyload\" alt=\"\" data-column-space=\"100\" data-lazyload=\"\" data-grve-filter=\"yes\" data-src=\"https:\/\/themeter.assistenzawponline.net\/wp-content\/uploads\/ScreenSito_TheDoctor2-copia.webp\" data-sizes=\"auto\" data-srcset=\"\" data-expand=\"1\" \/><\/div><\/div>\t\t\t\t<div class=\"grve-bg-black grve-hover-overlay grve-opacity-30\"><\/div>\n\t\t\t<\/div>\n\t<\/div>\n\t\t\t\t<\/div>\r\n\t\t\t<\/div>\r\n\r\n\t\t\t<div class=\"grve-entry-item grve-carousel-item\">\r\n\t\t\t\t<div class=\"grve-image-item\">\r\n\t\t\t\t\t<div class=\"grve-hover-item grve-hover-style-1\">\n\t<div class=\"grve-image-hover grve-media\">\n\t\t\t\t<a class=\"grve-item-url\" href=\"https:\/\/themeter.assistenzawponline.net\/wp-content\/uploads\/ScreenSito_TheDoctor1-copia.webp\"><span class=\"screen-reader-text\">More<\/span><\/a>\n\t\t\t\t<div class=\"grve-thumbnail-wrapper\"><div class=\"grve-thumbnail\"  style=\"padding-top: 198.104%;\"><img loading=\"lazy\" decoding=\"async\" width=\"211\" height=\"418\" src=\"https:\/\/themeter.assistenzawponline.net\/wp-content\/uploads\/ScreenSito_TheDoctor1-copia.webp\" class=\"attachment-impeka-grve-small-rect-horizontal size-impeka-grve-small-rect-horizontal grve-lazy-load lazyload\" alt=\"\" data-column-space=\"100\" data-lazyload=\"\" data-grve-filter=\"yes\" data-src=\"https:\/\/themeter.assistenzawponline.net\/wp-content\/uploads\/ScreenSito_TheDoctor1-copia.webp\" data-sizes=\"auto\" data-srcset=\"\" data-expand=\"1\" \/><\/div><\/div>\t\t\t\t<div class=\"grve-bg-black grve-hover-overlay grve-opacity-30\"><\/div>\n\t\t\t<\/div>\n\t<\/div>\n\t\t\t\t<\/div>\r\n\t\t\t<\/div>\r\n\t\t<\/div>\r\n\t<\/div>\r\n<\/div>\r\n<div class=\"grve-empty-space grve-height-3x\"><\/div>[\/vc_column][vc_column width=&#8221;1\/3&#8243; full_height=&#8221;yes&#8221; rc_bg_type=&#8221;image&#8221;][\/vc_column][vc_column width=&#8221;2\/3&#8243;][\/vc_column][\/vc_row][vc_row][vc_column width=&#8221;1\/3&#8243;]<h1 class=\"grve-element grve-title grve-align-inherit grve-h2\"><span>Mesurer<span style=\"color: #e30613;\"><br \/>\n<\/span> V\u00e9rifier<span style=\"color: #e30613;\">.<\/span> Enregistrer<span style=\"color: #e30613;\">.<\/span> C&#8217;est fait!<\/span><\/h1><div class=\"grve-empty-space grve-height-1x\"><\/div>[\/vc_column][vc_column width=&#8221;2\/3&#8243;]<h5 class=\"grve-element grve-title grve-align-inherit grve-h4\"><span>S\u00e9lectionnez le mode d&#8217;utilisation qui vous convient le mieux dans l&#8217;application.<\/span><\/h5>[vc_column_text]<span style=\"font-weight: 400;\">Besoin d&#8217;effectuer un relev\u00e9 complet en peu de temps?<br \/>\nChoisissez le mode <strong>AUTOMATIQUE <\/strong>: il suffit d&#8217;appuyer sur play pour que l&#8217;appareil scanne l&#8217;espace \u00e0 360\u00b0 et prenne des mesures.<br \/>\nLe r\u00e9sultat s&#8217;affiche imm\u00e9diatement sur votre \u00e9cran!<\/span><\/p>\n<p><span style=\"font-weight: 400;\">Vous voulez choisir les points avec lesquels vous allez cr\u00e9er vos reliefs ?<br \/>\nChoisissez le mode <strong>MANUEL<\/strong>: utilisez le joystick de l&#8217;App pour acqu\u00e9rir des points d&#8217;int\u00e9r\u00eat tout en \u00e9vitant facilement les obstacles.<\/span><\/p>\n<p>S\u00e9lectionnez le mode<strong> DISTANCE-METER <\/strong>pour mesurer la distance ou<br \/>\n<strong>TEMPS R\u00c9EL<\/strong> pour obtenir des mesures continues sans avoir \u00e0 appuyer sur quoi que ce soit ![\/vc_column_text][\/vc_column][\/vc_row][vc_row][vc_column width=&#8221;1\/3&#8243;]<div class=\"grve-empty-space grve-height-3x\"><\/div><h6 class=\"grve-element grve-title grve-align-inherit grve-feature-title grve-text-primary-2\"><span>RENDEZ VOTRE RELIEF UNIQUE!<\/span><\/h6>[vc_column_text]Gr\u00e2ce \u00e0 l&#8217;application, vous avez un pr\u00e9visualisation en point, auquel vous pouvez ajouter des marqueurs, des commentaires et cr\u00e9er une documentation photographique.[\/vc_column_text][\/vc_column][vc_column width=&#8221;1\/3&#8243;]<div class=\"grve-empty-space grve-height-3x\"><\/div><h6 class=\"grve-element grve-title grve-align-inherit grve-feature-title grve-text-primary-2\"><span>VOUS \u00caTES D\u00c9J\u00c0 \u00c0 LA MOITI\u00c9 DE VOTRE TRAVAIL!<\/span><\/h6>[vc_column_text]Fichier .DXF multicouche \u00e9ditable avec n&#8217;importe quel logiciel de dessin CAO:<br \/>\ncontient toutes les donn\u00e9es collect\u00e9es et la possibilit\u00e9 d&#8217;appliquer automatiquement des simplifications de relief par polyligne.[\/vc_column_text][\/vc_column][vc_column width=&#8221;1\/3&#8243; rc_link_color=&#8221;primary-3&#8243; rc_link_hover_color=&#8221;primary-3&#8243;]<div class=\"grve-empty-space grve-height-3x\"><\/div><h6 class=\"grve-element grve-title grve-align-inherit grve-feature-title grve-text-primary-2\"><span>T\u00c9L\u00c9CHARGER NOS GUIDES<\/span><\/h6>[vc_column_text css=&#8221;&#8221;]Manuel de la <a href=\"\/wp-content\/uploads\/PDF\/Manual_CUBE-Series_EN.pdf\">s\u00e9rie CUBE<\/a>[\/vc_column_text][\/vc_column][\/vc_row]<\/p>\n<\/div>","protected":false},"excerpt":{"rendered":"<p>[vc_row][vc_column][\/vc_column][vc_column width=&#8221;1\/2&#8243;][vc_column_text]Avec l&#8217;application The Metervous pouvez g\u00e9rer vos appareils de mani\u00e8re pratique \u00e0 partir de plusieurs smartphones ou tablettes, sans avoir besoin de souscrire \u00e0 un abonnement. Gr\u00e2ce \u00e0 la technologie Bluetooth, l&#8217;appareil peut fonctionner m\u00eame en l&#8217;absence de connexion Internet. Simple et intuitif Des \u00e9tapes rapides qui garantissent \u00e0 l&#8217;utilisateur une exp\u00e9rience de travail [&hellip;]<\/p>\n","protected":false},"author":13,"featured_media":0,"parent":0,"menu_order":0,"comment_status":"closed","ping_status":"closed","template":"","meta":{"inline_featured_image":false,"footnotes":""},"class_list":["post-1025955","page","type-page","status-publish","hentry","grve-entry-item"],"_links":{"self":[{"href":"https:\/\/themeter.assistenzawponline.net\/fr\/wp-json\/wp\/v2\/pages\/1025955","targetHints":{"allow":["GET"]}}],"collection":[{"href":"https:\/\/themeter.assistenzawponline.net\/fr\/wp-json\/wp\/v2\/pages"}],"about":[{"href":"https:\/\/themeter.assistenzawponline.net\/fr\/wp-json\/wp\/v2\/types\/page"}],"author":[{"embeddable":true,"href":"https:\/\/themeter.assistenzawponline.net\/fr\/wp-json\/wp\/v2\/users\/13"}],"replies":[{"embeddable":true,"href":"https:\/\/themeter.assistenzawponline.net\/fr\/wp-json\/wp\/v2\/comments?post=1025955"}],"version-history":[{"count":0,"href":"https:\/\/themeter.assistenzawponline.net\/fr\/wp-json\/wp\/v2\/pages\/1025955\/revisions"}],"wp:attachment":[{"href":"https:\/\/themeter.assistenzawponline.net\/fr\/wp-json\/wp\/v2\/media?parent=1025955"}],"curies":[{"name":"wp","href":"https:\/\/api.w.org\/{rel}","templated":true}]}}