{"id":1025806,"date":"2023-06-22T15:58:29","date_gmt":"2023-06-22T15:58:29","guid":{"rendered":"https:\/\/themeter.it\/prodotti\/banque-dalimentation\/"},"modified":"2025-01-17T15:29:01","modified_gmt":"2025-01-17T15:29:01","slug":"banque-denergie","status":"publish","type":"product","link":"https:\/\/themeter.assistenzawponline.net\/fr\/prodotti\/banque-denergie\/","title":{"rendered":"POWER BANK"},"content":{"rendered":"<p>Le POWER<strong><span style=\"color: #e30613; font-size: 0.575em;\">BANK<\/span><\/strong> vous permet de recharger vos appareils THE METER tout en les utilisant.<br \/>\nPour un maximum de deux recharges en dehors du bureau, vous pouvez l&#8217;emporter confortablement dans la poche du CUBE<strong><span style=\"color: #e30613; font-size: 0.575em;\">BAG<\/span><\/strong>.<\/p>\n","protected":false},"excerpt":{"rendered":"<h5 style=\"color: #1e1f1c; font-weight: 800;\">Chargement en mouvement<\/h5>\n<p>La banque d&#8217;\u00e9nergie Meter&#8217;s Power Bank vous permet de recharger facilement vos appareils en d\u00e9placement.<br \/>\nGr\u00e2ce aux indicateurs LED, vous pouvez conna\u00eetre le niveau de charge. Pratique et d&#8217;un design simple, c&#8217;est la solution id\u00e9ale pour recharger votre appareil m\u00eame pendant les lev\u00e9s.<\/p>\n<p><span class=\"price\"><span class=\"woocommerce-Price-amount amount\"><br \/>\n  <bdi><span class=\"woocommerce-Price-currencySymbol\">\u20ac89<\/span>,00<\/bdi><br \/>\n<\/span> <small class=\"woocommerce-price-suffix\">TVA non incluse<\/small><\/span><\/p>\n","protected":false},"featured_media":1031364,"template":"","meta":{"inline_featured_image":false},"product_brand":[],"product_cat":[82],"product_tag":[],"class_list":{"0":"post-1025806","1":"product","2":"type-product","3":"status-publish","4":"has-post-thumbnail","6":"product_cat-accessoires","7":"grve-entry-item","9":"first","10":"instock","11":"taxable","12":"shipping-taxable","13":"purchasable","14":"product-type-simple"},"_links":{"self":[{"href":"https:\/\/themeter.assistenzawponline.net\/fr\/wp-json\/wp\/v2\/product\/1025806","targetHints":{"allow":["GET"]}}],"collection":[{"href":"https:\/\/themeter.assistenzawponline.net\/fr\/wp-json\/wp\/v2\/product"}],"about":[{"href":"https:\/\/themeter.assistenzawponline.net\/fr\/wp-json\/wp\/v2\/types\/product"}],"wp:featuredmedia":[{"embeddable":true,"href":"https:\/\/themeter.assistenzawponline.net\/fr\/wp-json\/wp\/v2\/media\/1031364"}],"wp:attachment":[{"href":"https:\/\/themeter.assistenzawponline.net\/fr\/wp-json\/wp\/v2\/media?parent=1025806"}],"wp:term":[{"taxonomy":"product_brand","embeddable":true,"href":"https:\/\/themeter.assistenzawponline.net\/fr\/wp-json\/wp\/v2\/product_brand?post=1025806"},{"taxonomy":"product_cat","embeddable":true,"href":"https:\/\/themeter.assistenzawponline.net\/fr\/wp-json\/wp\/v2\/product_cat?post=1025806"},{"taxonomy":"product_tag","embeddable":true,"href":"https:\/\/themeter.assistenzawponline.net\/fr\/wp-json\/wp\/v2\/product_tag?post=1025806"}],"curies":[{"name":"wp","href":"https:\/\/api.w.org\/{rel}","templated":true}]}}