{"id":1025842,"date":"2023-04-26T15:22:57","date_gmt":"2023-04-26T15:22:57","guid":{"rendered":"https:\/\/themeter.it\/prodotti\/sac-cube\/"},"modified":"2025-01-17T15:28:12","modified_gmt":"2025-01-17T15:28:12","slug":"sac-cube","status":"publish","type":"product","link":"https:\/\/themeter.assistenzawponline.net\/fr\/prodotti\/sac-cube\/","title":{"rendered":"CUBE BAG"},"content":{"rendered":"<p>Con\u00e7ue et fabriqu\u00e9e pour la gamme de produits r\u00e9sistants aux chocs et \u00e0 l&#8217;eau de The Meter, elle est dot\u00e9e d&#8217;une poign\u00e9e ergonomique con\u00e7ue pour le transport. L&#8217;int\u00e9rieur est doubl\u00e9 de tissu, le plateau inf\u00e9rieur offre un espace pour l&#8217;appareil avec une sangle extractible pratique, la partie sup\u00e9rieure contient un conteneur pour ranger le chargeur, le c\u00e2ble et divers accessoires.<\/p>\n","protected":false},"excerpt":{"rendered":"<h5 style=\"color: #1e1f1c; font-weight: 800;\">TOUT AU BOUT DES DOIGTS !<\/h5>\n<p>Le sac unique sur mesure pour ranger et transporter en toute s\u00e9curit\u00e9 vos appareils The Meter : le chargeur de batterie, le c\u00e2ble de charge, le bloc d&#8217;alimentation et tous les autres accessoires.<\/p>\n<ul>\n<li>R\u00e9sistant \u00e0 l&#8217;eau<\/li>\n<li>Poign\u00e9e ergonomique<\/li>\n<li>Int\u00e9rieur doubl\u00e9 de tissu<\/li>\n<\/ul>\n<p><span class=\"price\"><span class=\"woocommerce-Price-amount amount\"><br \/>\n  <bdi><span class=\"woocommerce-Price-currencySymbol\">\u20ac89<\/span>,00<\/bdi><br \/>\n<\/span> <small class=\"woocommerce-price-suffix\">TVA non incluse<\/small><\/span><\/p>\n","protected":false},"featured_media":1031340,"template":"","meta":{"inline_featured_image":false},"product_brand":[],"product_cat":[82],"product_tag":[],"class_list":{"0":"post-1025842","1":"product","2":"type-product","3":"status-publish","4":"has-post-thumbnail","6":"product_cat-accessoires","7":"grve-entry-item","9":"first","10":"instock","11":"taxable","12":"shipping-taxable","13":"purchasable","14":"product-type-simple"},"_links":{"self":[{"href":"https:\/\/themeter.assistenzawponline.net\/fr\/wp-json\/wp\/v2\/product\/1025842","targetHints":{"allow":["GET"]}}],"collection":[{"href":"https:\/\/themeter.assistenzawponline.net\/fr\/wp-json\/wp\/v2\/product"}],"about":[{"href":"https:\/\/themeter.assistenzawponline.net\/fr\/wp-json\/wp\/v2\/types\/product"}],"wp:featuredmedia":[{"embeddable":true,"href":"https:\/\/themeter.assistenzawponline.net\/fr\/wp-json\/wp\/v2\/media\/1031340"}],"wp:attachment":[{"href":"https:\/\/themeter.assistenzawponline.net\/fr\/wp-json\/wp\/v2\/media?parent=1025842"}],"wp:term":[{"taxonomy":"product_brand","embeddable":true,"href":"https:\/\/themeter.assistenzawponline.net\/fr\/wp-json\/wp\/v2\/product_brand?post=1025842"},{"taxonomy":"product_cat","embeddable":true,"href":"https:\/\/themeter.assistenzawponline.net\/fr\/wp-json\/wp\/v2\/product_cat?post=1025842"},{"taxonomy":"product_tag","embeddable":true,"href":"https:\/\/themeter.assistenzawponline.net\/fr\/wp-json\/wp\/v2\/product_tag?post=1025842"}],"curies":[{"name":"wp","href":"https:\/\/api.w.org\/{rel}","templated":true}]}}