{"id":1028620,"date":"2024-09-16T00:10:43","date_gmt":"2024-09-16T00:10:43","guid":{"rendered":"https:\/\/themeter.it\/prodotti\/cube2-lt\/"},"modified":"2025-01-17T15:33:42","modified_gmt":"2025-01-17T15:33:42","slug":"cube2-lt","status":"publish","type":"product","link":"https:\/\/themeter.assistenzawponline.net\/fr\/prodotti\/cube2-lt\/","title":{"rendered":"CUBE<span class=\"cube-2\" style=\"font-size: 1.12em; color: #e30613;\">2<\/span> LT"},"content":{"rendered":"<div class=\"wpb-content-wrapper\"><p>[vc_row][vc_column]<h3 class=\"grve-element grve-title grve-align-inherit grve-h3 grve-with-line grve-top-line grve-text-primary-1\"><span>FAQ<\/span><span class=\"grve-title-line grve-bg-primary-1\" style=\"width: 50px;height: 2px;\"><\/span><\/h3>[vc_tta_accordion title_tag=&#8221;h4&#8243; active_section=&#8221;1&#8243;][vc_tta_section title=&#8221;1. Comment faire pour mettre \u00e0 jour mon dispositif?&#8221;][vc_column_text el_class=&#8221;faq-risp-color&#8221;]Les mises \u00e0 jour de l&#8217;application mobile seront automatiquement notifi\u00e9es et disponibles sur AppStore et PlayStore, tandis que les mises \u00e0 jour du firmware du produit seront notifi\u00e9es via l&#8217;application et disponibles via l&#8217;application &#8220;The Meter &#8211; Doctor&#8221; sur les store concern\u00e9s.[\/vc_column_text][\/vc_tta_section][vc_tta_section title=&#8221;2. Comment se comporte-t-il avec les surfaces vitr\u00e9es\/transparentes\/semi-transparentes\/lucide?&#8221; tab_id=&#8221;1681833947245-a0a6943a-09f8&#8243;][vc_column_text el_class=&#8221;faq-risp-color&#8221;]Gr\u00e2ce \u00e0 son syst\u00e8me de double d\u00e9tection, The Meter capture la plupart des surfaces. Les surfaces transparentes ou r\u00e9fl\u00e9chissantes sont les plus probl\u00e9matiques.[\/vc_column_text][\/vc_tta_section][vc_tta_section title=&#8221;3. Quel est le degr\u00e9 de pr\u00e9cision de la mesure effectu\u00e9e ?&#8221; tab_id=&#8221;1681834357713-83309e49-5d8f&#8221;][vc_column_text el_class=&#8221;faq-risp-color&#8221;]CUBE PRO acquiert un point tous les 0,225 degr\u00e9s, soit un total de 1600 points jusqu&#8217;\u00e0 une distance de 60 m\u00e8tres. Le Cube 2 acquiert un point tous les 0,1125 degr\u00e9s, soit un total de 3200 points jusqu&#8217;\u00e0 une distance de 60 m\u00e8tres.[\/vc_column_text][\/vc_tta_section][vc_tta_section title=&#8221;4. Quel type de fichier est g\u00e9n\u00e9r\u00e9 par The Meter ?&#8221; tab_id=&#8221;1681834385004-986f3215-395c&#8221;][vc_column_text el_class=&#8221;faq-risp-color&#8221;]Le fichier g\u00e9n\u00e9r\u00e9 est un .DXF multilayer, avec l&#8217;ajout de 3 niveaux de simplification, compatible et \u00e9ditable par tous les programmes de dessin. Pour t\u00e9l\u00e9charger un exemple d&#8217;enqu\u00eate au format .DXF, voir Support &#8211; Documentation &#8211; Technique &#8211; Exemples de relev\u00e9[\/vc_column_text][\/vc_tta_section][vc_tta_section title=&#8221;5. Quelle est la port\u00e9e de l&apos;appareil ?&#8221; tab_id=&#8221;1681834424106-b141b2b8-d96d&#8221;][vc_column_text el_class=&#8221;faq-risp-color&#8221;]Les dispositif The Meter, en version Cube Pro et Cube 2, en mode automatique et en utilisant le laser transparent, atteignent une port\u00e9e maximale de 60 m\u00e8tres, qui double lorsque l&#8217;appareil est plac\u00e9 au centre de la pi\u00e8ce.[\/vc_column_text][\/vc_tta_section][vc_tta_section title=&#8221;6. Est-ce que nous avons l&apos;opportunit\u00e9 de faire des relev\u00e9s a l&apos;exterieur?&#8221; tab_id=&#8221;1681834451234-75cc4a9e-0957&#8243;][vc_column_text el_class=&#8221;faq-risp-color&#8221;]The Meter est adapt\u00e9 \u00e0 relever des espaces int\u00e9rieurs et ext\u00e9rieurs.[\/vc_column_text][\/vc_tta_section][vc_tta_section title=&#8221;7. Les chambres doivent-elles \u00eatre vides?&#8221; tab_id=&#8221;1681834479247-0d24e13a-84a7&#8243;][vc_column_text el_class=&#8221;faq-risp-color&#8221;]Non, en pr\u00e9sence d&#8217;obstacles, en mode automatique, sera suffisant placer le dispositif dans la position suivante pour qu&#8217;il d\u00e9tecte les points rest\u00e9s cach\u00e9s. En mode manuel, il est possible de capturer des points d&#8217;int\u00e9r\u00eat individuels en \u00e9vitant les obstacles.[\/vc_column_text][\/vc_tta_section][vc_tta_section title=&#8221;8. Peut-il \u00e9galement fonctionner \u00e0 la verticale ?&#8221; tab_id=&#8221;1681834508473-114f993d-1765&#8243;][vc_column_text el_class=&#8221;faq-risp-color&#8221;]Bien s\u00fbr. Gr\u00e2ce \u00e0 la vis de tr\u00e9pied, \u00e0 la bulle lat\u00e9rale et \u00e0 l&#8217;acc\u00e9l\u00e9rom\u00e8tre d&#8217;alignement, le Meter peut \u00eatre positionn\u00e9 verticalement pour mesurer la section.[\/vc_column_text][\/vc_tta_section][vc_tta_section title=&#8221;9. Comment les lectures sont-elles sauv\u00e9es ?&#8221; tab_id=&#8221;1681834542402-37c7a12b-f1be&#8221;][vc_column_text el_class=&#8221;faq-risp-color&#8221;]Les relev\u00e9s sont enregistr\u00e9s sur l&#8217;application dans le menu Projets, en utilisant l&#8217;espace disponible sur votre smartphone ou tablette.[\/vc_column_text][\/vc_tta_section][vc_tta_section title=&#8221;10. Les appareils The Meter peuvent-ils connecter plusieurs chambres?&#8221; tab_id=&#8221;1681834569710-9404c3a6-df54&#8243;][vc_column_text el_class=&#8221;faq-risp-color&#8221;]Gr\u00e2ce \u00e0 la fonction multiscan, The Meter peut unir plusieurs chambres. Regardez la vid\u00e9o sur YouTube ou t\u00e9l\u00e9chargez nos guides[\/vc_column_text][\/vc_tta_section][vc_tta_section title=&#8221;11. Est-il possible de personnaliser le relev\u00e9 en y ins\u00e9rant des ic\u00f4nes?&#8221; tab_id=&#8221;1686156243366-ef6be2eb-ee60&#8243;][vc_column_text el_class=&#8221;faq-risp-color&#8221;]Bien s\u00fbr! En mode automatique, vous pouvez ins\u00e9rer des markers sur le plan et des commentaires \u00e9ventuels, qui seront ins\u00e9r\u00e9s dans le fichier .DXF dans une niveau sp\u00e9ciale appel\u00e9e &#8220;Marker&#8221;. Choisissez le mode qui vous convient le mieux![\/vc_column_text][\/vc_tta_section][vc_tta_section title=&#8221;12. Est-il possible de cr\u00e9er une documentation photographique pour le relev\u00e9?&#8221; tab_id=&#8221;1690546448355-89541942-7b9a&#8221;][vc_column_text el_class=&#8221;faq-risp-color&#8221;]Oui! Une fois le relev\u00e9 effectu\u00e9 en mode automatique, il est possible de cr\u00e9er une documentation photographique \u00e0 l&#8217;appui du travail. Choisissez les points du relief que vous voulez enrichir d&#8217;images et prenez des photos (via la section Marker ). Choisissez le mode d&#8217;exportation du relev\u00e9. 1. Classic: les enqu\u00eates sont export\u00e9es au format DXF classique. 2. Classic + Images: les relev\u00e9s au format .DXF et les images prises seront export\u00e9s dans un seul fichier zip. 3. NextGen: les relev\u00e9s au format .DXF avec les images prises \u00e0 l&#8217;int\u00e9rieur seront export\u00e9s dans un seul fichier zip.[\/vc_column_text][\/vc_tta_section][vc_tta_section title=&#8221;13. POURQUOI JE NE VOIS PAS LA DOCUMENTATION PHOTOGRAPHIQUE DANS LE RELEV\u00c9 NEXTGEN?&#8221; tab_id=&#8221;1690900203604-4b4b714f-5883&#8243;][vc_column_text el_class=&#8221;faq-risp-color&#8221;]Les performances d\u00e9pendent du programme de CAD utilis\u00e9 et de sa version. Si votre logiciel de CAD ne prend pas en charge les images dans le fichier .DXF, vous pouvez exporter le fichier dans le mode &#8220;Classique + Images&#8221; que nous avons d\u00e9velopp\u00e9 pour vous donner la possibilit\u00e9 d&#8217;avoir les images dans le fichier zip avec un nom de r\u00e9f\u00e9rence indiquant la position dans le fichier .DXF.<br \/>\n[\/vc_column_text][\/vc_tta_section][\/vc_tta_accordion][\/vc_column][\/vc_row]<\/p>\n<\/div>","protected":false},"excerpt":{"rendered":"<p><span style=\"vertical-align: inherit;\">CUBE<\/span><span class=\"cube-2\" style=\"font-size: 1.12em; color: #e30613;\">2<\/span> LT <strong>L&#8217;appareil 2D<\/strong> id\u00e9al pour les lev\u00e9s <strong>de pr\u00e9cision<\/strong> jusqu&#8217;\u00e0 20 m. Gr\u00e2ce au capteur laser, il garantit une pr\u00e9cision millim\u00e9trique \u00e0 chaque balayage.  Pour plus d&#8217;informations sur le produit et sa fiche technique: [vc_row padding_top_multiplier=&#8221;&#8221; padding_bottom_multiplier=&#8221;&#8221;][vc_column vertical_content_position=&#8221;middle&#8221;][impeka_button btn_text=\"Panoramica\" btn_hover_color_gradient=\"primary-3\" btn_link=\"url:https%3A%2F%2Fthemeter.it%2Fcube-2-lt-panoramica%2F\"][\/vc_column]<br \/>\n<br \/>\n<span class=\"woocommerce-Price-amount amoun\"><strong>\u20ac 1369,00 <\/strong><bdi><\/bdi><\/span> <small class=\"woocommerce-price-suffix\">TVA non incluse<\/small><\/p>\n","protected":false},"featured_media":1031316,"template":"","meta":{"inline_featured_image":false},"product_brand":[],"product_cat":[83],"product_tag":[],"class_list":{"0":"post-1028620","1":"product","2":"type-product","3":"status-publish","4":"has-post-thumbnail","6":"product_cat-laser-2d-fr","7":"grve-entry-item","9":"first","10":"instock","11":"taxable","12":"shipping-taxable","13":"purchasable","14":"product-type-simple"},"_links":{"self":[{"href":"https:\/\/themeter.assistenzawponline.net\/fr\/wp-json\/wp\/v2\/product\/1028620","targetHints":{"allow":["GET"]}}],"collection":[{"href":"https:\/\/themeter.assistenzawponline.net\/fr\/wp-json\/wp\/v2\/product"}],"about":[{"href":"https:\/\/themeter.assistenzawponline.net\/fr\/wp-json\/wp\/v2\/types\/product"}],"wp:featuredmedia":[{"embeddable":true,"href":"https:\/\/themeter.assistenzawponline.net\/fr\/wp-json\/wp\/v2\/media\/1031316"}],"wp:attachment":[{"href":"https:\/\/themeter.assistenzawponline.net\/fr\/wp-json\/wp\/v2\/media?parent=1028620"}],"wp:term":[{"taxonomy":"product_brand","embeddable":true,"href":"https:\/\/themeter.assistenzawponline.net\/fr\/wp-json\/wp\/v2\/product_brand?post=1028620"},{"taxonomy":"product_cat","embeddable":true,"href":"https:\/\/themeter.assistenzawponline.net\/fr\/wp-json\/wp\/v2\/product_cat?post=1028620"},{"taxonomy":"product_tag","embeddable":true,"href":"https:\/\/themeter.assistenzawponline.net\/fr\/wp-json\/wp\/v2\/product_tag?post=1028620"}],"curies":[{"name":"wp","href":"https:\/\/api.w.org\/{rel}","templated":true}]}}